{"id":5278,"date":"2022-05-27T22:07:48","date_gmt":"2022-05-28T04:07:48","guid":{"rendered":"https:\/\/dev.tecdemexico.edu.mx\/?page_id=5278"},"modified":"2022-06-10T12:19:50","modified_gmt":"2022-06-10T18:19:50","slug":"bachillerato-a-distancia-unam","status":"publish","type":"page","link":"https:\/\/tecdemexico.edu.mx\/?page_id=5278","title":{"rendered":"BACHILLERATO A DISTANCIA UNAM"},"content":{"rendered":"<p>[vc_row type=\u00bbvc_default\u00bb][vc_column css=\u00bb.vc_custom_1498229431694{padding-bottom: 50px !important;}\u00bb]<div id=\"ultimate-heading-481469e0fb2cebd75\" class=\"uvc-heading ult-adjust-bottom-margin ultimate-heading-481469e0fb2cebd75 uvc-4637 \" data-hspacer=\"no_spacer\"  data-halign=\"left\" style=\"text-align:left\"><div class=\"uvc-heading-spacer no_spacer\" style=\"top\"><\/div><div class=\"uvc-main-heading ult-responsive\"  data-ultimate-target='.uvc-heading.ultimate-heading-481469e0fb2cebd75 h2'  data-responsive-json-new='{\"font-size\":\"desktop:26px;\",\"line-height\":\"desktop:32px;\"}' ><h2 style=\"font-weight:bold;margin-bottom:20px;\">BENEFICIOS DEL BACHILLERATO A DISTANCIA UNAM B@UNAM<\/h2><\/div><\/div>[vc_column_text]<\/p>\n<h2><span style=\"color: #ffb536;\"><strong>Acuerdo-CIREyTG N\u00fam. 14\/21 del 30\/11\/2021 Clave de Incorporaci\u00f3n B410<\/strong><\/span><\/h2>\n<p>Programa de bachillerato 100% en l\u00ednea operado por la m\u00e1xima casa de estudios. Termina en 2 a\u00f1os tu prepa.<\/p>\n<p>En el Colegio Tecnol\u00f3gico de M\u00e9xico nos modernizamos de la mano de la UNAM y estamos listos para recibirte con los brazos abiertos.[\/vc_column_text]<div class=\"standard-arrow bullet-top\"><ul>\n<li>Reconocimiento de Validez Oficial UNAM<\/li>\n<li>Certificado UNAM en 2 a\u00f1os.<\/li>\n<li>Becas disponibles<\/li>\n<\/ul>\n<\/div><div id=\"ultimate-heading-487669e0fb2cebe9a\" class=\"uvc-heading ult-adjust-bottom-margin ultimate-heading-487669e0fb2cebe9a uvc-1175 \" data-hspacer=\"no_spacer\"  data-halign=\"left\" style=\"text-align:left\"><div class=\"uvc-heading-spacer no_spacer\" style=\"top\"><\/div><div class=\"uvc-main-heading ult-responsive\"  data-ultimate-target='.uvc-heading.ultimate-heading-487669e0fb2cebe9a h2'  data-responsive-json-new='{\"font-size\":\"desktop:26px;\",\"line-height\":\"desktop:32px;\"}' ><h2 style=\"font-weight:bold;margin-bottom:20px;\">NUESTRA OFERTA<\/h2><\/div><\/div><div class=\"smile_icon_list_wrap ult_info_list_container ult-adjust-bottom-margin   vc_custom_1498230419199\"><ul class=\"smile_icon_list left hexagon\"><li class=\"icon_list_item\" style=\" font-size:60px;\"><div class=\"icon_list_icon\" data-animation=\"\" data-animation-delay=\"03\" style=\"font-size:20px;background:#ffb536;color:#ffffff;border-color:#ffb536;\"><i class=\"icomoon-free-social-contact-16x16-pencil\" ><\/i><\/div><div class=\"icon_description\" id=\"Info-list-wrap-3797\" style=\"font-size:20px;\"><h3 class=\"ult-responsive info-list-heading\"  data-ultimate-target='#Info-list-wrap-3797 h3'  data-responsive-json-new='{\"font-size\":\"desktop:16px;\",\"line-height\":\"desktop:22px;\"}'  style=\"font-family:&#039;Open Sans Condensed&#039;;font-weight:700;\">1. Conoce el Programa.<\/h3><div class=\"icon_description_text ult-responsive\"  data-ultimate-target='#Info-list-wrap-3797 .icon_description_text'  data-responsive-json-new='{\"font-size\":\"desktop:12px;\",\"line-height\":\"desktop:20px;\"}'  style=\"\"><p>Los egresados de B@UNAM contar\u00e1n con una preparaci\u00f3n basada en una cultura cient\u00edfica y humanista que les permitir\u00e1 ingresar a instituciones de nivel superior y cursar estudios en cualquier campo.<\/p>\n<\/div><\/div><div class=\"icon_list_connector\"  style=\"border-right-width: 1px;border-right-style: dashed;border-color: #ffb536;\"><\/div><\/li><li class=\"icon_list_item\" style=\" font-size:60px;\"><div class=\"icon_list_icon\" data-animation=\"\" data-animation-delay=\"03\" style=\"font-size:20px;background:#ffb536;color:#ffffff;border-color:#ffb536;\"><i class=\"fas fa-people-carry\" ><\/i><\/div><div class=\"icon_description\" id=\"Info-list-wrap-3191\" style=\"font-size:20px;\"><h3 class=\"ult-responsive info-list-heading\"  data-ultimate-target='#Info-list-wrap-3191 h3'  data-responsive-json-new='{\"font-size\":\"desktop:16px;\",\"line-height\":\"desktop:22px;\"}'  style=\"font-family:&#039;Open Sans Condensed&#039;;font-weight:700;\">2. Soporte.<\/h3><div class=\"icon_description_text ult-responsive\"  data-ultimate-target='#Info-list-wrap-3191 .icon_description_text'  data-responsive-json-new='{\"font-size\":\"desktop:12px;\",\"line-height\":\"desktop:20px;\"}'  style=\"\"><p>Tendr\u00e1s el apoyo de asesores y tutores a distancia, altamente calificados, quienes te acompa\u00f1an durante tu proceso de aprendizaje.<\/p>\n<\/div><\/div><div class=\"icon_list_connector\"  style=\"border-right-width: 1px;border-right-style: dashed;border-color: #ffb536;\"><\/div><\/li><li class=\"icon_list_item\" style=\" font-size:60px;\"><div class=\"icon_list_icon\" data-animation=\"\" data-animation-delay=\"03\" style=\"font-size:20px;background:#ffb536;color:#ffffff;border-color:#ffb536;\"><i class=\"icomoon-the7-font-the7-clock-01\" ><\/i><\/div><div class=\"icon_description\" id=\"Info-list-wrap-9887\" style=\"font-size:20px;\"><h3 class=\"ult-responsive info-list-heading\"  data-ultimate-target='#Info-list-wrap-9887 h3'  data-responsive-json-new='{\"font-size\":\"desktop:16px;\",\"line-height\":\"desktop:22px;\"}'  style=\"font-family:&#039;Open Sans Condensed&#039;;font-weight:700;\">3. Duraci\u00f3n.<\/h3><div class=\"icon_description_text ult-responsive\"  data-ultimate-target='#Info-list-wrap-9887 .icon_description_text'  data-responsive-json-new='{\"font-size\":\"desktop:12px;\",\"line-height\":\"desktop:20px;\"}'  style=\"\"><p>El programa tiene una duraci\u00f3n de dos a\u00f1os. Inicio de clases: Mayo 2022 \/ Septiembre 2022.<\/p>\n<\/div><\/div><div class=\"icon_list_connector\"  style=\"border-right-width: 1px;border-right-style: dashed;border-color: #ffb536;\"><\/div><\/li><li class=\"icon_list_item\" style=\" font-size:60px;\"><div class=\"icon_list_icon\" data-animation=\"\" data-animation-delay=\"03\" style=\"font-size:20px;background:#ffb536;color:#ffffff;border-color:#ffb536;\"><i class=\"fas fa-lightbulb\" ><\/i><\/div><div class=\"icon_description\" id=\"Info-list-wrap-2742\" style=\"font-size:20px;\"><h3 class=\"ult-responsive info-list-heading\"  data-ultimate-target='#Info-list-wrap-2742 h3'  data-responsive-json-new='{\"font-size\":\"desktop:16px;\",\"line-height\":\"desktop:22px;\"}'  style=\"font-family:&#039;Open Sans Condensed&#039;;font-weight:700;\">4. Metodolog\u00eda Innovadora.<\/h3><div class=\"icon_description_text ult-responsive\"  data-ultimate-target='#Info-list-wrap-2742 .icon_description_text'  data-responsive-json-new='{\"font-size\":\"desktop:12px;\",\"line-height\":\"desktop:20px;\"}'  style=\"\"><p>El B@UNAM es un bachillerato en l\u00ednea, por ello el alumno puede estudiar desde cualquier computadora conectada a Internet y en los horarios que decida, pero debe cumplir, en el periodo establecido, el calendario respectivo<\/p>\n<\/div><\/div><div class=\"icon_list_connector\"  style=\"border-right-width: 1px;border-right-style: dashed;border-color: #ffb536;\"><\/div><\/li><li class=\"icon_list_item\" style=\" font-size:60px;\"><div class=\"icon_list_icon\" data-animation=\"\" data-animation-delay=\"03\" style=\"font-size:20px;background:#ffb536;color:#ffffff;border-color:#ffb536;\"><i class=\"fas fa-chart-bar\" ><\/i><\/div><div class=\"icon_description\" id=\"Info-list-wrap-2020\" style=\"font-size:20px;\"><h3 class=\"ult-responsive info-list-heading\"  data-ultimate-target='#Info-list-wrap-2020 h3'  data-responsive-json-new='{\"font-size\":\"desktop:16px;\",\"line-height\":\"desktop:22px;\"}'  style=\"font-family:&#039;Open Sans Condensed&#039;;font-weight:700;\">5. Dise\u00f1o Curricular.<\/h3><div class=\"icon_description_text ult-responsive\"  data-ultimate-target='#Info-list-wrap-2020 .icon_description_text'  data-responsive-json-new='{\"font-size\":\"desktop:12px;\",\"line-height\":\"desktop:20px;\"}'  style=\"\"><p>Un eje transversal de habilidades, actitudes y valores, considerado indispensable para la formaci\u00f3n de un bachiller, atraviesa todas las asignaturas.<\/p>\n<\/div><\/div><div class=\"icon_list_connector\"  style=\"border-right-width: 1px;border-right-style: dashed;border-color: #ffb536;\"><\/div><\/li><li class=\"icon_list_item\" style=\" font-size:60px;\"><div class=\"icon_list_icon\" data-animation=\"\" data-animation-delay=\"03\" style=\"font-size:20px;background:#ffb536;color:#ffffff;border-color:#ffb536;\"><i class=\"fas fa-coins\" ><\/i><\/div><div class=\"icon_description\" id=\"Info-list-wrap-1247\" style=\"font-size:20px;\"><h3 class=\"ult-responsive info-list-heading\"  data-ultimate-target='#Info-list-wrap-1247 h3'  data-responsive-json-new='{\"font-size\":\"desktop:16px;\",\"line-height\":\"desktop:22px;\"}'  style=\"font-family:&#039;Open Sans Condensed&#039;;font-weight:700;\">6. Accesible.<\/h3><div class=\"icon_description_text ult-responsive\"  data-ultimate-target='#Info-list-wrap-1247 .icon_description_text'  data-responsive-json-new='{\"font-size\":\"desktop:12px;\",\"line-height\":\"desktop:20px;\"}'  style=\"\"><p>Hacemos todo lo posible por llevarte programas de calidad al mejor precio.<\/p>\n<\/div><\/div><div class=\"icon_list_connector\"  style=\"border-right-width: 1px;border-right-style: dashed;border-color: #ffb536;\"><\/div><\/li><\/ul><\/div>[vc_empty_space]<div id=\"ultimate-heading-855169e0fb2cec3ab\" class=\"uvc-heading ult-adjust-bottom-margin ultimate-heading-855169e0fb2cec3ab uvc-6140 \" data-hspacer=\"no_spacer\"  data-halign=\"left\" style=\"text-align:left\"><div class=\"uvc-heading-spacer no_spacer\" style=\"top\"><\/div><div class=\"uvc-main-heading ult-responsive\"  data-ultimate-target='.uvc-heading.ultimate-heading-855169e0fb2cec3ab h2'  data-responsive-json-new='{\"font-size\":\"desktop:26px;\",\"line-height\":\"desktop:32px;\"}' ><h2 style=\"font-weight:bold;margin-bottom:20px;\">CONOCE TU PLAN DE ESTUDIOS<\/h2><\/div><\/div><div class=\"standard-arrow bullet-top\"><ul>\n<li><a href=\"https:\/\/www.bunam.unam.mx\/estructura_curricular.php\" target=\"_blank\" rel=\"noopener\">Da click aqu\u00ed.<\/a><\/li>\n<\/ul>\n<\/div>[\/vc_column][\/vc_row]<\/p>\n","protected":false},"excerpt":{"rendered":"<p>[vc_row type=\u00bbvc_default\u00bb][vc_column css=\u00bb.vc_custom_1498229431694{padding-bottom: 50px !important;}\u00bb][vc_column_text] Acuerdo-CIREyTG N\u00fam. 14\/21 del 30\/11\/2021 Clave de Incorporaci\u00f3n B410 Programa de bachillerato 100% en l\u00ednea operado por la m\u00e1xima casa de estudios. Termina en 2 a\u00f1os tu prepa. En el Colegio Tecnol\u00f3gico de M\u00e9xico nos modernizamos de la mano de la UNAM y estamos listos para recibirte con los brazos&hellip;<\/p>\n","protected":false},"author":1,"featured_media":0,"parent":0,"menu_order":100,"comment_status":"closed","ping_status":"closed","template":"","meta":{"om_disable_all_campaigns":false,"_monsterinsights_skip_tracking":false,"_monsterinsights_sitenote_active":false,"_monsterinsights_sitenote_note":"","_monsterinsights_sitenote_category":0,"footnotes":""},"class_list":["post-5278","page","type-page","status-publish","hentry","description-off"],"yoast_head":"<!-- This site is optimized with the Yoast SEO plugin v19.1 - https:\/\/yoast.com\/wordpress\/plugins\/seo\/ -->\n<title>BACHILLERATO A DISTANCIA UNAM - Tec de Mexico<\/title>\n<meta name=\"robots\" content=\"index, follow, max-snippet:-1, max-image-preview:large, max-video-preview:-1\" \/>\n<link rel=\"canonical\" href=\"https:\/\/tecdemexico.edu.mx\/?page_id=5278\" \/>\n<meta property=\"og:locale\" content=\"es_ES\" \/>\n<meta property=\"og:type\" content=\"article\" \/>\n<meta property=\"og:title\" content=\"BACHILLERATO A DISTANCIA UNAM - Tec de Mexico\" \/>\n<meta property=\"og:description\" content=\"[vc_row type=\u00bbvc_default\u00bb][vc_column css=\u00bb.vc_custom_1498229431694{padding-bottom: 50px !important;}\u00bb][vc_column_text] Acuerdo-CIREyTG N\u00fam. 14\/21 del 30\/11\/2021 Clave de Incorporaci\u00f3n B410 Programa de bachillerato 100% en l\u00ednea operado por la m\u00e1xima casa de estudios. Termina en 2 a\u00f1os tu prepa. En el Colegio Tecnol\u00f3gico de M\u00e9xico nos modernizamos de la mano de la UNAM y estamos listos para recibirte con los brazos&hellip;\" \/>\n<meta property=\"og:url\" content=\"https:\/\/tecdemexico.edu.mx\/?page_id=5278\" \/>\n<meta property=\"og:site_name\" content=\"Tec de Mexico\" \/>\n<meta property=\"article:modified_time\" content=\"2022-06-10T18:19:50+00:00\" \/>\n<meta name=\"twitter:card\" content=\"summary_large_image\" \/>\n<meta name=\"twitter:label1\" content=\"Tiempo de lectura\" \/>\n\t<meta name=\"twitter:data1\" content=\"2 minutos\" \/>\n<script type=\"application\/ld+json\" class=\"yoast-schema-graph\">{\"@context\":\"https:\/\/schema.org\",\"@graph\":[{\"@type\":\"WebSite\",\"@id\":\"https:\/\/tecdemexico.edu.mx\/#website\",\"url\":\"https:\/\/tecdemexico.edu.mx\/\",\"name\":\"Tec de Mexico\",\"description\":\"Colegio Tecnol\u00f3gico de M\u00e9xico\",\"potentialAction\":[{\"@type\":\"SearchAction\",\"target\":{\"@type\":\"EntryPoint\",\"urlTemplate\":\"https:\/\/tecdemexico.edu.mx\/?s={search_term_string}\"},\"query-input\":\"required name=search_term_string\"}],\"inLanguage\":\"es\"},{\"@type\":\"WebPage\",\"@id\":\"https:\/\/tecdemexico.edu.mx\/?page_id=5278#webpage\",\"url\":\"https:\/\/tecdemexico.edu.mx\/?page_id=5278\",\"name\":\"BACHILLERATO A DISTANCIA UNAM - Tec de Mexico\",\"isPartOf\":{\"@id\":\"https:\/\/tecdemexico.edu.mx\/#website\"},\"datePublished\":\"2022-05-28T04:07:48+00:00\",\"dateModified\":\"2022-06-10T18:19:50+00:00\",\"breadcrumb\":{\"@id\":\"https:\/\/tecdemexico.edu.mx\/?page_id=5278#breadcrumb\"},\"inLanguage\":\"es\",\"potentialAction\":[{\"@type\":\"ReadAction\",\"target\":[\"https:\/\/tecdemexico.edu.mx\/?page_id=5278\"]}]},{\"@type\":\"BreadcrumbList\",\"@id\":\"https:\/\/tecdemexico.edu.mx\/?page_id=5278#breadcrumb\",\"itemListElement\":[{\"@type\":\"ListItem\",\"position\":1,\"name\":\"Portada\",\"item\":\"https:\/\/tecdemexico.edu.mx\/\"},{\"@type\":\"ListItem\",\"position\":2,\"name\":\"BACHILLERATO A DISTANCIA UNAM\"}]}]}<\/script>\n<!-- \/ Yoast SEO plugin. -->","yoast_head_json":{"title":"BACHILLERATO A DISTANCIA UNAM - Tec de Mexico","robots":{"index":"index","follow":"follow","max-snippet":"max-snippet:-1","max-image-preview":"max-image-preview:large","max-video-preview":"max-video-preview:-1"},"canonical":"https:\/\/tecdemexico.edu.mx\/?page_id=5278","og_locale":"es_ES","og_type":"article","og_title":"BACHILLERATO A DISTANCIA UNAM - Tec de Mexico","og_description":"[vc_row type=\u00bbvc_default\u00bb][vc_column css=\u00bb.vc_custom_1498229431694{padding-bottom: 50px !important;}\u00bb][vc_column_text] Acuerdo-CIREyTG N\u00fam. 14\/21 del 30\/11\/2021 Clave de Incorporaci\u00f3n B410 Programa de bachillerato 100% en l\u00ednea operado por la m\u00e1xima casa de estudios. Termina en 2 a\u00f1os tu prepa. En el Colegio Tecnol\u00f3gico de M\u00e9xico nos modernizamos de la mano de la UNAM y estamos listos para recibirte con los brazos&hellip;","og_url":"https:\/\/tecdemexico.edu.mx\/?page_id=5278","og_site_name":"Tec de Mexico","article_modified_time":"2022-06-10T18:19:50+00:00","twitter_card":"summary_large_image","twitter_misc":{"Tiempo de lectura":"2 minutos"},"schema":{"@context":"https:\/\/schema.org","@graph":[{"@type":"WebSite","@id":"https:\/\/tecdemexico.edu.mx\/#website","url":"https:\/\/tecdemexico.edu.mx\/","name":"Tec de Mexico","description":"Colegio Tecnol\u00f3gico de M\u00e9xico","potentialAction":[{"@type":"SearchAction","target":{"@type":"EntryPoint","urlTemplate":"https:\/\/tecdemexico.edu.mx\/?s={search_term_string}"},"query-input":"required name=search_term_string"}],"inLanguage":"es"},{"@type":"WebPage","@id":"https:\/\/tecdemexico.edu.mx\/?page_id=5278#webpage","url":"https:\/\/tecdemexico.edu.mx\/?page_id=5278","name":"BACHILLERATO A DISTANCIA UNAM - Tec de Mexico","isPartOf":{"@id":"https:\/\/tecdemexico.edu.mx\/#website"},"datePublished":"2022-05-28T04:07:48+00:00","dateModified":"2022-06-10T18:19:50+00:00","breadcrumb":{"@id":"https:\/\/tecdemexico.edu.mx\/?page_id=5278#breadcrumb"},"inLanguage":"es","potentialAction":[{"@type":"ReadAction","target":["https:\/\/tecdemexico.edu.mx\/?page_id=5278"]}]},{"@type":"BreadcrumbList","@id":"https:\/\/tecdemexico.edu.mx\/?page_id=5278#breadcrumb","itemListElement":[{"@type":"ListItem","position":1,"name":"Portada","item":"https:\/\/tecdemexico.edu.mx\/"},{"@type":"ListItem","position":2,"name":"BACHILLERATO A DISTANCIA UNAM"}]}]}},"_links":{"self":[{"href":"https:\/\/tecdemexico.edu.mx\/index.php?rest_route=\/wp\/v2\/pages\/5278","targetHints":{"allow":["GET"]}}],"collection":[{"href":"https:\/\/tecdemexico.edu.mx\/index.php?rest_route=\/wp\/v2\/pages"}],"about":[{"href":"https:\/\/tecdemexico.edu.mx\/index.php?rest_route=\/wp\/v2\/types\/page"}],"author":[{"embeddable":true,"href":"https:\/\/tecdemexico.edu.mx\/index.php?rest_route=\/wp\/v2\/users\/1"}],"replies":[{"embeddable":true,"href":"https:\/\/tecdemexico.edu.mx\/index.php?rest_route=%2Fwp%2Fv2%2Fcomments&post=5278"}],"version-history":[{"count":23,"href":"https:\/\/tecdemexico.edu.mx\/index.php?rest_route=\/wp\/v2\/pages\/5278\/revisions"}],"predecessor-version":[{"id":6073,"href":"https:\/\/tecdemexico.edu.mx\/index.php?rest_route=\/wp\/v2\/pages\/5278\/revisions\/6073"}],"wp:attachment":[{"href":"https:\/\/tecdemexico.edu.mx\/index.php?rest_route=%2Fwp%2Fv2%2Fmedia&parent=5278"}],"curies":[{"name":"wp","href":"https:\/\/api.w.org\/{rel}","templated":true}]}}