{"id":5283,"date":"2022-05-27T22:11:35","date_gmt":"2022-05-28T04:11:35","guid":{"rendered":"https:\/\/dev.tecdemexico.edu.mx\/?page_id=5283"},"modified":"2022-07-01T19:59:39","modified_gmt":"2022-07-02T01:59:39","slug":"bachilleratos-ipn","status":"publish","type":"page","link":"https:\/\/tecdemexico.edu.mx\/?page_id=5283","title":{"rendered":"BACHILLERATOS IPN"},"content":{"rendered":"<p>[vc_row type=\u00bbvc_default\u00bb][vc_column css=\u00bb.vc_custom_1498229431694{padding-bottom: 50px !important;}\u00bb]<div id=\"ultimate-heading-965469ee9a1b6ab8d\" class=\"uvc-heading ult-adjust-bottom-margin ultimate-heading-965469ee9a1b6ab8d uvc-5765 \" data-hspacer=\"no_spacer\"  data-halign=\"left\" style=\"text-align:left\"><div class=\"uvc-heading-spacer no_spacer\" style=\"top\"><\/div><div class=\"uvc-main-heading ult-responsive\"  data-ultimate-target='.uvc-heading.ultimate-heading-965469ee9a1b6ab8d h2'  data-responsive-json-new='{\"font-size\":\"desktop:26px;\",\"line-height\":\"desktop:32px;\"}' ><h2 style=\"font-weight:bold;margin-bottom:20px;\">BENEFICIOS DEL BACHILLERATO IPN<\/h2><\/div><\/div>[vc_column_text]<\/p>\n<h2><span style=\"color: #ffb536;\"><strong>Administraci\u00f3n &#8211; A-RVOE-DG-NMS\/013\/01<br \/>\n<\/strong><\/span><span style=\"color: #ffb536;\"><strong>Inform\u00e1tica &#8211; A-RVOE-DG-NMS\/014\/01<br \/>\nContadur\u00eda &#8211; A-RVOE-DG-NMS\/015\/01<br \/>\nComercio &#8211; A-RVOE-DG-NMS\/016\/01<\/strong><\/span><\/h2>\n<p>Contamos con el aval del IPN para impartir su programa de bachillerato. Podr\u00e1s revalidar todo tu avance en caso de que entres posteriormente al IPN.<\/p>\n<p>El Bachillerato del IPN es bivalente ya que, adem\u00e1s de obtener formaci\u00f3n t\u00e9cnica en la que obtienes T\u00edtulo de T\u00e9cnico y C\u00e9dula Profesional, te permite continuar estudios a nivel superior en cualquier instituci\u00f3n del Sistema Educativo Nacional.<\/p>\n<p>\u2022 Reconocimiento de Validez Oficial IPN<br \/>\n\u2022 Certificado IPN en 3 a\u00f1os.<br \/>\n\u2022 Becas disponibles<\/p>\n<p><strong>Se Imparte en plantel Zaragoza.<\/strong>[\/vc_column_text]<div id=\"ultimate-heading-43869ee9a1b6abf5\" class=\"uvc-heading ult-adjust-bottom-margin ultimate-heading-43869ee9a1b6abf5 uvc-7809 \" data-hspacer=\"no_spacer\"  data-halign=\"left\" style=\"text-align:left\"><div class=\"uvc-heading-spacer no_spacer\" style=\"top\"><\/div><div class=\"uvc-main-heading ult-responsive\"  data-ultimate-target='.uvc-heading.ultimate-heading-43869ee9a1b6abf5 h2'  data-responsive-json-new='{\"font-size\":\"desktop:26px;\",\"line-height\":\"desktop:32px;\"}' ><h2 style=\"font-weight:bold;margin-bottom:20px;\">NUESTRA OFERTA<\/h2><\/div><\/div><div class=\"smile_icon_list_wrap ult_info_list_container ult-adjust-bottom-margin   vc_custom_1498230419199\"><ul class=\"smile_icon_list left hexagon\"><li class=\"icon_list_item\" style=\" font-size:60px;\"><div class=\"icon_list_icon\" data-animation=\"\" data-animation-delay=\"03\" style=\"font-size:20px;background:#ffb536;color:#ffffff;border-color:#ffb536;\"><i class=\"icomoon-free-social-contact-16x16-pencil\" ><\/i><\/div><div class=\"icon_description\" id=\"Info-list-wrap-8625\" style=\"font-size:20px;\"><h3 class=\"ult-responsive info-list-heading\"  data-ultimate-target='#Info-list-wrap-8625 h3'  data-responsive-json-new='{\"font-size\":\"desktop:16px;\",\"line-height\":\"desktop:22px;\"}'  style=\"font-family:&#039;Open Sans Condensed&#039;;font-weight:700;\">1. Conoce el Programa.<\/h3><div class=\"icon_description_text ult-responsive\"  data-ultimate-target='#Info-list-wrap-8625 .icon_description_text'  data-responsive-json-new='{\"font-size\":\"desktop:12px;\",\"line-height\":\"desktop:20px;\"}'  style=\"\"><p>El Bachillerato del IPN es bivalente ya que, adem\u00e1s de obtener formaci\u00f3n t\u00e9cnica en la que obtienes T\u00edtulo de T\u00e9cnico y C\u00e9dula Profesional, te permite continuar estudios a nivel superior en cualquier instituci\u00f3n del Sistema Educativo Nacional.<\/p>\n<\/div><\/div><div class=\"icon_list_connector\"  style=\"border-right-width: 1px;border-right-style: dashed;border-color: #ffb536;\"><\/div><\/li><li class=\"icon_list_item\" style=\" font-size:60px;\"><div class=\"icon_list_icon\" data-animation=\"\" data-animation-delay=\"03\" style=\"font-size:20px;background:#ffb536;color:#ffffff;border-color:#ffb536;\"><i class=\"fas fa-people-carry\" ><\/i><\/div><div class=\"icon_description\" id=\"Info-list-wrap-1475\" style=\"font-size:20px;\"><h3 class=\"ult-responsive info-list-heading\"  data-ultimate-target='#Info-list-wrap-1475 h3'  data-responsive-json-new='{\"font-size\":\"desktop:16px;\",\"line-height\":\"desktop:22px;\"}'  style=\"font-family:&#039;Open Sans Condensed&#039;;font-weight:700;\">2. Soporte.<\/h3><div class=\"icon_description_text ult-responsive\"  data-ultimate-target='#Info-list-wrap-1475 .icon_description_text'  data-responsive-json-new='{\"font-size\":\"desktop:12px;\",\"line-height\":\"desktop:20px;\"}'  style=\"\"><p>Tendr\u00e1s el apoyo de profesores, altamente calificados, quienes te acompa\u00f1an durante tu proceso de aprendizaje.<\/p>\n<\/div><\/div><div class=\"icon_list_connector\"  style=\"border-right-width: 1px;border-right-style: dashed;border-color: #ffb536;\"><\/div><\/li><li class=\"icon_list_item\" style=\" font-size:60px;\"><div class=\"icon_list_icon\" data-animation=\"\" data-animation-delay=\"03\" style=\"font-size:20px;background:#ffb536;color:#ffffff;border-color:#ffb536;\"><i class=\"icomoon-the7-font-the7-clock-01\" ><\/i><\/div><div class=\"icon_description\" id=\"Info-list-wrap-3642\" style=\"font-size:20px;\"><h3 class=\"ult-responsive info-list-heading\"  data-ultimate-target='#Info-list-wrap-3642 h3'  data-responsive-json-new='{\"font-size\":\"desktop:16px;\",\"line-height\":\"desktop:22px;\"}'  style=\"font-family:&#039;Open Sans Condensed&#039;;font-weight:700;\">3. Inicio de clases y Duraci\u00f3n.<\/h3><div class=\"icon_description_text ult-responsive\"  data-ultimate-target='#Info-list-wrap-3642 .icon_description_text'  data-responsive-json-new='{\"font-size\":\"desktop:12px;\",\"line-height\":\"desktop:20px;\"}'  style=\"\"><p>Agosto 2022. 3 a\u00f1os.<\/p>\n<\/div><\/div><div class=\"icon_list_connector\"  style=\"border-right-width: 1px;border-right-style: dashed;border-color: #ffb536;\"><\/div><\/li><li class=\"icon_list_item\" style=\" font-size:60px;\"><div class=\"icon_list_icon\" data-animation=\"\" data-animation-delay=\"03\" style=\"font-size:20px;background:#ffb536;color:#ffffff;border-color:#ffb536;\"><i class=\"fas fa-medal\" ><\/i><\/div><div class=\"icon_description\" id=\"Info-list-wrap-6456\" style=\"font-size:20px;\"><h3 class=\"ult-responsive info-list-heading\"  data-ultimate-target='#Info-list-wrap-6456 h3'  data-responsive-json-new='{\"font-size\":\"desktop:16px;\",\"line-height\":\"desktop:22px;\"}'  style=\"font-family:&#039;Open Sans Condensed&#039;;font-weight:700;\">4. Respaldo del Polit\u00e9cnico Nacional.<\/h3><div class=\"icon_description_text ult-responsive\"  data-ultimate-target='#Info-list-wrap-6456 .icon_description_text'  data-responsive-json-new='{\"font-size\":\"desktop:12px;\",\"line-height\":\"desktop:20px;\"}'  style=\"\"><p>La formaci\u00f3n que reciben, les permite mostrarse como t\u00e9cnicos competentes y comprometidos con su trabajo, con actitud de servicio fundamentada en valores c\u00edvicos y \u00e9ticos altamente competitivos, capaces de interactuar en un entorno complejo y exigido, mostrando un alto desempe\u00f1o y profesionalismo en toda actividad productiva que les har\u00e1 destacar, eficientemente, en organizaciones nacionales e internacionales.<\/p>\n<\/div><\/div><div class=\"icon_list_connector\"  style=\"border-right-width: 1px;border-right-style: dashed;border-color: #ffb536;\"><\/div><\/li><li class=\"icon_list_item\" style=\" font-size:60px;\"><div class=\"icon_list_icon\" data-animation=\"\" data-animation-delay=\"03\" style=\"font-size:20px;background:#ffb536;color:#ffffff;border-color:#ffb536;\"><i class=\"fas fa-coins\" ><\/i><\/div><div class=\"icon_description\" id=\"Info-list-wrap-8961\" style=\"font-size:20px;\"><h3 class=\"ult-responsive info-list-heading\"  data-ultimate-target='#Info-list-wrap-8961 h3'  data-responsive-json-new='{\"font-size\":\"desktop:16px;\",\"line-height\":\"desktop:22px;\"}'  style=\"font-family:&#039;Open Sans Condensed&#039;;font-weight:700;\">5. Colegiaturas.<\/h3><div class=\"icon_description_text ult-responsive\"  data-ultimate-target='#Info-list-wrap-8961 .icon_description_text'  data-responsive-json-new='{\"font-size\":\"desktop:12px;\",\"line-height\":\"desktop:20px;\"}'  style=\"\"><p>Te ofrecemos un esquema de colegiaturas accesibles que consiste \u00fanicamente en 6 pagos mensuales, en el que no hay cuota de inscripci\u00f3n.<br \/>\nPARA APARTAR TU LUGAR, CUENTAS CON LA FACILIDAD DE PAGAR EL 50% DE TU PRIMER COLEGIATURA.<\/p>\n<\/div><\/div><div class=\"icon_list_connector\"  style=\"border-right-width: 1px;border-right-style: dashed;border-color: #ffb536;\"><\/div><\/li><li class=\"icon_list_item\" style=\" font-size:60px;\"><div class=\"icon_list_icon\" data-animation=\"\" data-animation-delay=\"03\" style=\"font-size:20px;background:#ffb536;color:#ffffff;border-color:#ffb536;\"><i class=\"icomoon-icomoonfree-16x16-list2\" ><\/i><\/div><div class=\"icon_description\" id=\"Info-list-wrap-8250\" style=\"font-size:20px;\"><h3 class=\"ult-responsive info-list-heading\"  data-ultimate-target='#Info-list-wrap-8250 h3'  data-responsive-json-new='{\"font-size\":\"desktop:16px;\",\"line-height\":\"desktop:22px;\"}'  style=\"font-family:&#039;Open Sans Condensed&#039;;font-weight:700;\">6. Te ofrecemos:<\/h3><div class=\"icon_description_text ult-responsive\"  data-ultimate-target='#Info-list-wrap-8250 .icon_description_text'  data-responsive-json-new='{\"font-size\":\"desktop:12px;\",\"line-height\":\"desktop:20px;\"}'  style=\"\"><p>\u2022 Sistema a puerta cerrada.<br \/>\n\u2022 Regularizaciones en Matem\u00e1ticas y F\u00edsica respaldado por el COLEGIO DE CIENCIAS MATEM\u00c1TICAS, sin costo extra.<br \/>\n\u2022 Seguimiento Acad\u00e9mico.<br \/>\n\u2022 Grupos Reducidos.<br \/>\n\u2022 Cambios inter escolares.<br \/>\n\u2022 Uso de Plataforma Classroom.<\/p>\n<\/div><\/div><div class=\"icon_list_connector\"  style=\"border-right-width: 1px;border-right-style: dashed;border-color: #ffb536;\"><\/div><\/li><li class=\"icon_list_item\" style=\" font-size:60px;\"><div class=\"icon_list_icon\" data-animation=\"\" data-animation-delay=\"03\" style=\"font-size:20px;background:#ffb536;color:#ffffff;border-color:#ffb536;\"><i class=\"fas fa-hand-holding-usd\" ><\/i><\/div><div class=\"icon_description\" id=\"Info-list-wrap-6928\" style=\"font-size:20px;\"><h3 class=\"ult-responsive info-list-heading\"  data-ultimate-target='#Info-list-wrap-6928 h3'  data-responsive-json-new='{\"font-size\":\"desktop:16px;\",\"line-height\":\"desktop:22px;\"}'  style=\"font-family:&#039;Open Sans Condensed&#039;;font-weight:700;\">7. Becas.<\/h3><div class=\"icon_description_text ult-responsive\"  data-ultimate-target='#Info-list-wrap-6928 .icon_description_text'  data-responsive-json-new='{\"font-size\":\"desktop:12px;\",\"line-height\":\"desktop:20px;\"}'  style=\"\"><p>Contamos con un programa de becas orientado a apoyarte, otorg\u00e1ndote un beneficio del 20% de descuento en pago de colegiaturas durante todo tu Bachilerato.<\/p>\n<\/div><\/div><div class=\"icon_list_connector\"  style=\"border-right-width: 1px;border-right-style: dashed;border-color: #ffb536;\"><\/div><\/li><li class=\"icon_list_item\" style=\" font-size:60px;\"><div class=\"icon_list_icon\" data-animation=\"\" data-animation-delay=\"03\" style=\"font-size:20px;background:#ffb536;color:#ffffff;border-color:#ffb536;\"><i class=\"icomoon-icomoonfree-16x16-checkbox-checked\" ><\/i><\/div><div class=\"icon_description\" id=\"Info-list-wrap-9838\" style=\"font-size:20px;\"><h3 class=\"ult-responsive info-list-heading\"  data-ultimate-target='#Info-list-wrap-9838 h3'  data-responsive-json-new='{\"font-size\":\"desktop:16px;\",\"line-height\":\"desktop:22px;\"}'  style=\"font-family:&#039;Open Sans Condensed&#039;;font-weight:700;\">8. Requisitos de beca.<\/h3><div class=\"icon_description_text ult-responsive\"  data-ultimate-target='#Info-list-wrap-9838 .icon_description_text'  data-responsive-json-new='{\"font-size\":\"desktop:12px;\",\"line-height\":\"desktop:20px;\"}'  style=\"\"><p>Para tener el beneficio de tu beca, deber\u00e1s de mantener un promedio m\u00ednimo de 8.5 durante todos los ciclos.<\/p>\n<\/div><\/div><div class=\"icon_list_connector\"  style=\"border-right-width: 1px;border-right-style: dashed;border-color: #ffb536;\"><\/div><\/li><li class=\"icon_list_item\" style=\" font-size:60px;\"><div class=\"icon_list_icon\" data-animation=\"\" data-animation-delay=\"03\" style=\"font-size:20px;background:#ffb536;color:#ffffff;border-color:#ffb536;\"><i class=\"icomoon-icomoonfree-16x16-list2\" ><\/i><\/div><div class=\"icon_description\" id=\"Info-list-wrap-2698\" style=\"font-size:20px;\"><h3 class=\"ult-responsive info-list-heading\"  data-ultimate-target='#Info-list-wrap-2698 h3'  data-responsive-json-new='{\"font-size\":\"desktop:16px;\",\"line-height\":\"desktop:22px;\"}'  style=\"font-family:&#039;Open Sans Condensed&#039;;font-weight:700;\">9. Requisitos de ingreso.<\/h3><div class=\"icon_description_text ult-responsive\"  data-ultimate-target='#Info-list-wrap-2698 .icon_description_text'  data-responsive-json-new='{\"font-size\":\"desktop:12px;\",\"line-height\":\"desktop:20px;\"}'  style=\"\"><p>\u2022 Certificado de secundaria y\/o Constancia de Estudios.<br \/>\n\u2022 Acta de nacimiento.<br \/>\n\u2022 Comprobante de domicilio (Agua, Luz, Gas, Tel\u00e9fono vigente.)<br \/>\n\u2022 Copia del CURP.<br \/>\n\u2022 Copia del INE (tutor).<br \/>\n\u2022 8 fotograf\u00edas tama\u00f1o infantil papel mate, a color.<br \/>\n\u2022 Sin piercing.<br \/>\n\u2022 Certificado M\u00e9dico.<br \/>\n\u2022 Todos los documentos deber\u00e1n presentarse en original y dos copias.<\/p>\n<\/div><\/div><div class=\"icon_list_connector\"  style=\"border-right-width: 1px;border-right-style: dashed;border-color: #ffb536;\"><\/div><\/li><li class=\"icon_list_item\" style=\" font-size:60px;\"><div class=\"icon_list_icon\" data-animation=\"\" data-animation-delay=\"03\" style=\"font-size:20px;background:#ffb536;color:#ffffff;border-color:#ffb536;\"><i class=\"fab fa-readme\" ><\/i><\/div><div class=\"icon_description\" id=\"Info-list-wrap-5525\" style=\"font-size:20px;\"><h3 class=\"ult-responsive info-list-heading\"  data-ultimate-target='#Info-list-wrap-5525 h3'  data-responsive-json-new='{\"font-size\":\"desktop:16px;\",\"line-height\":\"desktop:22px;\"}'  style=\"font-family:&#039;Open Sans Condensed&#039;;font-weight:700;\">10. \u00bfPor qu\u00e9 estudiar con nosotros?<\/h3><div class=\"icon_description_text ult-responsive\"  data-ultimate-target='#Info-list-wrap-5525 .icon_description_text'  data-responsive-json-new='{\"font-size\":\"desktop:12px;\",\"line-height\":\"desktop:20px;\"}'  style=\"\"><p>Estudiar el Bachillerato en el Colegio Tecnol\u00f3gico de M\u00e9xico, te proporcionar\u00e1 los conocimientos, los m\u00e9todos y las t\u00e9cnicas para ingresar a estudios superiores y desempe\u00f1arte de manera eficiente; adem\u00e1s de desarrollar las habilidades y actitudes esenciales para la realizaci\u00f3n de una actividad productiva socialmente \u00fatil.<\/p>\n<\/div><\/div><div class=\"icon_list_connector\"  style=\"border-right-width: 1px;border-right-style: dashed;border-color: #ffb536;\"><\/div><\/li><li class=\"icon_list_item\" style=\" font-size:60px;\"><div class=\"icon_list_icon\" data-animation=\"\" data-animation-delay=\"03\" style=\"font-size:20px;background:#ffb536;color:#ffffff;border-color:#ffb536;\"><i class=\"fas fa-user-graduate\" ><\/i><\/div><div class=\"icon_description\" id=\"Info-list-wrap-3767\" style=\"font-size:20px;\"><h3 class=\"ult-responsive info-list-heading\"  data-ultimate-target='#Info-list-wrap-3767 h3'  data-responsive-json-new='{\"font-size\":\"desktop:16px;\",\"line-height\":\"desktop:22px;\"}'  style=\"font-family:&#039;Open Sans Condensed&#039;;font-weight:700;\">11. Como Egresado del Colegio Tecnol\u00f3gico de M\u00e9xico.<\/h3><div class=\"icon_description_text ult-responsive\"  data-ultimate-target='#Info-list-wrap-3767 .icon_description_text'  data-responsive-json-new='{\"font-size\":\"desktop:12px;\",\"line-height\":\"desktop:20px;\"}'  style=\"\"><p>Los egresados tienen la posibilidad de formarse para continuar sus estudios o incorporarse al mundo del trabajo; por ello, la tarea ineludible de proveer al estudiante de los conocimientos, las habilidades, actitudes y valores que coadyuven a su consolidaci\u00f3n como individuo en el aspecto psicol\u00f3gico, intelectual, productivo y social.<\/p>\n<\/div><\/div><div class=\"icon_list_connector\"  style=\"border-right-width: 1px;border-right-style: dashed;border-color: #ffb536;\"><\/div><\/li><\/ul><\/div>[vc_empty_space]<div id=\"ultimate-heading-28269ee9a1b6b22c\" class=\"uvc-heading ult-adjust-bottom-margin ultimate-heading-28269ee9a1b6b22c uvc-8178 \" data-hspacer=\"no_spacer\"  data-halign=\"left\" style=\"text-align:left\"><div class=\"uvc-heading-spacer no_spacer\" style=\"top\"><\/div><div class=\"uvc-main-heading ult-responsive\"  data-ultimate-target='.uvc-heading.ultimate-heading-28269ee9a1b6b22c h2'  data-responsive-json-new='{\"font-size\":\"desktop:26px;\",\"line-height\":\"desktop:32px;\"}' ><h2 style=\"font-weight:bold;margin-bottom:20px;\">CONOCE TU NUESTRA OFERTA<\/h2><\/div><\/div><div class=\"standard-arrow bullet-top\"><ul>\n<li><a href=\"https:\/\/tecdemexico.edu.mx\/?page_id=5362\">T\u00e9cnico en Administraci\u00f3n<\/a><\/li>\n<li><a href=\"https:\/\/tecdemexico.edu.mx\/?page_id=5362\">T\u00e9cnico en Inform\u00e1tica<\/a><\/li>\n<li><a href=\"https:\/\/tecdemexico.edu.mx\/?page_id=5364\">T\u00e9cnico en Contadur\u00eda<\/a><\/li>\n<li><a href=\"https:\/\/tecdemexico.edu.mx\/?page_id=5368\">T\u00e9cnico en Comercio Internacional<\/a><\/li>\n<\/ul>\n<\/div>[\/vc_column][\/vc_row]<\/p>\n","protected":false},"excerpt":{"rendered":"<p>[vc_row type=\u00bbvc_default\u00bb][vc_column css=\u00bb.vc_custom_1498229431694{padding-bottom: 50px !important;}\u00bb][vc_column_text] Administraci\u00f3n &#8211; A-RVOE-DG-NMS\/013\/01 Inform\u00e1tica &#8211; A-RVOE-DG-NMS\/014\/01 Contadur\u00eda &#8211; A-RVOE-DG-NMS\/015\/01 Comercio &#8211; A-RVOE-DG-NMS\/016\/01 Contamos con el aval del IPN para impartir su programa de bachillerato. Podr\u00e1s revalidar todo tu avance en caso de que entres posteriormente al IPN. El Bachillerato del IPN es bivalente ya que, adem\u00e1s de obtener formaci\u00f3n t\u00e9cnica&hellip;<\/p>\n","protected":false},"author":1,"featured_media":0,"parent":0,"menu_order":100,"comment_status":"closed","ping_status":"closed","template":"","meta":{"om_disable_all_campaigns":false,"_monsterinsights_skip_tracking":false,"_monsterinsights_sitenote_active":false,"_monsterinsights_sitenote_note":"","_monsterinsights_sitenote_category":0,"footnotes":""},"class_list":["post-5283","page","type-page","status-publish","hentry","description-off"],"yoast_head":"<!-- This site is optimized with the Yoast SEO plugin v19.1 - https:\/\/yoast.com\/wordpress\/plugins\/seo\/ -->\n<title>BACHILLERATOS IPN - Tec de Mexico<\/title>\n<meta name=\"robots\" content=\"index, follow, max-snippet:-1, max-image-preview:large, max-video-preview:-1\" \/>\n<link rel=\"canonical\" href=\"https:\/\/tecdemexico.edu.mx\/?page_id=5283\" \/>\n<meta property=\"og:locale\" content=\"es_ES\" \/>\n<meta property=\"og:type\" content=\"article\" \/>\n<meta property=\"og:title\" content=\"BACHILLERATOS IPN - Tec de Mexico\" \/>\n<meta property=\"og:description\" content=\"[vc_row type=\u00bbvc_default\u00bb][vc_column css=\u00bb.vc_custom_1498229431694{padding-bottom: 50px !important;}\u00bb][vc_column_text] Administraci\u00f3n &#8211; A-RVOE-DG-NMS\/013\/01 Inform\u00e1tica &#8211; A-RVOE-DG-NMS\/014\/01 Contadur\u00eda &#8211; A-RVOE-DG-NMS\/015\/01 Comercio &#8211; A-RVOE-DG-NMS\/016\/01 Contamos con el aval del IPN para impartir su programa de bachillerato. Podr\u00e1s revalidar todo tu avance en caso de que entres posteriormente al IPN. El Bachillerato del IPN es bivalente ya que, adem\u00e1s de obtener formaci\u00f3n t\u00e9cnica&hellip;\" \/>\n<meta property=\"og:url\" content=\"https:\/\/tecdemexico.edu.mx\/?page_id=5283\" \/>\n<meta property=\"og:site_name\" content=\"Tec de Mexico\" \/>\n<meta property=\"article:modified_time\" content=\"2022-07-02T01:59:39+00:00\" \/>\n<meta name=\"twitter:card\" content=\"summary_large_image\" \/>\n<meta name=\"twitter:label1\" content=\"Tiempo de lectura\" \/>\n\t<meta name=\"twitter:data1\" content=\"4 minutos\" \/>\n<script type=\"application\/ld+json\" class=\"yoast-schema-graph\">{\"@context\":\"https:\/\/schema.org\",\"@graph\":[{\"@type\":\"WebSite\",\"@id\":\"https:\/\/tecdemexico.edu.mx\/#website\",\"url\":\"https:\/\/tecdemexico.edu.mx\/\",\"name\":\"Tec de Mexico\",\"description\":\"Colegio Tecnol\u00f3gico de M\u00e9xico\",\"potentialAction\":[{\"@type\":\"SearchAction\",\"target\":{\"@type\":\"EntryPoint\",\"urlTemplate\":\"https:\/\/tecdemexico.edu.mx\/?s={search_term_string}\"},\"query-input\":\"required name=search_term_string\"}],\"inLanguage\":\"es\"},{\"@type\":\"WebPage\",\"@id\":\"https:\/\/tecdemexico.edu.mx\/?page_id=5283#webpage\",\"url\":\"https:\/\/tecdemexico.edu.mx\/?page_id=5283\",\"name\":\"BACHILLERATOS IPN - Tec de Mexico\",\"isPartOf\":{\"@id\":\"https:\/\/tecdemexico.edu.mx\/#website\"},\"datePublished\":\"2022-05-28T04:11:35+00:00\",\"dateModified\":\"2022-07-02T01:59:39+00:00\",\"breadcrumb\":{\"@id\":\"https:\/\/tecdemexico.edu.mx\/?page_id=5283#breadcrumb\"},\"inLanguage\":\"es\",\"potentialAction\":[{\"@type\":\"ReadAction\",\"target\":[\"https:\/\/tecdemexico.edu.mx\/?page_id=5283\"]}]},{\"@type\":\"BreadcrumbList\",\"@id\":\"https:\/\/tecdemexico.edu.mx\/?page_id=5283#breadcrumb\",\"itemListElement\":[{\"@type\":\"ListItem\",\"position\":1,\"name\":\"Portada\",\"item\":\"https:\/\/tecdemexico.edu.mx\/\"},{\"@type\":\"ListItem\",\"position\":2,\"name\":\"BACHILLERATOS IPN\"}]}]}<\/script>\n<!-- \/ Yoast SEO plugin. -->","yoast_head_json":{"title":"BACHILLERATOS IPN - Tec de Mexico","robots":{"index":"index","follow":"follow","max-snippet":"max-snippet:-1","max-image-preview":"max-image-preview:large","max-video-preview":"max-video-preview:-1"},"canonical":"https:\/\/tecdemexico.edu.mx\/?page_id=5283","og_locale":"es_ES","og_type":"article","og_title":"BACHILLERATOS IPN - Tec de Mexico","og_description":"[vc_row type=\u00bbvc_default\u00bb][vc_column css=\u00bb.vc_custom_1498229431694{padding-bottom: 50px !important;}\u00bb][vc_column_text] Administraci\u00f3n &#8211; A-RVOE-DG-NMS\/013\/01 Inform\u00e1tica &#8211; A-RVOE-DG-NMS\/014\/01 Contadur\u00eda &#8211; A-RVOE-DG-NMS\/015\/01 Comercio &#8211; A-RVOE-DG-NMS\/016\/01 Contamos con el aval del IPN para impartir su programa de bachillerato. Podr\u00e1s revalidar todo tu avance en caso de que entres posteriormente al IPN. El Bachillerato del IPN es bivalente ya que, adem\u00e1s de obtener formaci\u00f3n t\u00e9cnica&hellip;","og_url":"https:\/\/tecdemexico.edu.mx\/?page_id=5283","og_site_name":"Tec de Mexico","article_modified_time":"2022-07-02T01:59:39+00:00","twitter_card":"summary_large_image","twitter_misc":{"Tiempo de lectura":"4 minutos"},"schema":{"@context":"https:\/\/schema.org","@graph":[{"@type":"WebSite","@id":"https:\/\/tecdemexico.edu.mx\/#website","url":"https:\/\/tecdemexico.edu.mx\/","name":"Tec de Mexico","description":"Colegio Tecnol\u00f3gico de M\u00e9xico","potentialAction":[{"@type":"SearchAction","target":{"@type":"EntryPoint","urlTemplate":"https:\/\/tecdemexico.edu.mx\/?s={search_term_string}"},"query-input":"required name=search_term_string"}],"inLanguage":"es"},{"@type":"WebPage","@id":"https:\/\/tecdemexico.edu.mx\/?page_id=5283#webpage","url":"https:\/\/tecdemexico.edu.mx\/?page_id=5283","name":"BACHILLERATOS IPN - Tec de Mexico","isPartOf":{"@id":"https:\/\/tecdemexico.edu.mx\/#website"},"datePublished":"2022-05-28T04:11:35+00:00","dateModified":"2022-07-02T01:59:39+00:00","breadcrumb":{"@id":"https:\/\/tecdemexico.edu.mx\/?page_id=5283#breadcrumb"},"inLanguage":"es","potentialAction":[{"@type":"ReadAction","target":["https:\/\/tecdemexico.edu.mx\/?page_id=5283"]}]},{"@type":"BreadcrumbList","@id":"https:\/\/tecdemexico.edu.mx\/?page_id=5283#breadcrumb","itemListElement":[{"@type":"ListItem","position":1,"name":"Portada","item":"https:\/\/tecdemexico.edu.mx\/"},{"@type":"ListItem","position":2,"name":"BACHILLERATOS IPN"}]}]}},"_links":{"self":[{"href":"https:\/\/tecdemexico.edu.mx\/index.php?rest_route=\/wp\/v2\/pages\/5283","targetHints":{"allow":["GET"]}}],"collection":[{"href":"https:\/\/tecdemexico.edu.mx\/index.php?rest_route=\/wp\/v2\/pages"}],"about":[{"href":"https:\/\/tecdemexico.edu.mx\/index.php?rest_route=\/wp\/v2\/types\/page"}],"author":[{"embeddable":true,"href":"https:\/\/tecdemexico.edu.mx\/index.php?rest_route=\/wp\/v2\/users\/1"}],"replies":[{"embeddable":true,"href":"https:\/\/tecdemexico.edu.mx\/index.php?rest_route=%2Fwp%2Fv2%2Fcomments&post=5283"}],"version-history":[{"count":22,"href":"https:\/\/tecdemexico.edu.mx\/index.php?rest_route=\/wp\/v2\/pages\/5283\/revisions"}],"predecessor-version":[{"id":6137,"href":"https:\/\/tecdemexico.edu.mx\/index.php?rest_route=\/wp\/v2\/pages\/5283\/revisions\/6137"}],"wp:attachment":[{"href":"https:\/\/tecdemexico.edu.mx\/index.php?rest_route=%2Fwp%2Fv2%2Fmedia&parent=5283"}],"curies":[{"name":"wp","href":"https:\/\/api.w.org\/{rel}","templated":true}]}}