{"id":5362,"date":"2022-05-30T00:21:48","date_gmt":"2022-05-30T06:21:48","guid":{"rendered":"https:\/\/dev.tecdemexico.edu.mx\/?page_id=5362"},"modified":"2022-07-01T20:00:50","modified_gmt":"2022-07-02T02:00:50","slug":"tecnico-en-administracion","status":"publish","type":"page","link":"https:\/\/tecdemexico.edu.mx\/?page_id=5362","title":{"rendered":"T\u00c9CNICO EN ADMINISTRACI\u00d3N"},"content":{"rendered":"<p>[vc_row type=\u00bbvc_default\u00bb][vc_column css=\u00bb.vc_custom_1498229431694{padding-bottom: 50px !important;}\u00bb]<div id=\"ultimate-heading-28496a01d266e54e3\" class=\"uvc-heading ult-adjust-bottom-margin ultimate-heading-28496a01d266e54e3 uvc-5844 \" data-hspacer=\"no_spacer\"  data-halign=\"left\" style=\"text-align:left\"><div class=\"uvc-heading-spacer no_spacer\" style=\"top\"><\/div><div class=\"uvc-main-heading ult-responsive\"  data-ultimate-target='.uvc-heading.ultimate-heading-28496a01d266e54e3 h2'  data-responsive-json-new='{\"font-size\":\"desktop:26px;\",\"line-height\":\"desktop:32px;\"}' ><h2 style=\"font-weight:bold;margin-bottom:20px;\">BENEFICIOS DEL BACHILLERATO T\u00c9CNICO EN ADMINISTRACI\u00d3N<\/h2><\/div><\/div>[vc_column_text]<\/p>\n<h2><span style=\"color: #ffb536;\"><strong>A-RVOE-DG-NMS\/013\/01<\/strong><\/span><\/h2>\n<p class=\"p1\">La formaci\u00f3n de T\u00e9cnicos en Administraci\u00f3n competentes competitivos y con actitud de servicio poseedores de acendrados valores c\u00edvicos y \u00e9ticos comprometidos con su trabajo con capacidad para interactuar con profesionalismo en toda actividad productiva y aportar un alto desempe\u00f1o que les har\u00e1 destacar tanto en organizaciones nacionales como internacionales.<\/p>\n<p>[\/vc_column_text]<div id=\"ultimate-heading-48036a01d266e554c\" class=\"uvc-heading ult-adjust-bottom-margin ultimate-heading-48036a01d266e554c uvc-5536 \" data-hspacer=\"no_spacer\"  data-halign=\"left\" style=\"text-align:left\"><div class=\"uvc-heading-spacer no_spacer\" style=\"top\"><\/div><div class=\"uvc-main-heading ult-responsive\"  data-ultimate-target='.uvc-heading.ultimate-heading-48036a01d266e554c h2'  data-responsive-json-new='{\"font-size\":\"desktop:26px;\",\"line-height\":\"desktop:32px;\"}' ><h2 style=\"font-weight:bold;margin-bottom:20px;\">NUESTRA OFERTA<\/h2><\/div><\/div><div class=\"smile_icon_list_wrap ult_info_list_container ult-adjust-bottom-margin   vc_custom_1498230419199\"><ul class=\"smile_icon_list left hexagon\"><li class=\"icon_list_item\" style=\" font-size:60px;\"><div class=\"icon_list_icon\" data-animation=\"\" data-animation-delay=\"03\" style=\"font-size:20px;background:#ffb536;color:#ffffff;border-color:#ffb536;\"><i class=\"fas fa-user-graduate\" ><\/i><\/div><div class=\"icon_description\" id=\"Info-list-wrap-3527\" style=\"font-size:20px;\"><h3 class=\"ult-responsive info-list-heading\"  data-ultimate-target='#Info-list-wrap-3527 h3'  data-responsive-json-new='{\"font-size\":\"desktop:16px;\",\"line-height\":\"desktop:22px;\"}'  style=\"font-family:&#039;Open Sans Condensed&#039;;font-weight:700;\">1. Competencias Profesionales de los Egresados:<\/h3><div class=\"icon_description_text ult-responsive\"  data-ultimate-target='#Info-list-wrap-3527 .icon_description_text'  data-responsive-json-new='{\"font-size\":\"desktop:12px;\",\"line-height\":\"desktop:20px;\"}'  style=\"\"><ul>\n<li class=\"p1\">Utiliza elementos de administraci\u00f3n ambiental desarrollo sustentable y ordenamiento ecol\u00f3gico de acuerdo a la norma vigente.<\/li>\n<li class=\"p1\">Realiza el proceso de comercializaci\u00f3n.<\/li>\n<li class=\"p1\">Manejo de la documentaci\u00f3n requerida para la apertura y operaci\u00f3n de una empresa.<\/li>\n<li class=\"p1\">Realiza investigaci\u00f3n de mercados desarrollo de producto determinaci\u00f3n de precio procesos de distribuci\u00f3n y promoci\u00f3n para cualquier organismo social.<\/li>\n<li class=\"p1\">Manejo del aspecto legal de las relaciones laborales.<\/li>\n<\/ul>\n<\/div><\/div><div class=\"icon_list_connector\"  style=\"border-right-width: 1px;border-right-style: dashed;border-color: #ffb536;\"><\/div><\/li><\/ul><\/div>[vc_empty_space]<div id=\"ultimate-heading-38846a01d266e5761\" class=\"uvc-heading ult-adjust-bottom-margin ultimate-heading-38846a01d266e5761 uvc-3264 \" data-hspacer=\"no_spacer\"  data-halign=\"left\" style=\"text-align:left\"><div class=\"uvc-heading-spacer no_spacer\" style=\"top\"><\/div><div class=\"uvc-main-heading ult-responsive\"  data-ultimate-target='.uvc-heading.ultimate-heading-38846a01d266e5761 h2'  data-responsive-json-new='{\"font-size\":\"desktop:26px;\",\"line-height\":\"desktop:32px;\"}' ><h2 style=\"font-weight:bold;margin-bottom:20px;\">CONOCE NUESTRO PLAN DE ESTUDIO<\/h2><\/div><\/div><div class=\"standard-number-list bullet-top\"><ul>\n<li><a href=\"https:\/\/tecdemexico.edu.mx\/wp-content\/uploads\/2022\/06\/IPN-TECNICO-ADMINISTRACION.pdf\" target=\"_blank\" rel=\"noopener\">Descarga formato PDF<\/a><\/li>\n<\/ul>\n<\/div>[\/vc_column][\/vc_row]<\/p>\n","protected":false},"excerpt":{"rendered":"<p>[vc_row type=\u00bbvc_default\u00bb][vc_column css=\u00bb.vc_custom_1498229431694{padding-bottom: 50px !important;}\u00bb][vc_column_text] A-RVOE-DG-NMS\/013\/01 La formaci\u00f3n de T\u00e9cnicos en Administraci\u00f3n competentes competitivos y con actitud de servicio poseedores de acendrados valores c\u00edvicos y \u00e9ticos comprometidos con su trabajo con capacidad para interactuar con profesionalismo en toda actividad productiva y aportar un alto desempe\u00f1o que les har\u00e1 destacar tanto en organizaciones nacionales como internacionales.&hellip;<\/p>\n","protected":false},"author":1,"featured_media":0,"parent":0,"menu_order":100,"comment_status":"closed","ping_status":"closed","template":"","meta":{"om_disable_all_campaigns":false,"_monsterinsights_skip_tracking":false,"_monsterinsights_sitenote_active":false,"_monsterinsights_sitenote_note":"","_monsterinsights_sitenote_category":0,"footnotes":""},"class_list":["post-5362","page","type-page","status-publish","hentry","description-off"],"yoast_head":"<!-- This site is optimized with the Yoast SEO plugin v19.1 - https:\/\/yoast.com\/wordpress\/plugins\/seo\/ -->\n<title>T\u00c9CNICO EN ADMINISTRACI\u00d3N - Tec de Mexico<\/title>\n<meta name=\"robots\" content=\"index, follow, max-snippet:-1, max-image-preview:large, max-video-preview:-1\" \/>\n<link rel=\"canonical\" href=\"https:\/\/tecdemexico.edu.mx\/?page_id=5362\" \/>\n<meta property=\"og:locale\" content=\"es_ES\" \/>\n<meta property=\"og:type\" content=\"article\" \/>\n<meta property=\"og:title\" content=\"T\u00c9CNICO EN ADMINISTRACI\u00d3N - Tec de Mexico\" \/>\n<meta property=\"og:description\" content=\"[vc_row type=\u00bbvc_default\u00bb][vc_column css=\u00bb.vc_custom_1498229431694{padding-bottom: 50px !important;}\u00bb][vc_column_text] A-RVOE-DG-NMS\/013\/01 La formaci\u00f3n de T\u00e9cnicos en Administraci\u00f3n competentes competitivos y con actitud de servicio poseedores de acendrados valores c\u00edvicos y \u00e9ticos comprometidos con su trabajo con capacidad para interactuar con profesionalismo en toda actividad productiva y aportar un alto desempe\u00f1o que les har\u00e1 destacar tanto en organizaciones nacionales como internacionales.&hellip;\" \/>\n<meta property=\"og:url\" content=\"https:\/\/tecdemexico.edu.mx\/?page_id=5362\" \/>\n<meta property=\"og:site_name\" content=\"Tec de Mexico\" \/>\n<meta property=\"article:modified_time\" content=\"2022-07-02T02:00:50+00:00\" \/>\n<meta name=\"twitter:card\" content=\"summary_large_image\" \/>\n<meta name=\"twitter:label1\" content=\"Tiempo de lectura\" \/>\n\t<meta name=\"twitter:data1\" content=\"1 minuto\" \/>\n<script type=\"application\/ld+json\" class=\"yoast-schema-graph\">{\"@context\":\"https:\/\/schema.org\",\"@graph\":[{\"@type\":\"WebSite\",\"@id\":\"https:\/\/tecdemexico.edu.mx\/#website\",\"url\":\"https:\/\/tecdemexico.edu.mx\/\",\"name\":\"Tec de Mexico\",\"description\":\"Colegio Tecnol\u00f3gico de M\u00e9xico\",\"potentialAction\":[{\"@type\":\"SearchAction\",\"target\":{\"@type\":\"EntryPoint\",\"urlTemplate\":\"https:\/\/tecdemexico.edu.mx\/?s={search_term_string}\"},\"query-input\":\"required name=search_term_string\"}],\"inLanguage\":\"es\"},{\"@type\":\"WebPage\",\"@id\":\"https:\/\/tecdemexico.edu.mx\/?page_id=5362#webpage\",\"url\":\"https:\/\/tecdemexico.edu.mx\/?page_id=5362\",\"name\":\"T\u00c9CNICO EN ADMINISTRACI\u00d3N - Tec de Mexico\",\"isPartOf\":{\"@id\":\"https:\/\/tecdemexico.edu.mx\/#website\"},\"datePublished\":\"2022-05-30T06:21:48+00:00\",\"dateModified\":\"2022-07-02T02:00:50+00:00\",\"breadcrumb\":{\"@id\":\"https:\/\/tecdemexico.edu.mx\/?page_id=5362#breadcrumb\"},\"inLanguage\":\"es\",\"potentialAction\":[{\"@type\":\"ReadAction\",\"target\":[\"https:\/\/tecdemexico.edu.mx\/?page_id=5362\"]}]},{\"@type\":\"BreadcrumbList\",\"@id\":\"https:\/\/tecdemexico.edu.mx\/?page_id=5362#breadcrumb\",\"itemListElement\":[{\"@type\":\"ListItem\",\"position\":1,\"name\":\"Portada\",\"item\":\"https:\/\/tecdemexico.edu.mx\/\"},{\"@type\":\"ListItem\",\"position\":2,\"name\":\"T\u00c9CNICO EN ADMINISTRACI\u00d3N\"}]}]}<\/script>\n<!-- \/ Yoast SEO plugin. -->","yoast_head_json":{"title":"T\u00c9CNICO EN ADMINISTRACI\u00d3N - Tec de Mexico","robots":{"index":"index","follow":"follow","max-snippet":"max-snippet:-1","max-image-preview":"max-image-preview:large","max-video-preview":"max-video-preview:-1"},"canonical":"https:\/\/tecdemexico.edu.mx\/?page_id=5362","og_locale":"es_ES","og_type":"article","og_title":"T\u00c9CNICO EN ADMINISTRACI\u00d3N - Tec de Mexico","og_description":"[vc_row type=\u00bbvc_default\u00bb][vc_column css=\u00bb.vc_custom_1498229431694{padding-bottom: 50px !important;}\u00bb][vc_column_text] A-RVOE-DG-NMS\/013\/01 La formaci\u00f3n de T\u00e9cnicos en Administraci\u00f3n competentes competitivos y con actitud de servicio poseedores de acendrados valores c\u00edvicos y \u00e9ticos comprometidos con su trabajo con capacidad para interactuar con profesionalismo en toda actividad productiva y aportar un alto desempe\u00f1o que les har\u00e1 destacar tanto en organizaciones nacionales como internacionales.&hellip;","og_url":"https:\/\/tecdemexico.edu.mx\/?page_id=5362","og_site_name":"Tec de Mexico","article_modified_time":"2022-07-02T02:00:50+00:00","twitter_card":"summary_large_image","twitter_misc":{"Tiempo de lectura":"1 minuto"},"schema":{"@context":"https:\/\/schema.org","@graph":[{"@type":"WebSite","@id":"https:\/\/tecdemexico.edu.mx\/#website","url":"https:\/\/tecdemexico.edu.mx\/","name":"Tec de Mexico","description":"Colegio Tecnol\u00f3gico de M\u00e9xico","potentialAction":[{"@type":"SearchAction","target":{"@type":"EntryPoint","urlTemplate":"https:\/\/tecdemexico.edu.mx\/?s={search_term_string}"},"query-input":"required name=search_term_string"}],"inLanguage":"es"},{"@type":"WebPage","@id":"https:\/\/tecdemexico.edu.mx\/?page_id=5362#webpage","url":"https:\/\/tecdemexico.edu.mx\/?page_id=5362","name":"T\u00c9CNICO EN ADMINISTRACI\u00d3N - Tec de Mexico","isPartOf":{"@id":"https:\/\/tecdemexico.edu.mx\/#website"},"datePublished":"2022-05-30T06:21:48+00:00","dateModified":"2022-07-02T02:00:50+00:00","breadcrumb":{"@id":"https:\/\/tecdemexico.edu.mx\/?page_id=5362#breadcrumb"},"inLanguage":"es","potentialAction":[{"@type":"ReadAction","target":["https:\/\/tecdemexico.edu.mx\/?page_id=5362"]}]},{"@type":"BreadcrumbList","@id":"https:\/\/tecdemexico.edu.mx\/?page_id=5362#breadcrumb","itemListElement":[{"@type":"ListItem","position":1,"name":"Portada","item":"https:\/\/tecdemexico.edu.mx\/"},{"@type":"ListItem","position":2,"name":"T\u00c9CNICO EN ADMINISTRACI\u00d3N"}]}]}},"_links":{"self":[{"href":"https:\/\/tecdemexico.edu.mx\/index.php?rest_route=\/wp\/v2\/pages\/5362","targetHints":{"allow":["GET"]}}],"collection":[{"href":"https:\/\/tecdemexico.edu.mx\/index.php?rest_route=\/wp\/v2\/pages"}],"about":[{"href":"https:\/\/tecdemexico.edu.mx\/index.php?rest_route=\/wp\/v2\/types\/page"}],"author":[{"embeddable":true,"href":"https:\/\/tecdemexico.edu.mx\/index.php?rest_route=\/wp\/v2\/users\/1"}],"replies":[{"embeddable":true,"href":"https:\/\/tecdemexico.edu.mx\/index.php?rest_route=%2Fwp%2Fv2%2Fcomments&post=5362"}],"version-history":[{"count":15,"href":"https:\/\/tecdemexico.edu.mx\/index.php?rest_route=\/wp\/v2\/pages\/5362\/revisions"}],"predecessor-version":[{"id":6138,"href":"https:\/\/tecdemexico.edu.mx\/index.php?rest_route=\/wp\/v2\/pages\/5362\/revisions\/6138"}],"wp:attachment":[{"href":"https:\/\/tecdemexico.edu.mx\/index.php?rest_route=%2Fwp%2Fv2%2Fmedia&parent=5362"}],"curies":[{"name":"wp","href":"https:\/\/api.w.org\/{rel}","templated":true}]}}