{"id":5366,"date":"2022-05-30T00:24:13","date_gmt":"2022-05-30T06:24:13","guid":{"rendered":"https:\/\/dev.tecdemexico.edu.mx\/?page_id=5366"},"modified":"2022-07-01T20:03:29","modified_gmt":"2022-07-02T02:03:29","slug":"tecnico-en-informatica","status":"publish","type":"page","link":"https:\/\/tecdemexico.edu.mx\/?page_id=5366","title":{"rendered":"T\u00c9CNICO EN INFORM\u00c1TICA"},"content":{"rendered":"<p>[vc_row type=\u00bbvc_default\u00bb][vc_column css=\u00bb.vc_custom_1498229431694{padding-bottom: 50px !important;}\u00bb]<div id=\"ultimate-heading-559369fc93a0ceba9\" class=\"uvc-heading ult-adjust-bottom-margin ultimate-heading-559369fc93a0ceba9 uvc-3088 \" data-hspacer=\"no_spacer\"  data-halign=\"left\" style=\"text-align:left\"><div class=\"uvc-heading-spacer no_spacer\" style=\"top\"><\/div><div class=\"uvc-main-heading ult-responsive\"  data-ultimate-target='.uvc-heading.ultimate-heading-559369fc93a0ceba9 h2'  data-responsive-json-new='{\"font-size\":\"desktop:26px;\",\"line-height\":\"desktop:32px;\"}' ><h2 style=\"font-weight:bold;margin-bottom:20px;\">BENEFICIOS DEL BACHILLERATO T\u00c9CNICO EN INFORM\u00c1TICA<\/h2><\/div><\/div>[vc_column_text]<\/p>\n<h2><span style=\"color: #ffb536;\">A-RVOE-DG-NMS\/014\/01<\/span><\/h2>\n<p class=\"p1\">Ser la carrera l\u00edder a nivel T\u00e9cnico que forme egresados competitivos para ser aceptados en el mercado laboral; con docentes de excelente nivel acad\u00e9mico plan y programas de estudio vigentes para desarrollar en nuestros estudiantes competencias que le permita crear y\/o administrar sistemas de informaci\u00f3n haciendo uso de las tecnolog\u00edas inform\u00e1ticas.<\/p>\n<p>[\/vc_column_text]<div id=\"ultimate-heading-852969fc93a0cec0a\" class=\"uvc-heading ult-adjust-bottom-margin ultimate-heading-852969fc93a0cec0a uvc-3305 \" data-hspacer=\"no_spacer\"  data-halign=\"left\" style=\"text-align:left\"><div class=\"uvc-heading-spacer no_spacer\" style=\"top\"><\/div><div class=\"uvc-main-heading ult-responsive\"  data-ultimate-target='.uvc-heading.ultimate-heading-852969fc93a0cec0a h2'  data-responsive-json-new='{\"font-size\":\"desktop:26px;\",\"line-height\":\"desktop:32px;\"}' ><h2 style=\"font-weight:bold;margin-bottom:20px;\">NUESTRA OFERTA<\/h2><\/div><\/div><div class=\"smile_icon_list_wrap ult_info_list_container ult-adjust-bottom-margin   vc_custom_1498230419199\"><ul class=\"smile_icon_list left hexagon\"><li class=\"icon_list_item\" style=\" font-size:60px;\"><div class=\"icon_list_icon\" data-animation=\"\" data-animation-delay=\"03\" style=\"font-size:20px;background:#ffb536;color:#ffffff;border-color:#ffb536;\"><i class=\"fas fa-user-graduate\" ><\/i><\/div><div class=\"icon_description\" id=\"Info-list-wrap-8565\" style=\"font-size:20px;\"><h3 class=\"ult-responsive info-list-heading\"  data-ultimate-target='#Info-list-wrap-8565 h3'  data-responsive-json-new='{\"font-size\":\"desktop:16px;\",\"line-height\":\"desktop:22px;\"}'  style=\"font-family:&#039;Open Sans Condensed&#039;;font-weight:700;\">1. Competencias Profesionales de los Egresados:<\/h3><div class=\"icon_description_text ult-responsive\"  data-ultimate-target='#Info-list-wrap-8565 .icon_description_text'  data-responsive-json-new='{\"font-size\":\"desktop:12px;\",\"line-height\":\"desktop:20px;\"}'  style=\"\"><ul>\n<li class=\"p1\">Dise\u00f1a algoritmos que permitan la soluci\u00f3n de problemas computacionales a trav\u00e9s de las metodolog\u00edas procedimientos y herramientas de programaci\u00f3n.<\/li>\n<li class=\"p1\">Efect\u00faa el ensamble configuraci\u00f3n diagn\u00f3stico y mantenimiento de una PC a trav\u00e9s de una serie de rutinas que garanticen su \u00f3ptimo funcionamiento.<\/li>\n<li class=\"p1\">Desarrolla ambientes virtuales en tercera dimensi\u00f3n de acuerdo a la W3C Consortium.<\/li>\n<li class=\"p1\">Dise\u00f1a portales sitios y p\u00e1ginas web a trav\u00e9s de las recomendaciones W3C (World Wide Web Consortium).<\/li>\n<\/ul>\n<\/div><\/div><div class=\"icon_list_connector\"  style=\"border-right-width: 1px;border-right-style: dashed;border-color: #ffb536;\"><\/div><\/li><\/ul><\/div>[vc_empty_space]<div id=\"ultimate-heading-852969fc93a0cedb0\" class=\"uvc-heading ult-adjust-bottom-margin ultimate-heading-852969fc93a0cedb0 uvc-9230 \" data-hspacer=\"no_spacer\"  data-halign=\"left\" style=\"text-align:left\"><div class=\"uvc-heading-spacer no_spacer\" style=\"top\"><\/div><div class=\"uvc-main-heading ult-responsive\"  data-ultimate-target='.uvc-heading.ultimate-heading-852969fc93a0cedb0 h2'  data-responsive-json-new='{\"font-size\":\"desktop:26px;\",\"line-height\":\"desktop:32px;\"}' ><h2 style=\"font-weight:bold;margin-bottom:20px;\">CONOCE NUESTRO PLAN DE ESTUDIO<\/h2><\/div><\/div><div class=\"standard-number-list bullet-top\"><ul>\n<li><a href=\"https:\/\/tecdemexico.edu.mx\/wp-content\/uploads\/2022\/06\/IPN-TECNICO-INFORMATICA.pdf\" target=\"_blank\" rel=\"noopener\">Descarga formato PDF<\/a><\/li>\n<\/ul>\n<\/div>[\/vc_column][\/vc_row]<\/p>\n","protected":false},"excerpt":{"rendered":"<p>[vc_row type=\u00bbvc_default\u00bb][vc_column css=\u00bb.vc_custom_1498229431694{padding-bottom: 50px !important;}\u00bb][vc_column_text] A-RVOE-DG-NMS\/014\/01 Ser la carrera l\u00edder a nivel T\u00e9cnico que forme egresados competitivos para ser aceptados en el mercado laboral; con docentes de excelente nivel acad\u00e9mico plan y programas de estudio vigentes para desarrollar en nuestros estudiantes competencias que le permita crear y\/o administrar sistemas de informaci\u00f3n haciendo uso de las&hellip;<\/p>\n","protected":false},"author":1,"featured_media":0,"parent":0,"menu_order":100,"comment_status":"closed","ping_status":"closed","template":"","meta":{"om_disable_all_campaigns":false,"_monsterinsights_skip_tracking":false,"_monsterinsights_sitenote_active":false,"_monsterinsights_sitenote_note":"","_monsterinsights_sitenote_category":0,"footnotes":""},"class_list":["post-5366","page","type-page","status-publish","hentry","description-off"],"yoast_head":"<!-- This site is optimized with the Yoast SEO plugin v19.1 - https:\/\/yoast.com\/wordpress\/plugins\/seo\/ -->\n<title>T\u00c9CNICO EN INFORM\u00c1TICA - Tec de Mexico<\/title>\n<meta name=\"robots\" content=\"index, follow, max-snippet:-1, max-image-preview:large, max-video-preview:-1\" \/>\n<link rel=\"canonical\" href=\"https:\/\/tecdemexico.edu.mx\/?page_id=5366\" \/>\n<meta property=\"og:locale\" content=\"es_ES\" \/>\n<meta property=\"og:type\" content=\"article\" \/>\n<meta property=\"og:title\" content=\"T\u00c9CNICO EN INFORM\u00c1TICA - Tec de Mexico\" \/>\n<meta property=\"og:description\" content=\"[vc_row type=\u00bbvc_default\u00bb][vc_column css=\u00bb.vc_custom_1498229431694{padding-bottom: 50px !important;}\u00bb][vc_column_text] A-RVOE-DG-NMS\/014\/01 Ser la carrera l\u00edder a nivel T\u00e9cnico que forme egresados competitivos para ser aceptados en el mercado laboral; con docentes de excelente nivel acad\u00e9mico plan y programas de estudio vigentes para desarrollar en nuestros estudiantes competencias que le permita crear y\/o administrar sistemas de informaci\u00f3n haciendo uso de las&hellip;\" \/>\n<meta property=\"og:url\" content=\"https:\/\/tecdemexico.edu.mx\/?page_id=5366\" \/>\n<meta property=\"og:site_name\" content=\"Tec de Mexico\" \/>\n<meta property=\"article:modified_time\" content=\"2022-07-02T02:03:29+00:00\" \/>\n<meta name=\"twitter:card\" content=\"summary_large_image\" \/>\n<meta name=\"twitter:label1\" content=\"Tiempo de lectura\" \/>\n\t<meta name=\"twitter:data1\" content=\"1 minuto\" \/>\n<script type=\"application\/ld+json\" class=\"yoast-schema-graph\">{\"@context\":\"https:\/\/schema.org\",\"@graph\":[{\"@type\":\"WebSite\",\"@id\":\"https:\/\/tecdemexico.edu.mx\/#website\",\"url\":\"https:\/\/tecdemexico.edu.mx\/\",\"name\":\"Tec de Mexico\",\"description\":\"Colegio Tecnol\u00f3gico de M\u00e9xico\",\"potentialAction\":[{\"@type\":\"SearchAction\",\"target\":{\"@type\":\"EntryPoint\",\"urlTemplate\":\"https:\/\/tecdemexico.edu.mx\/?s={search_term_string}\"},\"query-input\":\"required name=search_term_string\"}],\"inLanguage\":\"es\"},{\"@type\":\"WebPage\",\"@id\":\"https:\/\/tecdemexico.edu.mx\/?page_id=5366#webpage\",\"url\":\"https:\/\/tecdemexico.edu.mx\/?page_id=5366\",\"name\":\"T\u00c9CNICO EN INFORM\u00c1TICA - Tec de Mexico\",\"isPartOf\":{\"@id\":\"https:\/\/tecdemexico.edu.mx\/#website\"},\"datePublished\":\"2022-05-30T06:24:13+00:00\",\"dateModified\":\"2022-07-02T02:03:29+00:00\",\"breadcrumb\":{\"@id\":\"https:\/\/tecdemexico.edu.mx\/?page_id=5366#breadcrumb\"},\"inLanguage\":\"es\",\"potentialAction\":[{\"@type\":\"ReadAction\",\"target\":[\"https:\/\/tecdemexico.edu.mx\/?page_id=5366\"]}]},{\"@type\":\"BreadcrumbList\",\"@id\":\"https:\/\/tecdemexico.edu.mx\/?page_id=5366#breadcrumb\",\"itemListElement\":[{\"@type\":\"ListItem\",\"position\":1,\"name\":\"Portada\",\"item\":\"https:\/\/tecdemexico.edu.mx\/\"},{\"@type\":\"ListItem\",\"position\":2,\"name\":\"T\u00c9CNICO EN INFORM\u00c1TICA\"}]}]}<\/script>\n<!-- \/ Yoast SEO plugin. -->","yoast_head_json":{"title":"T\u00c9CNICO EN INFORM\u00c1TICA - Tec de Mexico","robots":{"index":"index","follow":"follow","max-snippet":"max-snippet:-1","max-image-preview":"max-image-preview:large","max-video-preview":"max-video-preview:-1"},"canonical":"https:\/\/tecdemexico.edu.mx\/?page_id=5366","og_locale":"es_ES","og_type":"article","og_title":"T\u00c9CNICO EN INFORM\u00c1TICA - Tec de Mexico","og_description":"[vc_row type=\u00bbvc_default\u00bb][vc_column css=\u00bb.vc_custom_1498229431694{padding-bottom: 50px !important;}\u00bb][vc_column_text] A-RVOE-DG-NMS\/014\/01 Ser la carrera l\u00edder a nivel T\u00e9cnico que forme egresados competitivos para ser aceptados en el mercado laboral; con docentes de excelente nivel acad\u00e9mico plan y programas de estudio vigentes para desarrollar en nuestros estudiantes competencias que le permita crear y\/o administrar sistemas de informaci\u00f3n haciendo uso de las&hellip;","og_url":"https:\/\/tecdemexico.edu.mx\/?page_id=5366","og_site_name":"Tec de Mexico","article_modified_time":"2022-07-02T02:03:29+00:00","twitter_card":"summary_large_image","twitter_misc":{"Tiempo de lectura":"1 minuto"},"schema":{"@context":"https:\/\/schema.org","@graph":[{"@type":"WebSite","@id":"https:\/\/tecdemexico.edu.mx\/#website","url":"https:\/\/tecdemexico.edu.mx\/","name":"Tec de Mexico","description":"Colegio Tecnol\u00f3gico de M\u00e9xico","potentialAction":[{"@type":"SearchAction","target":{"@type":"EntryPoint","urlTemplate":"https:\/\/tecdemexico.edu.mx\/?s={search_term_string}"},"query-input":"required name=search_term_string"}],"inLanguage":"es"},{"@type":"WebPage","@id":"https:\/\/tecdemexico.edu.mx\/?page_id=5366#webpage","url":"https:\/\/tecdemexico.edu.mx\/?page_id=5366","name":"T\u00c9CNICO EN INFORM\u00c1TICA - Tec de Mexico","isPartOf":{"@id":"https:\/\/tecdemexico.edu.mx\/#website"},"datePublished":"2022-05-30T06:24:13+00:00","dateModified":"2022-07-02T02:03:29+00:00","breadcrumb":{"@id":"https:\/\/tecdemexico.edu.mx\/?page_id=5366#breadcrumb"},"inLanguage":"es","potentialAction":[{"@type":"ReadAction","target":["https:\/\/tecdemexico.edu.mx\/?page_id=5366"]}]},{"@type":"BreadcrumbList","@id":"https:\/\/tecdemexico.edu.mx\/?page_id=5366#breadcrumb","itemListElement":[{"@type":"ListItem","position":1,"name":"Portada","item":"https:\/\/tecdemexico.edu.mx\/"},{"@type":"ListItem","position":2,"name":"T\u00c9CNICO EN INFORM\u00c1TICA"}]}]}},"_links":{"self":[{"href":"https:\/\/tecdemexico.edu.mx\/index.php?rest_route=\/wp\/v2\/pages\/5366","targetHints":{"allow":["GET"]}}],"collection":[{"href":"https:\/\/tecdemexico.edu.mx\/index.php?rest_route=\/wp\/v2\/pages"}],"about":[{"href":"https:\/\/tecdemexico.edu.mx\/index.php?rest_route=\/wp\/v2\/types\/page"}],"author":[{"embeddable":true,"href":"https:\/\/tecdemexico.edu.mx\/index.php?rest_route=\/wp\/v2\/users\/1"}],"replies":[{"embeddable":true,"href":"https:\/\/tecdemexico.edu.mx\/index.php?rest_route=%2Fwp%2Fv2%2Fcomments&post=5366"}],"version-history":[{"count":11,"href":"https:\/\/tecdemexico.edu.mx\/index.php?rest_route=\/wp\/v2\/pages\/5366\/revisions"}],"predecessor-version":[{"id":6140,"href":"https:\/\/tecdemexico.edu.mx\/index.php?rest_route=\/wp\/v2\/pages\/5366\/revisions\/6140"}],"wp:attachment":[{"href":"https:\/\/tecdemexico.edu.mx\/index.php?rest_route=%2Fwp%2Fv2%2Fmedia&parent=5366"}],"curies":[{"name":"wp","href":"https:\/\/api.w.org\/{rel}","templated":true}]}}