{"id":5380,"date":"2022-05-30T00:31:02","date_gmt":"2022-05-30T06:31:02","guid":{"rendered":"https:\/\/dev.tecdemexico.edu.mx\/?page_id=5380"},"modified":"2022-06-10T13:48:39","modified_gmt":"2022-06-10T19:48:39","slug":"negocios-internacionales","status":"publish","type":"page","link":"https:\/\/tecdemexico.edu.mx\/?page_id=5380","title":{"rendered":"NEGOCIOS INTERNACIONALES"},"content":{"rendered":"<p>[vc_row type=\u00bbvc_default\u00bb][vc_column css=\u00bb.vc_custom_1498229431694{padding-bottom: 50px !important;}\u00bb]<div id=\"ultimate-heading-157469f0ccde7429d\" class=\"uvc-heading ult-adjust-bottom-margin ultimate-heading-157469f0ccde7429d uvc-3270 \" data-hspacer=\"no_spacer\"  data-halign=\"left\" style=\"text-align:left\"><div class=\"uvc-heading-spacer no_spacer\" style=\"top\"><\/div><div class=\"uvc-main-heading ult-responsive\"  data-ultimate-target='.uvc-heading.ultimate-heading-157469f0ccde7429d h2'  data-responsive-json-new='{\"font-size\":\"desktop:26px;\",\"line-height\":\"desktop:32px;\"}' ><h2 style=\"font-weight:bold;margin-bottom:20px;\">BENEFICIOS DE LA LICENCIATURA EN NEGOCIOS INTERNACIONALES<\/h2><\/div><\/div>[vc_column_text]<\/p>\n<h2><span style=\"color: #ffb536;\"><strong>A-RVOE-DG-NS\/010\/2019<\/strong><\/span><\/h2>\n<p class=\"p1\">EL \u00e9xito de las transacciones globales se basa en la adecuada planeaci\u00f3n y desarrollo de estrategias viables para hacer llegar un producto y\/o servicio a otros lugares. Es labor importante del Licenciado en Negocios Internacionales el analizar las cuestiones culturales, econ\u00f3micas y sociales de una regi\u00f3n espec\u00edfica para lograr la aceptaci\u00f3n del consumidor de otro pa\u00eds.<\/p>\n<p>[\/vc_column_text]<div id=\"ultimate-heading-696869f0ccde742fd\" class=\"uvc-heading ult-adjust-bottom-margin ultimate-heading-696869f0ccde742fd uvc-9460 \" data-hspacer=\"no_spacer\"  data-halign=\"left\" style=\"text-align:left\"><div class=\"uvc-heading-spacer no_spacer\" style=\"top\"><\/div><div class=\"uvc-main-heading ult-responsive\"  data-ultimate-target='.uvc-heading.ultimate-heading-696869f0ccde742fd h2'  data-responsive-json-new='{\"font-size\":\"desktop:26px;\",\"line-height\":\"desktop:32px;\"}' ><h2 style=\"font-weight:bold;margin-bottom:20px;\">NUESTRA OFERTA<\/h2><\/div><\/div><div class=\"smile_icon_list_wrap ult_info_list_container ult-adjust-bottom-margin   vc_custom_1498230419199\"><ul class=\"smile_icon_list left hexagon\"><li class=\"icon_list_item\" style=\" font-size:60px;\"><div class=\"icon_list_icon\" data-animation=\"\" data-animation-delay=\"03\" style=\"font-size:20px;background:#ffb536;color:#ffffff;border-color:#ffb536;\"><i class=\"icomoon-brankic-32x32-target\" ><\/i><\/div><div class=\"icon_description\" id=\"Info-list-wrap-8326\" style=\"font-size:20px;\"><h3 class=\"ult-responsive info-list-heading\"  data-ultimate-target='#Info-list-wrap-8326 h3'  data-responsive-json-new='{\"font-size\":\"desktop:16px;\",\"line-height\":\"desktop:22px;\"}'  style=\"font-family:&#039;Open Sans Condensed&#039;;font-weight:700;\">1. Objetivo de la Licenciatura:<\/h3><div class=\"icon_description_text ult-responsive\"  data-ultimate-target='#Info-list-wrap-8326 .icon_description_text'  data-responsive-json-new='{\"font-size\":\"desktop:12px;\",\"line-height\":\"desktop:20px;\"}'  style=\"\"><p>Formar profesionales con habilidades de dirigir, asesorar y ejecutar estrategias efectivas de negociaci\u00f3n internacional, con alto sentido de responsabilidad, calidad y creatividad, desarrollando ventajas competitivas mediante estrategias de posicionamiento, promoci\u00f3n y distribuci\u00f3n internacional.<\/p>\n<\/div><\/div><div class=\"icon_list_connector\"  style=\"border-right-width: 1px;border-right-style: dashed;border-color: #ffb536;\"><\/div><\/li><\/ul><\/div>[vc_empty_space]<div id=\"ultimate-heading-295969f0ccde744a1\" class=\"uvc-heading ult-adjust-bottom-margin ultimate-heading-295969f0ccde744a1 uvc-4501 \" data-hspacer=\"no_spacer\"  data-halign=\"left\" style=\"text-align:left\"><div class=\"uvc-heading-spacer no_spacer\" style=\"top\"><\/div><div class=\"uvc-main-heading ult-responsive\"  data-ultimate-target='.uvc-heading.ultimate-heading-295969f0ccde744a1 h2'  data-responsive-json-new='{\"font-size\":\"desktop:26px;\",\"line-height\":\"desktop:32px;\"}' ><h2 style=\"font-weight:bold;margin-bottom:20px;\">CONOCE NUESTRO PLAN DE ESTUDIO<\/h2><\/div><\/div><div class=\"standard-number-list bullet-top\"><ul>\n<li><a href=\"https:\/\/www.ipn.mx\/assets\/files\/ofertaEducativa\/mapa-curricular\/superior\/escolarizado\/Mapa-curricular-LNI.pdf\" target=\"_blank\" rel=\"noopener\">Descarga formato PDF<\/a><\/li>\n<\/ul>\n<\/div>[\/vc_column][\/vc_row]<\/p>\n","protected":false},"excerpt":{"rendered":"<p>[vc_row type=\u00bbvc_default\u00bb][vc_column css=\u00bb.vc_custom_1498229431694{padding-bottom: 50px !important;}\u00bb][vc_column_text] A-RVOE-DG-NS\/010\/2019 EL \u00e9xito de las transacciones globales se basa en la adecuada planeaci\u00f3n y desarrollo de estrategias viables para hacer llegar un producto y\/o servicio a otros lugares. Es labor importante del Licenciado en Negocios Internacionales el analizar las cuestiones culturales, econ\u00f3micas y sociales de una regi\u00f3n espec\u00edfica para lograr&hellip;<\/p>\n","protected":false},"author":1,"featured_media":0,"parent":0,"menu_order":100,"comment_status":"closed","ping_status":"closed","template":"","meta":{"om_disable_all_campaigns":false,"_monsterinsights_skip_tracking":false,"_monsterinsights_sitenote_active":false,"_monsterinsights_sitenote_note":"","_monsterinsights_sitenote_category":0,"footnotes":""},"class_list":["post-5380","page","type-page","status-publish","hentry","description-off"],"yoast_head":"<!-- This site is optimized with the Yoast SEO plugin v19.1 - https:\/\/yoast.com\/wordpress\/plugins\/seo\/ -->\n<title>NEGOCIOS INTERNACIONALES - Tec de Mexico<\/title>\n<meta name=\"robots\" content=\"index, follow, max-snippet:-1, max-image-preview:large, max-video-preview:-1\" \/>\n<link rel=\"canonical\" href=\"https:\/\/tecdemexico.edu.mx\/?page_id=5380\" \/>\n<meta property=\"og:locale\" content=\"es_ES\" \/>\n<meta property=\"og:type\" content=\"article\" \/>\n<meta property=\"og:title\" content=\"NEGOCIOS INTERNACIONALES - Tec de Mexico\" \/>\n<meta property=\"og:description\" content=\"[vc_row type=\u00bbvc_default\u00bb][vc_column css=\u00bb.vc_custom_1498229431694{padding-bottom: 50px !important;}\u00bb][vc_column_text] A-RVOE-DG-NS\/010\/2019 EL \u00e9xito de las transacciones globales se basa en la adecuada planeaci\u00f3n y desarrollo de estrategias viables para hacer llegar un producto y\/o servicio a otros lugares. Es labor importante del Licenciado en Negocios Internacionales el analizar las cuestiones culturales, econ\u00f3micas y sociales de una regi\u00f3n espec\u00edfica para lograr&hellip;\" \/>\n<meta property=\"og:url\" content=\"https:\/\/tecdemexico.edu.mx\/?page_id=5380\" \/>\n<meta property=\"og:site_name\" content=\"Tec de Mexico\" \/>\n<meta property=\"article:modified_time\" content=\"2022-06-10T19:48:39+00:00\" \/>\n<meta name=\"twitter:card\" content=\"summary_large_image\" \/>\n<meta name=\"twitter:label1\" content=\"Tiempo de lectura\" \/>\n\t<meta name=\"twitter:data1\" content=\"1 minuto\" \/>\n<script type=\"application\/ld+json\" class=\"yoast-schema-graph\">{\"@context\":\"https:\/\/schema.org\",\"@graph\":[{\"@type\":\"WebSite\",\"@id\":\"https:\/\/tecdemexico.edu.mx\/#website\",\"url\":\"https:\/\/tecdemexico.edu.mx\/\",\"name\":\"Tec de Mexico\",\"description\":\"Colegio Tecnol\u00f3gico de M\u00e9xico\",\"potentialAction\":[{\"@type\":\"SearchAction\",\"target\":{\"@type\":\"EntryPoint\",\"urlTemplate\":\"https:\/\/tecdemexico.edu.mx\/?s={search_term_string}\"},\"query-input\":\"required name=search_term_string\"}],\"inLanguage\":\"es\"},{\"@type\":\"WebPage\",\"@id\":\"https:\/\/tecdemexico.edu.mx\/?page_id=5380#webpage\",\"url\":\"https:\/\/tecdemexico.edu.mx\/?page_id=5380\",\"name\":\"NEGOCIOS INTERNACIONALES - Tec de Mexico\",\"isPartOf\":{\"@id\":\"https:\/\/tecdemexico.edu.mx\/#website\"},\"datePublished\":\"2022-05-30T06:31:02+00:00\",\"dateModified\":\"2022-06-10T19:48:39+00:00\",\"breadcrumb\":{\"@id\":\"https:\/\/tecdemexico.edu.mx\/?page_id=5380#breadcrumb\"},\"inLanguage\":\"es\",\"potentialAction\":[{\"@type\":\"ReadAction\",\"target\":[\"https:\/\/tecdemexico.edu.mx\/?page_id=5380\"]}]},{\"@type\":\"BreadcrumbList\",\"@id\":\"https:\/\/tecdemexico.edu.mx\/?page_id=5380#breadcrumb\",\"itemListElement\":[{\"@type\":\"ListItem\",\"position\":1,\"name\":\"Portada\",\"item\":\"https:\/\/tecdemexico.edu.mx\/\"},{\"@type\":\"ListItem\",\"position\":2,\"name\":\"NEGOCIOS INTERNACIONALES\"}]}]}<\/script>\n<!-- \/ Yoast SEO plugin. -->","yoast_head_json":{"title":"NEGOCIOS INTERNACIONALES - Tec de Mexico","robots":{"index":"index","follow":"follow","max-snippet":"max-snippet:-1","max-image-preview":"max-image-preview:large","max-video-preview":"max-video-preview:-1"},"canonical":"https:\/\/tecdemexico.edu.mx\/?page_id=5380","og_locale":"es_ES","og_type":"article","og_title":"NEGOCIOS INTERNACIONALES - Tec de Mexico","og_description":"[vc_row type=\u00bbvc_default\u00bb][vc_column css=\u00bb.vc_custom_1498229431694{padding-bottom: 50px !important;}\u00bb][vc_column_text] A-RVOE-DG-NS\/010\/2019 EL \u00e9xito de las transacciones globales se basa en la adecuada planeaci\u00f3n y desarrollo de estrategias viables para hacer llegar un producto y\/o servicio a otros lugares. Es labor importante del Licenciado en Negocios Internacionales el analizar las cuestiones culturales, econ\u00f3micas y sociales de una regi\u00f3n espec\u00edfica para lograr&hellip;","og_url":"https:\/\/tecdemexico.edu.mx\/?page_id=5380","og_site_name":"Tec de Mexico","article_modified_time":"2022-06-10T19:48:39+00:00","twitter_card":"summary_large_image","twitter_misc":{"Tiempo de lectura":"1 minuto"},"schema":{"@context":"https:\/\/schema.org","@graph":[{"@type":"WebSite","@id":"https:\/\/tecdemexico.edu.mx\/#website","url":"https:\/\/tecdemexico.edu.mx\/","name":"Tec de Mexico","description":"Colegio Tecnol\u00f3gico de M\u00e9xico","potentialAction":[{"@type":"SearchAction","target":{"@type":"EntryPoint","urlTemplate":"https:\/\/tecdemexico.edu.mx\/?s={search_term_string}"},"query-input":"required name=search_term_string"}],"inLanguage":"es"},{"@type":"WebPage","@id":"https:\/\/tecdemexico.edu.mx\/?page_id=5380#webpage","url":"https:\/\/tecdemexico.edu.mx\/?page_id=5380","name":"NEGOCIOS INTERNACIONALES - Tec de Mexico","isPartOf":{"@id":"https:\/\/tecdemexico.edu.mx\/#website"},"datePublished":"2022-05-30T06:31:02+00:00","dateModified":"2022-06-10T19:48:39+00:00","breadcrumb":{"@id":"https:\/\/tecdemexico.edu.mx\/?page_id=5380#breadcrumb"},"inLanguage":"es","potentialAction":[{"@type":"ReadAction","target":["https:\/\/tecdemexico.edu.mx\/?page_id=5380"]}]},{"@type":"BreadcrumbList","@id":"https:\/\/tecdemexico.edu.mx\/?page_id=5380#breadcrumb","itemListElement":[{"@type":"ListItem","position":1,"name":"Portada","item":"https:\/\/tecdemexico.edu.mx\/"},{"@type":"ListItem","position":2,"name":"NEGOCIOS INTERNACIONALES"}]}]}},"_links":{"self":[{"href":"https:\/\/tecdemexico.edu.mx\/index.php?rest_route=\/wp\/v2\/pages\/5380","targetHints":{"allow":["GET"]}}],"collection":[{"href":"https:\/\/tecdemexico.edu.mx\/index.php?rest_route=\/wp\/v2\/pages"}],"about":[{"href":"https:\/\/tecdemexico.edu.mx\/index.php?rest_route=\/wp\/v2\/types\/page"}],"author":[{"embeddable":true,"href":"https:\/\/tecdemexico.edu.mx\/index.php?rest_route=\/wp\/v2\/users\/1"}],"replies":[{"embeddable":true,"href":"https:\/\/tecdemexico.edu.mx\/index.php?rest_route=%2Fwp%2Fv2%2Fcomments&post=5380"}],"version-history":[{"count":9,"href":"https:\/\/tecdemexico.edu.mx\/index.php?rest_route=\/wp\/v2\/pages\/5380\/revisions"}],"predecessor-version":[{"id":6100,"href":"https:\/\/tecdemexico.edu.mx\/index.php?rest_route=\/wp\/v2\/pages\/5380\/revisions\/6100"}],"wp:attachment":[{"href":"https:\/\/tecdemexico.edu.mx\/index.php?rest_route=%2Fwp%2Fv2%2Fmedia&parent=5380"}],"curies":[{"name":"wp","href":"https:\/\/api.w.org\/{rel}","templated":true}]}}