{"id":5404,"date":"2022-05-30T01:17:46","date_gmt":"2022-05-30T07:17:46","guid":{"rendered":"https:\/\/dev.tecdemexico.edu.mx\/?page_id=5404"},"modified":"2022-06-07T13:30:21","modified_gmt":"2022-06-07T19:30:21","slug":"educacion-continua","status":"publish","type":"page","link":"https:\/\/tecdemexico.edu.mx\/?page_id=5404","title":{"rendered":"EDUCACI\u00d3N CONTINUA"},"content":{"rendered":"<p>[vc_row type=\u00bbvc_default\u00bb css=\u00bb.vc_custom_1476008791393{padding-top: 70px !important;padding-bottom: 25px !important;}\u00bb][vc_column offset=\u00bbvc_col-lg-6 vc_col-md-6 vc_col-xs-12&#8243; css=\u00bb.vc_custom_1476005293248{padding-bottom: 50px !important;}\u00bb]<div id=\"ultimate-heading-206069e1f6fc8614c\" class=\"uvc-heading ult-adjust-bottom-margin ultimate-heading-206069e1f6fc8614c uvc-9935 \" data-hspacer=\"no_spacer\"  data-halign=\"left\" style=\"text-align:left\"><div class=\"uvc-heading-spacer no_spacer\" style=\"top\"><\/div><div class=\"uvc-main-heading ult-responsive\"  data-ultimate-target='.uvc-heading.ultimate-heading-206069e1f6fc8614c h2'  data-responsive-json-new='{\"font-size\":\"desktop:26px;\",\"line-height\":\"desktop:32px;\"}' ><h2 style=\"font-weight:bold;margin-bottom:20px;\">Fortalece tus conocimientos y contin\u00faa tu aprendizaje.<\/h2><\/div><\/div>[vc_column_text]El \u00e1rea de Educaci\u00f3n Continua, tiene la finalidad de enriquecer y completar la formaci\u00f3n curricular de los participantes, con el prop\u00f3sito de profundizar y ampliar sus conocimientos en diversas \u00e1reas.<\/p>\n<p>Nuestro modelo en Educaci\u00f3n Continua, consta de sesiones en modalidad <strong>LIVE<\/strong> a trav\u00e9s de la plataforma <strong>MEET<\/strong>, en donde las clases son impartidas en tiempo real, un d\u00eda a la semana y sesiones de 3 horas, elige algunos de los horarios que tenemos para ti.<\/p>\n<p>A trav\u00e9s de estos cursos tu aprendizaje ser\u00e1 significativo, gracias a la estrategia de estudio de casos reales en donde el enfoque es tu entorno laboral.<\/p>\n<p>Interact\u00faa con los mejores maestros y compa\u00f1eros, participando en sesiones virtuales en tiempo real.[\/vc_column_text][\/vc_column][vc_column offset=\u00bbvc_col-lg-6 vc_col-md-6 vc_col-xs-12&#8243; css=\u00bb.vc_custom_1476005300152{padding-bottom: 50px !important;}\u00bb]<div id=\"ultimate-heading-308569e1f6fc86192\" class=\"uvc-heading ult-adjust-bottom-margin ultimate-heading-308569e1f6fc86192 uvc-9676 \" data-hspacer=\"no_spacer\"  data-halign=\"left\" style=\"text-align:left\"><div class=\"uvc-heading-spacer no_spacer\" style=\"top\"><\/div><div class=\"uvc-main-heading ult-responsive\"  data-ultimate-target='.uvc-heading.ultimate-heading-308569e1f6fc86192 h2'  data-responsive-json-new='{\"font-size\":\"desktop:26px;\",\"line-height\":\"desktop:32px;\"}' ><h2 style=\"font-weight:bold;margin-bottom:20px;\">El centro eres t\u00fa.<\/h2><\/div><\/div>[vc_progress_bar values=\u00bb%5B%7B%22label%22%3A%22Diplomado%20en%20Dise%C3%B1o%20y%20Evaluaci%C3%B3n%20de%20Programas%20-%20Duraci%C3%B3n%3A%2040%20hrs.%22%2C%22value%22%3A%2250%22%7D%2C%7B%22label%22%3A%22Diplomado%20en%20Excel%20para%20peque%C3%B1os%20negocios%20-%20Duraci%C3%B3n%3A%2040%20hrs.%22%2C%22value%22%3A%2250%22%7D%2C%7B%22label%22%3A%22Diplomado%20en%20Finanzas%20para%20no%20financieros%20-%20Duraci%C3%B3n%3A%2040%20hrs.%20%22%2C%22value%22%3A%2250%22%7D%2C%7B%22label%22%3A%22Diplomado%20en%20Administraci%C3%B3n%20de%20Proyectos%20-%20Duraci%C3%B3n%3A%2040%20hrs.%20%22%2C%22value%22%3A%2250%22%7D%2C%7B%22label%22%3A%22Diplomado%20en%20Mercadotecnia%20en%20los%20Servicios%20de%20Salud%20-%20Duraci%C3%B3n%3A%2020%20Hrs.%20%22%2C%22value%22%3A%2225%22%7D%2C%7B%22label%22%3A%22Diplomado%20en%20Derecho%20Penal%20-%20Duraci%C3%B3n%3A%2040%20Hrs.%22%2C%22value%22%3A%2250%22%7D%2C%7B%22label%22%3A%22Diplomado%20en%20Pol%C3%ADticas%20P%C3%BAblicas%20-%20Duraci%C3%B3n%3A%2040%20Hrs.%22%2C%22value%22%3A%2250%22%7D%2C%7B%22label%22%3A%22Diplomado%20en%20Big%20Data%20para%20la%20toma%20de%20Decisiones%20-%20Duraci%C3%B3n%3A%2080%20Hrs.%22%2C%22value%22%3A%22100%22%7D%5D\u00bb options=\u00bbstriped,animated\u00bb caption_pos=\u00bbtop\u00bb][\/vc_column][\/vc_row][vc_row full_width=\u00bbstretch_row\u00bb equal_height=\u00bbyes\u00bb content_placement=\u00bbmiddle\u00bb bg_type=\u00bbbg_color\u00bb type=\u00bbvc_default\u00bb css=\u00bb.vc_custom_1498804043002{padding-top: 70px !important;padding-bottom: 20px !important;}\u00bb bg_color_value=\u00bb#f5f5f5&#8243;][vc_column css=\u00bb.vc_custom_1498755622313{padding-bottom: 50px !important;}\u00bb offset=\u00bbvc_col-lg-8 vc_col-md-7&#8243;]<div id=\"ultimate-heading-150069e1f6fc861ba\" class=\"uvc-heading ult-adjust-bottom-margin ultimate-heading-150069e1f6fc861ba uvc-1738 \" data-hspacer=\"no_spacer\"  data-halign=\"left\" style=\"text-align:left\"><div class=\"uvc-heading-spacer no_spacer\" style=\"top\"><\/div><div class=\"uvc-main-heading ult-responsive\"  data-ultimate-target='.uvc-heading.ultimate-heading-150069e1f6fc861ba h2'  data-responsive-json-new='{\"font-size\":\"desktop:40px;\",\"line-height\":\"desktop:46px;\"}' ><h2 style=\"font-weight:bold;margin-bottom:30px;\">MENSAJE DE LA RECTOR\u00cdA<\/h2><\/div><div class=\"uvc-sub-heading ult-responsive\"  data-ultimate-target='.uvc-heading.ultimate-heading-150069e1f6fc861ba .uvc-sub-heading '  data-responsive-json-new='{\"font-size\":\"desktop:20px;mobile_landscape:15px;\",\"line-height\":\"desktop:32px;mobile_landscape:22px;\"}'  style=\"font-style:italic;font-weight:normal;margin-bottom:30px;\">En el Colegio Tecnol\u00f3gico de M\u00e9xico, tenemos la responsabilidad de coadyuvar en la mejora educativa de nuestra comunidad. Desde Bachillerato hasta Posgrado, buscamos desarrollar habilidades cognitivas correspondientes a cada nivel; es por ello que nuestros programas acad\u00e9micos cumplen con este objetivo. Ser\u00e1 un gusto para nosotros recibirte y saber que formar\u00e1s parte de esta instituci\u00f3n educativa, en donde el compromiso, trabajo en equipo y liderazgo, ser\u00e1 fundamental para tu desarrollo.<\/div><\/div><div id=\"ultimate-heading-169369e1f6fc861ee\" class=\"uvc-heading ult-adjust-bottom-margin ultimate-heading-169369e1f6fc861ee uvc-6479 color-title\" data-hspacer=\"no_spacer\"  data-halign=\"left\" style=\"text-align:left\"><div class=\"uvc-heading-spacer no_spacer\" style=\"top\"><\/div><div class=\"uvc-main-heading ult-responsive\"  data-ultimate-target='.uvc-heading.ultimate-heading-169369e1f6fc861ee h4'  data-responsive-json-new='{\"font-size\":\"desktop:26px;\",\"line-height\":\"desktop:32px;\"}' ><h4 style=\"font-weight:bold;margin-bottom:10px;\">Wlester Santiago<\/h4><\/div><div class=\"uvc-sub-heading ult-responsive\"  data-ultimate-target='.uvc-heading.ultimate-heading-169369e1f6fc861ee .uvc-sub-heading '  data-responsive-json-new='{\"font-size\":\"desktop:20px;\",\"line-height\":\"desktop:26px;\"}'  style=\"font-family:&#039;Open Sans Condensed&#039;;font-weight:700;color:#ffb536;\">Rector<\/div><\/div>[\/vc_column][vc_column width=\u00bb1\/2&#8243; offset=\u00bbvc_col-lg-offset-0 vc_col-lg-4 vc_col-md-offset-0 vc_col-md-5 vc_col-sm-offset-3 vc_col-xs-offset-2 vc_col-xs-8&#8243; css=\u00bb.vc_custom_1498755704655{padding-bottom: 50px !important;}\u00bb]<style type=\"text\/css\" data-type=\"the7_shortcodes-inline-css\">.shortcode-single-image-wrap.shortcode-single-image-d6da53fe245bb120a00d1abbf94d226c.enable-bg-rollover .rollover i,\n.shortcode-single-image-wrap.shortcode-single-image-d6da53fe245bb120a00d1abbf94d226c.enable-bg-rollover .rollover-video i {\n  background: -webkit-linear-gradient();\n  background: linear-gradient();\n}\n.shortcode-single-image-wrap.shortcode-single-image-d6da53fe245bb120a00d1abbf94d226c .rollover-icon {\n  font-size: 32px;\n  color: #ffffff;\n  min-width: 44px;\n  min-height: 44px;\n  line-height: 44px;\n  border-radius: 100px;\n  border-style: solid;\n  border-width: 0px;\n}\n.dt-icon-bg-on.shortcode-single-image-wrap.shortcode-single-image-d6da53fe245bb120a00d1abbf94d226c .rollover-icon {\n  background: rgba(255,255,255,0.3);\n  box-shadow: none;\n}\n<\/style>[\/vc_column][\/vc_row][vc_row bg_type=\u00bbbg_color\u00bb bg_override=\u00bbex-full\u00bb type=\u00bbvc_default\u00bb margin_top=\u00bb-50&#8243; css=\u00bb.vc_custom_1653895705615{padding-top: 50px !important;background-color: #000000 !important;}\u00bb bg_color_value=\u00bb#0072bc\u00bb][vc_column width=\u00bb1\/3&#8243; offset=\u00bbvc_col-lg-4 vc_col-md-4&#8243; css=\u00bb.vc_custom_1476007482956{padding-bottom: 50px !important;}\u00bb]<div class=\"stats-block stats-left  accent-icon-bg  vc_custom_1654047525736\"><div class=\"aio-icon-left\"><div class=\"ult-just-icon-wrapper  \"><div class=\"align-icon\" style=\"text-align:center;\">\n<div class=\"aio-icon circle \"  style=\"color:#ffffff;background:#ffffff;font-size:32px;display:inline-block;\">\n\t<i class=\"icomoon-icomoonfree-16x16-users\"><\/i>\n<\/div><\/div><\/div><\/div><div class=\"stats-desc\" id=\"counter-responsv-wrap-3525\"><div id=\"counter_216827257769e1f6fc87611\" data-id=\"counter_216827257769e1f6fc87611\"  data-ultimate-target='#counter-responsv-wrap-3525 .stats-number'  data-responsive-json-new='{\"font-size\":\"desktop:70px;\",\"line-height\":\"desktop:70px;\"}'  class=\"stats-number ult-responsive\" style=\" color:#ffffff; font-family:&#039;Open Sans Condensed&#039;;font-weight:700;color:#ffffff;\" data-speed=\"3\" data-counter-value=\"17\" data-separator=\",\" data-decimal=\".\">0<\/div><div id=\"counter_216827257769e1f6fc87611\"  data-ultimate-target='#counter-responsv-wrap-3525 .stats-text'  data-responsive-json-new='{\"font-size\":\"desktop:20px;\",\"line-height\":\"desktop:26px;\"}'  class=\"stats-text ult-responsive\" style=\"font-size:px; color:#ffffff; font-family:&#039;Open Sans Condensed&#039;;font-weight:700;\">OFERTAS EDUCATIVAS<\/div><\/div><\/div>[\/vc_column][vc_column width=\u00bb1\/3&#8243; css=\u00bb.vc_custom_1476007487982{padding-bottom: 50px !important;}\u00bb]<div class=\"stats-block stats-left  accent-icon-bg  vc_custom_1654047541811\"><div class=\"aio-icon-left\"><div class=\"ult-just-icon-wrapper  \"><div class=\"align-icon\" style=\"text-align:center;\">\n<div class=\"aio-icon circle \"  style=\"color:#ffffff;background:#ffffff;font-size:32px;display:inline-block;\">\n\t<i class=\"icomoon-icomoonfree-16x16-user-tie\"><\/i>\n<\/div><\/div><\/div><\/div><div class=\"stats-desc\" id=\"counter-responsv-wrap-5285\"><div id=\"counter_225084285969e1f6fc8772e\" data-id=\"counter_225084285969e1f6fc8772e\"  data-ultimate-target='#counter-responsv-wrap-5285 .stats-number'  data-responsive-json-new='{\"font-size\":\"desktop:70px;\",\"line-height\":\"desktop:70px;\"}'  class=\"stats-number ult-responsive\" style=\" color:#ffffff; font-family:&#039;Open Sans Condensed&#039;;font-weight:700;color:#ffffff;\" data-speed=\"3\" data-counter-value=\"120\" data-separator=\",\" data-decimal=\".\">0<\/div><div id=\"counter_225084285969e1f6fc8772e\"  data-ultimate-target='#counter-responsv-wrap-5285 .stats-text'  data-responsive-json-new='{\"font-size\":\"desktop:20px;\",\"line-height\":\"desktop:26px;\"}'  class=\"stats-text ult-responsive\" style=\"font-size:px; color:#ffffff; font-family:&#039;Open Sans Condensed&#039;;font-weight:700;\">DOCENTES DE EXCELENCIA<\/div><\/div><\/div>[\/vc_column][vc_column width=\u00bb1\/3&#8243; css=\u00bb.vc_custom_1476007492901{padding-bottom: 50px !important;}\u00bb]<div class=\"stats-block stats-left  accent-icon-bg  vc_custom_1654047554058\"><div class=\"aio-icon-left\"><div class=\"ult-just-icon-wrapper  \"><div class=\"align-icon\" style=\"text-align:center;\">\n<div class=\"aio-icon circle \"  style=\"color:#ffffff;background:#ffffff;font-size:32px;display:inline-block;\">\n\t<i class=\"icomoon-icomoonfree-16x16-briefcase\"><\/i>\n<\/div><\/div><\/div><\/div><div class=\"stats-desc\" id=\"counter-responsv-wrap-5069\"><div id=\"counter_239077036169e1f6fc877d4\" data-id=\"counter_239077036169e1f6fc877d4\"  data-ultimate-target='#counter-responsv-wrap-5069 .stats-number'  data-responsive-json-new='{\"font-size\":\"desktop:70px;\",\"line-height\":\"desktop:70px;\"}'  class=\"stats-number ult-responsive\" style=\" color:#ffffff; font-family:&#039;Open Sans Condensed&#039;;font-weight:700;color:#ffffff;\" data-speed=\"3\" data-counter-value=\"315\" data-separator=\",\" data-decimal=\".\">0<\/div><div id=\"counter_239077036169e1f6fc877d4\"  data-ultimate-target='#counter-responsv-wrap-5069 .stats-text'  data-responsive-json-new='{\"font-size\":\"desktop:20px;\",\"line-height\":\"desktop:26px;\"}'  class=\"stats-text ult-responsive\" style=\"font-size:px; color:#ffffff; font-family:&#039;Open Sans Condensed&#039;;font-weight:700;\">EGRESADOS ANUALES<\/div><\/div><\/div>[\/vc_column][\/vc_row]<\/p>\n","protected":false},"excerpt":{"rendered":"<p>[vc_row type=\u00bbvc_default\u00bb css=\u00bb.vc_custom_1476008791393{padding-top: 70px !important;padding-bottom: 25px !important;}\u00bb][vc_column offset=\u00bbvc_col-lg-6 vc_col-md-6 vc_col-xs-12&#8243; css=\u00bb.vc_custom_1476005293248{padding-bottom: 50px !important;}\u00bb][vc_column_text]El \u00e1rea de Educaci\u00f3n Continua, tiene la finalidad de enriquecer y completar la formaci\u00f3n curricular de los participantes, con el prop\u00f3sito de profundizar y ampliar sus conocimientos en diversas \u00e1reas. Nuestro modelo en Educaci\u00f3n Continua, consta de sesiones en modalidad LIVE a trav\u00e9s&hellip;<\/p>\n","protected":false},"author":1,"featured_media":0,"parent":0,"menu_order":100,"comment_status":"closed","ping_status":"closed","template":"","meta":{"om_disable_all_campaigns":false,"_monsterinsights_skip_tracking":false,"_monsterinsights_sitenote_active":false,"_monsterinsights_sitenote_note":"","_monsterinsights_sitenote_category":0,"footnotes":""},"class_list":["post-5404","page","type-page","status-publish","hentry","description-off"],"yoast_head":"<!-- This site is optimized with the Yoast SEO plugin v19.1 - https:\/\/yoast.com\/wordpress\/plugins\/seo\/ -->\n<title>EDUCACI\u00d3N CONTINUA - Tec de Mexico<\/title>\n<meta name=\"robots\" content=\"index, follow, max-snippet:-1, max-image-preview:large, max-video-preview:-1\" \/>\n<link rel=\"canonical\" href=\"https:\/\/tecdemexico.edu.mx\/?page_id=5404\" \/>\n<meta property=\"og:locale\" content=\"es_ES\" \/>\n<meta property=\"og:type\" content=\"article\" \/>\n<meta property=\"og:title\" content=\"EDUCACI\u00d3N CONTINUA - Tec de Mexico\" \/>\n<meta property=\"og:description\" content=\"[vc_row type=\u00bbvc_default\u00bb css=\u00bb.vc_custom_1476008791393{padding-top: 70px !important;padding-bottom: 25px !important;}\u00bb][vc_column offset=\u00bbvc_col-lg-6 vc_col-md-6 vc_col-xs-12&#8243; css=\u00bb.vc_custom_1476005293248{padding-bottom: 50px !important;}\u00bb][vc_column_text]El \u00e1rea de Educaci\u00f3n Continua, tiene la finalidad de enriquecer y completar la formaci\u00f3n curricular de los participantes, con el prop\u00f3sito de profundizar y ampliar sus conocimientos en diversas \u00e1reas. Nuestro modelo en Educaci\u00f3n Continua, consta de sesiones en modalidad LIVE a trav\u00e9s&hellip;\" \/>\n<meta property=\"og:url\" content=\"https:\/\/tecdemexico.edu.mx\/?page_id=5404\" \/>\n<meta property=\"og:site_name\" content=\"Tec de Mexico\" \/>\n<meta property=\"article:modified_time\" content=\"2022-06-07T19:30:21+00:00\" \/>\n<meta name=\"twitter:card\" content=\"summary_large_image\" \/>\n<meta name=\"twitter:label1\" content=\"Tiempo de lectura\" \/>\n\t<meta name=\"twitter:data1\" content=\"2 minutos\" \/>\n<script type=\"application\/ld+json\" class=\"yoast-schema-graph\">{\"@context\":\"https:\/\/schema.org\",\"@graph\":[{\"@type\":\"WebSite\",\"@id\":\"https:\/\/tecdemexico.edu.mx\/#website\",\"url\":\"https:\/\/tecdemexico.edu.mx\/\",\"name\":\"Tec de Mexico\",\"description\":\"Colegio Tecnol\u00f3gico de M\u00e9xico\",\"potentialAction\":[{\"@type\":\"SearchAction\",\"target\":{\"@type\":\"EntryPoint\",\"urlTemplate\":\"https:\/\/tecdemexico.edu.mx\/?s={search_term_string}\"},\"query-input\":\"required name=search_term_string\"}],\"inLanguage\":\"es\"},{\"@type\":\"WebPage\",\"@id\":\"https:\/\/tecdemexico.edu.mx\/?page_id=5404#webpage\",\"url\":\"https:\/\/tecdemexico.edu.mx\/?page_id=5404\",\"name\":\"EDUCACI\u00d3N CONTINUA - Tec de Mexico\",\"isPartOf\":{\"@id\":\"https:\/\/tecdemexico.edu.mx\/#website\"},\"datePublished\":\"2022-05-30T07:17:46+00:00\",\"dateModified\":\"2022-06-07T19:30:21+00:00\",\"breadcrumb\":{\"@id\":\"https:\/\/tecdemexico.edu.mx\/?page_id=5404#breadcrumb\"},\"inLanguage\":\"es\",\"potentialAction\":[{\"@type\":\"ReadAction\",\"target\":[\"https:\/\/tecdemexico.edu.mx\/?page_id=5404\"]}]},{\"@type\":\"BreadcrumbList\",\"@id\":\"https:\/\/tecdemexico.edu.mx\/?page_id=5404#breadcrumb\",\"itemListElement\":[{\"@type\":\"ListItem\",\"position\":1,\"name\":\"Portada\",\"item\":\"https:\/\/tecdemexico.edu.mx\/\"},{\"@type\":\"ListItem\",\"position\":2,\"name\":\"EDUCACI\u00d3N CONTINUA\"}]}]}<\/script>\n<!-- \/ Yoast SEO plugin. -->","yoast_head_json":{"title":"EDUCACI\u00d3N CONTINUA - Tec de Mexico","robots":{"index":"index","follow":"follow","max-snippet":"max-snippet:-1","max-image-preview":"max-image-preview:large","max-video-preview":"max-video-preview:-1"},"canonical":"https:\/\/tecdemexico.edu.mx\/?page_id=5404","og_locale":"es_ES","og_type":"article","og_title":"EDUCACI\u00d3N CONTINUA - Tec de Mexico","og_description":"[vc_row type=\u00bbvc_default\u00bb css=\u00bb.vc_custom_1476008791393{padding-top: 70px !important;padding-bottom: 25px !important;}\u00bb][vc_column offset=\u00bbvc_col-lg-6 vc_col-md-6 vc_col-xs-12&#8243; css=\u00bb.vc_custom_1476005293248{padding-bottom: 50px !important;}\u00bb][vc_column_text]El \u00e1rea de Educaci\u00f3n Continua, tiene la finalidad de enriquecer y completar la formaci\u00f3n curricular de los participantes, con el prop\u00f3sito de profundizar y ampliar sus conocimientos en diversas \u00e1reas. Nuestro modelo en Educaci\u00f3n Continua, consta de sesiones en modalidad LIVE a trav\u00e9s&hellip;","og_url":"https:\/\/tecdemexico.edu.mx\/?page_id=5404","og_site_name":"Tec de Mexico","article_modified_time":"2022-06-07T19:30:21+00:00","twitter_card":"summary_large_image","twitter_misc":{"Tiempo de lectura":"2 minutos"},"schema":{"@context":"https:\/\/schema.org","@graph":[{"@type":"WebSite","@id":"https:\/\/tecdemexico.edu.mx\/#website","url":"https:\/\/tecdemexico.edu.mx\/","name":"Tec de Mexico","description":"Colegio Tecnol\u00f3gico de M\u00e9xico","potentialAction":[{"@type":"SearchAction","target":{"@type":"EntryPoint","urlTemplate":"https:\/\/tecdemexico.edu.mx\/?s={search_term_string}"},"query-input":"required name=search_term_string"}],"inLanguage":"es"},{"@type":"WebPage","@id":"https:\/\/tecdemexico.edu.mx\/?page_id=5404#webpage","url":"https:\/\/tecdemexico.edu.mx\/?page_id=5404","name":"EDUCACI\u00d3N CONTINUA - Tec de Mexico","isPartOf":{"@id":"https:\/\/tecdemexico.edu.mx\/#website"},"datePublished":"2022-05-30T07:17:46+00:00","dateModified":"2022-06-07T19:30:21+00:00","breadcrumb":{"@id":"https:\/\/tecdemexico.edu.mx\/?page_id=5404#breadcrumb"},"inLanguage":"es","potentialAction":[{"@type":"ReadAction","target":["https:\/\/tecdemexico.edu.mx\/?page_id=5404"]}]},{"@type":"BreadcrumbList","@id":"https:\/\/tecdemexico.edu.mx\/?page_id=5404#breadcrumb","itemListElement":[{"@type":"ListItem","position":1,"name":"Portada","item":"https:\/\/tecdemexico.edu.mx\/"},{"@type":"ListItem","position":2,"name":"EDUCACI\u00d3N CONTINUA"}]}]}},"_links":{"self":[{"href":"https:\/\/tecdemexico.edu.mx\/index.php?rest_route=\/wp\/v2\/pages\/5404","targetHints":{"allow":["GET"]}}],"collection":[{"href":"https:\/\/tecdemexico.edu.mx\/index.php?rest_route=\/wp\/v2\/pages"}],"about":[{"href":"https:\/\/tecdemexico.edu.mx\/index.php?rest_route=\/wp\/v2\/types\/page"}],"author":[{"embeddable":true,"href":"https:\/\/tecdemexico.edu.mx\/index.php?rest_route=\/wp\/v2\/users\/1"}],"replies":[{"embeddable":true,"href":"https:\/\/tecdemexico.edu.mx\/index.php?rest_route=%2Fwp%2Fv2%2Fcomments&post=5404"}],"version-history":[{"count":15,"href":"https:\/\/tecdemexico.edu.mx\/index.php?rest_route=\/wp\/v2\/pages\/5404\/revisions"}],"predecessor-version":[{"id":5968,"href":"https:\/\/tecdemexico.edu.mx\/index.php?rest_route=\/wp\/v2\/pages\/5404\/revisions\/5968"}],"wp:attachment":[{"href":"https:\/\/tecdemexico.edu.mx\/index.php?rest_route=%2Fwp%2Fv2%2Fmedia&parent=5404"}],"curies":[{"name":"wp","href":"https:\/\/api.w.org\/{rel}","templated":true}]}}