{"id":5599,"date":"2022-05-31T17:11:38","date_gmt":"2022-05-31T23:11:38","guid":{"rendered":"https:\/\/dev.tecdemexico.edu.mx\/?page_id=5599"},"modified":"2022-07-01T20:31:05","modified_gmt":"2022-07-02T02:31:05","slug":"comunicado-titulacion","status":"publish","type":"page","link":"https:\/\/tecdemexico.edu.mx\/?page_id=5599","title":{"rendered":"COMUNICADOS"},"content":{"rendered":"<p>[vc_row type=\u00bbvc_default\u00bb][vc_column css=\u00bb.vc_custom_1498229431694{padding-bottom: 50px !important;}\u00bb]<div id=\"ultimate-heading-414369e73d2abff9d\" class=\"uvc-heading ult-adjust-bottom-margin ultimate-heading-414369e73d2abff9d uvc-2019 \" data-hspacer=\"no_spacer\"  data-halign=\"left\" style=\"text-align:left\"><div class=\"uvc-heading-spacer no_spacer\" style=\"top\"><\/div><div class=\"uvc-main-heading ult-responsive\"  data-ultimate-target='.uvc-heading.ultimate-heading-414369e73d2abff9d h2'  data-responsive-json-new='{\"font-size\":\"desktop:26px;\",\"line-height\":\"desktop:32px;\"}' ><h2 style=\"font-weight:bold;margin-bottom:20px;\">ALUMNOS (AS) 9\u00b0 CUATRIMESTRE PRESENTE<\/h2><\/div><\/div>[vc_column_text]<\/p>\n<h3 class=\"p1\">Comunicado de Titulaci\u00f3n.<\/h3>\n<p class=\"p1\">Con la finalidad de que lleves a cabo con \u00e9xito tu tr\u00e1mite de Titulaci\u00f3n, te damos a conocer a continuaci\u00f3n informaci\u00f3n para tal efecto (independientemente de la forma que elijas para titularte).<\/p>\n<p><strong><a href=\"https:\/\/tecdemexico.edu.mx\/wp-content\/uploads\/2022\/06\/Titulacio\u0301n-Licenciatura-final.pdf\" target=\"_blank\" rel=\"noopener\">Descargar archivo PDF.<\/a><\/strong>[\/vc_column_text][vc_separator border_width=\u00bb2&#8243;][vc_column_text]<\/p>\n<h3 class=\"p1\">T\u00edtulo Profesional y C\u00e9dula Electr\u00f3nica.<\/h3>\n<p><strong><a href=\"https:\/\/tecdemexico.edu.mx\/wp-content\/uploads\/2022\/06\/EXTRA-1-Titulo-profesional-y-expedicion-de-cedula-electronica.pdf\" target=\"_blank\" rel=\"noopener\">Descargar archivo PDF.<\/a><\/strong>[\/vc_column_text][vc_separator border_width=\u00bb2&#8243;][vc_column_text]<\/p>\n<h3 class=\"p1\">Intercambio M\u00e9xico \/ Francia.<\/h3>\n<p><strong><a href=\"https:\/\/tecdemexico.edu.mx\/wp-content\/uploads\/2022\/06\/EXTRA-2INTERCAMBIO-ME\u0301XICO-FRANCIA.pdf\" target=\"_blank\" rel=\"noopener\">Descargar archivo PDF.<\/a><\/strong>[\/vc_column_text][vc_empty_space][\/vc_column][\/vc_row]<\/p>\n","protected":false},"excerpt":{"rendered":"<p>[vc_row type=\u00bbvc_default\u00bb][vc_column css=\u00bb.vc_custom_1498229431694{padding-bottom: 50px !important;}\u00bb][vc_column_text] Comunicado de Titulaci\u00f3n. Con la finalidad de que lleves a cabo con \u00e9xito tu tr\u00e1mite de Titulaci\u00f3n, te damos a conocer a continuaci\u00f3n informaci\u00f3n para tal efecto (independientemente de la forma que elijas para titularte). Descargar archivo PDF.[\/vc_column_text][vc_separator border_width=\u00bb2&#8243;][vc_column_text] T\u00edtulo Profesional y C\u00e9dula Electr\u00f3nica. Descargar archivo PDF.[\/vc_column_text][vc_separator border_width=\u00bb2&#8243;][vc_column_text] Intercambio M\u00e9xico&hellip;<\/p>\n","protected":false},"author":1,"featured_media":0,"parent":0,"menu_order":100,"comment_status":"closed","ping_status":"closed","template":"","meta":{"om_disable_all_campaigns":false,"_monsterinsights_skip_tracking":false,"_monsterinsights_sitenote_active":false,"_monsterinsights_sitenote_note":"","_monsterinsights_sitenote_category":0,"footnotes":""},"class_list":["post-5599","page","type-page","status-publish","hentry","description-off"],"yoast_head":"<!-- This site is optimized with the Yoast SEO plugin v19.1 - https:\/\/yoast.com\/wordpress\/plugins\/seo\/ -->\n<title>COMUNICADOS - Tec de Mexico<\/title>\n<meta name=\"robots\" content=\"index, follow, max-snippet:-1, max-image-preview:large, max-video-preview:-1\" \/>\n<link rel=\"canonical\" href=\"https:\/\/tecdemexico.edu.mx\/?page_id=5599\" \/>\n<meta property=\"og:locale\" content=\"es_ES\" \/>\n<meta property=\"og:type\" content=\"article\" \/>\n<meta property=\"og:title\" content=\"COMUNICADOS - Tec de Mexico\" \/>\n<meta property=\"og:description\" content=\"[vc_row type=\u00bbvc_default\u00bb][vc_column css=\u00bb.vc_custom_1498229431694{padding-bottom: 50px !important;}\u00bb][vc_column_text] Comunicado de Titulaci\u00f3n. Con la finalidad de que lleves a cabo con \u00e9xito tu tr\u00e1mite de Titulaci\u00f3n, te damos a conocer a continuaci\u00f3n informaci\u00f3n para tal efecto (independientemente de la forma que elijas para titularte). Descargar archivo PDF.[\/vc_column_text][vc_separator border_width=\u00bb2&#8243;][vc_column_text] T\u00edtulo Profesional y C\u00e9dula Electr\u00f3nica. Descargar archivo PDF.[\/vc_column_text][vc_separator border_width=\u00bb2&#8243;][vc_column_text] Intercambio M\u00e9xico&hellip;\" \/>\n<meta property=\"og:url\" content=\"https:\/\/tecdemexico.edu.mx\/?page_id=5599\" \/>\n<meta property=\"og:site_name\" content=\"Tec de Mexico\" \/>\n<meta property=\"article:modified_time\" content=\"2022-07-02T02:31:05+00:00\" \/>\n<meta name=\"twitter:card\" content=\"summary_large_image\" \/>\n<meta name=\"twitter:label1\" content=\"Tiempo de lectura\" \/>\n\t<meta name=\"twitter:data1\" content=\"1 minuto\" \/>\n<script type=\"application\/ld+json\" class=\"yoast-schema-graph\">{\"@context\":\"https:\/\/schema.org\",\"@graph\":[{\"@type\":\"WebSite\",\"@id\":\"https:\/\/tecdemexico.edu.mx\/#website\",\"url\":\"https:\/\/tecdemexico.edu.mx\/\",\"name\":\"Tec de Mexico\",\"description\":\"Colegio Tecnol\u00f3gico de M\u00e9xico\",\"potentialAction\":[{\"@type\":\"SearchAction\",\"target\":{\"@type\":\"EntryPoint\",\"urlTemplate\":\"https:\/\/tecdemexico.edu.mx\/?s={search_term_string}\"},\"query-input\":\"required name=search_term_string\"}],\"inLanguage\":\"es\"},{\"@type\":\"WebPage\",\"@id\":\"https:\/\/tecdemexico.edu.mx\/?page_id=5599#webpage\",\"url\":\"https:\/\/tecdemexico.edu.mx\/?page_id=5599\",\"name\":\"COMUNICADOS - Tec de Mexico\",\"isPartOf\":{\"@id\":\"https:\/\/tecdemexico.edu.mx\/#website\"},\"datePublished\":\"2022-05-31T23:11:38+00:00\",\"dateModified\":\"2022-07-02T02:31:05+00:00\",\"breadcrumb\":{\"@id\":\"https:\/\/tecdemexico.edu.mx\/?page_id=5599#breadcrumb\"},\"inLanguage\":\"es\",\"potentialAction\":[{\"@type\":\"ReadAction\",\"target\":[\"https:\/\/tecdemexico.edu.mx\/?page_id=5599\"]}]},{\"@type\":\"BreadcrumbList\",\"@id\":\"https:\/\/tecdemexico.edu.mx\/?page_id=5599#breadcrumb\",\"itemListElement\":[{\"@type\":\"ListItem\",\"position\":1,\"name\":\"Portada\",\"item\":\"https:\/\/tecdemexico.edu.mx\/\"},{\"@type\":\"ListItem\",\"position\":2,\"name\":\"COMUNICADOS\"}]}]}<\/script>\n<!-- \/ Yoast SEO plugin. -->","yoast_head_json":{"title":"COMUNICADOS - Tec de Mexico","robots":{"index":"index","follow":"follow","max-snippet":"max-snippet:-1","max-image-preview":"max-image-preview:large","max-video-preview":"max-video-preview:-1"},"canonical":"https:\/\/tecdemexico.edu.mx\/?page_id=5599","og_locale":"es_ES","og_type":"article","og_title":"COMUNICADOS - Tec de Mexico","og_description":"[vc_row type=\u00bbvc_default\u00bb][vc_column css=\u00bb.vc_custom_1498229431694{padding-bottom: 50px !important;}\u00bb][vc_column_text] Comunicado de Titulaci\u00f3n. Con la finalidad de que lleves a cabo con \u00e9xito tu tr\u00e1mite de Titulaci\u00f3n, te damos a conocer a continuaci\u00f3n informaci\u00f3n para tal efecto (independientemente de la forma que elijas para titularte). Descargar archivo PDF.[\/vc_column_text][vc_separator border_width=\u00bb2&#8243;][vc_column_text] T\u00edtulo Profesional y C\u00e9dula Electr\u00f3nica. Descargar archivo PDF.[\/vc_column_text][vc_separator border_width=\u00bb2&#8243;][vc_column_text] Intercambio M\u00e9xico&hellip;","og_url":"https:\/\/tecdemexico.edu.mx\/?page_id=5599","og_site_name":"Tec de Mexico","article_modified_time":"2022-07-02T02:31:05+00:00","twitter_card":"summary_large_image","twitter_misc":{"Tiempo de lectura":"1 minuto"},"schema":{"@context":"https:\/\/schema.org","@graph":[{"@type":"WebSite","@id":"https:\/\/tecdemexico.edu.mx\/#website","url":"https:\/\/tecdemexico.edu.mx\/","name":"Tec de Mexico","description":"Colegio Tecnol\u00f3gico de M\u00e9xico","potentialAction":[{"@type":"SearchAction","target":{"@type":"EntryPoint","urlTemplate":"https:\/\/tecdemexico.edu.mx\/?s={search_term_string}"},"query-input":"required name=search_term_string"}],"inLanguage":"es"},{"@type":"WebPage","@id":"https:\/\/tecdemexico.edu.mx\/?page_id=5599#webpage","url":"https:\/\/tecdemexico.edu.mx\/?page_id=5599","name":"COMUNICADOS - Tec de Mexico","isPartOf":{"@id":"https:\/\/tecdemexico.edu.mx\/#website"},"datePublished":"2022-05-31T23:11:38+00:00","dateModified":"2022-07-02T02:31:05+00:00","breadcrumb":{"@id":"https:\/\/tecdemexico.edu.mx\/?page_id=5599#breadcrumb"},"inLanguage":"es","potentialAction":[{"@type":"ReadAction","target":["https:\/\/tecdemexico.edu.mx\/?page_id=5599"]}]},{"@type":"BreadcrumbList","@id":"https:\/\/tecdemexico.edu.mx\/?page_id=5599#breadcrumb","itemListElement":[{"@type":"ListItem","position":1,"name":"Portada","item":"https:\/\/tecdemexico.edu.mx\/"},{"@type":"ListItem","position":2,"name":"COMUNICADOS"}]}]}},"_links":{"self":[{"href":"https:\/\/tecdemexico.edu.mx\/index.php?rest_route=\/wp\/v2\/pages\/5599","targetHints":{"allow":["GET"]}}],"collection":[{"href":"https:\/\/tecdemexico.edu.mx\/index.php?rest_route=\/wp\/v2\/pages"}],"about":[{"href":"https:\/\/tecdemexico.edu.mx\/index.php?rest_route=\/wp\/v2\/types\/page"}],"author":[{"embeddable":true,"href":"https:\/\/tecdemexico.edu.mx\/index.php?rest_route=\/wp\/v2\/users\/1"}],"replies":[{"embeddable":true,"href":"https:\/\/tecdemexico.edu.mx\/index.php?rest_route=%2Fwp%2Fv2%2Fcomments&post=5599"}],"version-history":[{"count":16,"href":"https:\/\/tecdemexico.edu.mx\/index.php?rest_route=\/wp\/v2\/pages\/5599\/revisions"}],"predecessor-version":[{"id":6158,"href":"https:\/\/tecdemexico.edu.mx\/index.php?rest_route=\/wp\/v2\/pages\/5599\/revisions\/6158"}],"wp:attachment":[{"href":"https:\/\/tecdemexico.edu.mx\/index.php?rest_route=%2Fwp%2Fv2%2Fmedia&parent=5599"}],"curies":[{"name":"wp","href":"https:\/\/api.w.org\/{rel}","templated":true}]}}