{"id":5711,"date":"2022-06-05T09:51:59","date_gmt":"2022-06-05T15:51:59","guid":{"rendered":"https:\/\/dev.tecdemexico.edu.mx\/?page_id=5711"},"modified":"2022-07-07T10:31:55","modified_gmt":"2022-07-07T16:31:55","slug":"contacto-plantel-coapa-2","status":"publish","type":"page","link":"https:\/\/tecdemexico.edu.mx\/?page_id=5711","title":{"rendered":"FORMULARIO DE PRE REGISTRO"},"content":{"rendered":"<p>[vc_row equal_height=\u00bbyes\u00bb css=\u00bb.vc_custom_1580214456726{padding-top: 80px !important;padding-bottom: 20px !important;}\u00bb][vc_column width=\u00bb1\/2&#8243; offset=\u00bbvc_col-xs-12&#8243; css=\u00bb.vc_custom_1654451855459{padding-bottom: 60px !important;}\u00bb]<div id=\"ultimate-heading-964869e7419bece1b\" class=\"uvc-heading ult-adjust-bottom-margin ultimate-heading-964869e7419bece1b uvc-6409 accent-border-color\" data-hspacer=\"line_only\"  data-halign=\"left\" style=\"text-align:left\"><div class=\"uvc-main-heading ult-responsive\"  data-ultimate-target='.uvc-heading.ultimate-heading-964869e7419bece1b h4'  data-responsive-json-new='{\"font-size\":\"desktop:24px;\",\"line-height\":\"desktop:34px;\"}' ><h4 style=\"font-weight:bold;margin-bottom:15px;\">Pong\u00e1monos En Contacto!<\/h4><\/div><div class=\"uvc-sub-heading ult-responsive\"  data-ultimate-target='.uvc-heading.ultimate-heading-964869e7419bece1b .uvc-sub-heading '  data-responsive-json-new='{\"font-size\":\"\",\"line-height\":\"\"}'  style=\"font-weight:bold;\"><\/p>\n<h4>Siempre nos dar\u00e1 gusto saber de ti.<\/h4>\n<p><\/div><div class=\"uvc-heading-spacer line_only\" style=\"margin-bottom:30px;height:3px;\"><span class=\"uvc-headings-line\" style=\"border-style:solid;border-bottom-width:3px;border-color:;width:150px;\"><\/span><\/div><\/div>[vc_column_text css=\u00bb.vc_custom_1653934113825{padding-bottom: 30px !important;}\u00bb]No olvides darte una vuelta por nuestras redes sociales, para que est\u00e9s al tanto de todas las novedades que el Colegio Tecnol\u00f3gico de M\u00e9xico tiene preparadas para ti.[\/vc_column_text]<style type=\"text\/css\" data-type=\"the7_shortcodes-inline-css\">.dt-shortcode-soc-icons.soc-icons-cb68014edf1faece5dcac95c19426bc0 a {\n  margin-right: 10px;\n}\n.dt-shortcode-soc-icons a.soc-icons-cb68014edf1faece5dcac95c19426bc0 {\n  margin-right: 10px;\n}\n.dt-shortcode-soc-icons a.soc-icons-cb68014edf1faece5dcac95c19426bc0:last-child {\n  margin-right: 0;\n}\n.dt-shortcode-soc-icons a.soc-icons-cb68014edf1faece5dcac95c19426bc0:before,\n.dt-shortcode-soc-icons a.soc-icons-cb68014edf1faece5dcac95c19426bc0:after {\n  padding: inherit;\n}\n.dt-shortcode-soc-icons a.soc-icons-cb68014edf1faece5dcac95c19426bc0.dt-icon-border-on:before {\n  border:  solid ;\n}\n.dt-shortcode-soc-icons a.soc-icons-cb68014edf1faece5dcac95c19426bc0.dt-icon-hover-border-on:after {\n  border:  solid ;\n}\n<\/style><div class=\"dt-shortcode-soc-icons  soc-icons-cb68014edf1faece5dcac95c19426bc0 soc-icons-left \" ><style type=\"text\/css\" data-type=\"the7_shortcodes-inline-css\">.dt-shortcode-soc-icons a.single-soc-icon-1b9d200da1a5bfef2b2490a218de0613 {\n  min-width: 40px;\n  min-height: 40px;\n  font-size: 20px;\n  border-radius: 0px;\n}\n.dt-shortcode-soc-icons a.single-soc-icon-1b9d200da1a5bfef2b2490a218de0613:last-child {\n  margin-right: 0;\n}\n.dt-shortcode-soc-icons a.single-soc-icon-1b9d200da1a5bfef2b2490a218de0613:before,\n.dt-shortcode-soc-icons a.single-soc-icon-1b9d200da1a5bfef2b2490a218de0613:after {\n  min-width: 40px;\n  min-height: 40px;\n  padding: inherit;\n}\n.dt-shortcode-soc-icons a.single-soc-icon-1b9d200da1a5bfef2b2490a218de0613.dt-icon-border-on:before {\n  border: 0px solid ;\n}\n.dt-shortcode-soc-icons a.single-soc-icon-1b9d200da1a5bfef2b2490a218de0613.dt-icon-hover-border-on:after {\n  border: 0px solid ;\n}\n.dt-shortcode-soc-icons a.single-soc-icon-1b9d200da1a5bfef2b2490a218de0613:hover {\n  font-size: 20px;\n}\n#page .dt-shortcode-soc-icons a.single-soc-icon-1b9d200da1a5bfef2b2490a218de0613:hover .soc-font-icon,\n#phantom .dt-shortcode-soc-icons a.single-soc-icon-1b9d200da1a5bfef2b2490a218de0613:hover .soc-font-icon,\n#page .dt-shortcode-soc-icons a.single-soc-icon-1b9d200da1a5bfef2b2490a218de0613:hover .soc-icon,\n#phantom .dt-shortcode-soc-icons a.single-soc-icon-1b9d200da1a5bfef2b2490a218de0613:hover .soc-icon {\n  color: #ffffff;\n  background: none;\n}\n#page .dt-shortcode-soc-icons a.single-soc-icon-1b9d200da1a5bfef2b2490a218de0613.dt-icon-hover-bg-on:after,\n#phantom .dt-shortcode-soc-icons a.single-soc-icon-1b9d200da1a5bfef2b2490a218de0613.dt-icon-hover-bg-on:after {\n  background: #209ebe;\n}\n#page .dt-shortcode-soc-icons a.single-soc-icon-1b9d200da1a5bfef2b2490a218de0613:not(:hover) .soc-font-icon,\n#phantom .dt-shortcode-soc-icons a.single-soc-icon-1b9d200da1a5bfef2b2490a218de0613:not(:hover) .soc-font-icon,\n#page .dt-shortcode-soc-icons a.single-soc-icon-1b9d200da1a5bfef2b2490a218de0613:not(:hover) .soc-icon,\n#phantom .dt-shortcode-soc-icons a.single-soc-icon-1b9d200da1a5bfef2b2490a218de0613:not(:hover) .soc-icon {\n  color: #ffffff;\n  background: none;\n}\n.dt-shortcode-soc-icons a.single-soc-icon-1b9d200da1a5bfef2b2490a218de0613 .soc-font-icon,\n.dt-shortcode-soc-icons a.single-soc-icon-1b9d200da1a5bfef2b2490a218de0613 .soc-icon {\n  font-size: 20px;\n}\n<\/style><a title=\"Facebook\" href=\"https:\/\/www.facebook.com\/Colegio-Tecnol%C3%B3gico-de-M%C3%A9xico-343709165799910\/\"  target=\"_blank\"class=\"facebook single-soc-icon-1b9d200da1a5bfef2b2490a218de0613 dt-icon-bg-on dt-icon-border-on dt-icon-hover-border-on dt-icon-hover-bg-on  \" ><i class=\"soc-icon soc-font-icon dt-icon-facebook\"><\/i><span class=\"screen-reader-text\">Facebook<\/span><\/a><\/div>[\/vc_column][vc_column width=\u00bb1\/2&#8243; css=\u00bb.vc_custom_1654451872507{padding-bottom: 60px !important;}\u00bb]<div role=\"form\" class=\"wpcf7\" id=\"wpcf7-f5750-o1\" lang=\"en-US\" dir=\"ltr\">\n<div class=\"screen-reader-response\"><p role=\"status\" aria-live=\"polite\" aria-atomic=\"true\"><\/p> <ul><\/ul><\/div>\n<form action=\"\/index.php?rest_route=%2Fwp%2Fv2%2Fpages%2F5711#wpcf7-f5750-o1\" method=\"post\" class=\"wpcf7-form init\" novalidate=\"novalidate\" data-status=\"init\">\n<div style=\"display: none;\">\n<input type=\"hidden\" name=\"_wpcf7\" value=\"5750\" \/>\n<input type=\"hidden\" name=\"_wpcf7_version\" value=\"5.6\" \/>\n<input type=\"hidden\" name=\"_wpcf7_locale\" value=\"en_US\" \/>\n<input type=\"hidden\" name=\"_wpcf7_unit_tag\" value=\"wpcf7-f5750-o1\" \/>\n<input type=\"hidden\" name=\"_wpcf7_container_post\" value=\"0\" \/>\n<input type=\"hidden\" name=\"_wpcf7_posted_data_hash\" value=\"\" \/>\n<\/div>\n<div class=\"form-container-business\">\n<div class=\"clearfix\">\n<div class=\"inputs-container\">\n<div class=\"form-name form-input\"><span class=\"wpcf7-form-control-wrap\" data-name=\"Name\"><input type=\"text\" name=\"Name\" value=\"\" size=\"40\" class=\"wpcf7-form-control wpcf7-text wpcf7-validates-as-required\" aria-required=\"true\" aria-invalid=\"false\" placeholder=\"Nombre\" \/><\/span><\/div>\n<div class=\"form-email form-input\"><span class=\"wpcf7-form-control-wrap\" data-name=\"email\"><input type=\"email\" name=\"email\" value=\"\" size=\"40\" class=\"wpcf7-form-control wpcf7-text wpcf7-email wpcf7-validates-as-required wpcf7-validates-as-email\" aria-required=\"true\" aria-invalid=\"false\" placeholder=\"Email\" \/><\/span><\/div>\n<div class=\"form-subject form-input\"><span class=\"wpcf7-form-control-wrap\" data-name=\"subject\"><input type=\"text\" name=\"subject\" value=\"\" size=\"40\" class=\"wpcf7-form-control wpcf7-text\" aria-invalid=\"false\" placeholder=\"Asunto\" \/><\/span><\/div>\n<\/div>\n<div class=\"message-container\">\n<div class=\"form-message form-input\"><span class=\"wpcf7-form-control-wrap\" data-name=\"placeholder\"><textarea name=\"placeholder\" cols=\"40\" rows=\"10\" class=\"wpcf7-form-control wpcf7-textarea wpcf7-validates-as-required\" aria-required=\"true\" aria-invalid=\"false\">Mensaje<\/textarea><\/span><\/div>\n<\/div>\n<\/div>\n<div class=\"form-submit\"><input type=\"submit\" value=\"Enviar\" class=\"wpcf7-form-control has-spinner wpcf7-submit\" \/><\/div>\n<\/div>\n<div class=\"wpcf7-response-output\" aria-hidden=\"true\"><\/div><\/form><\/div>[\/vc_column][\/vc_row]<\/p>\n","protected":false},"excerpt":{"rendered":"<p>[vc_row equal_height=\u00bbyes\u00bb css=\u00bb.vc_custom_1580214456726{padding-top: 80px !important;padding-bottom: 20px !important;}\u00bb][vc_column width=\u00bb1\/2&#8243; offset=\u00bbvc_col-xs-12&#8243; css=\u00bb.vc_custom_1654451855459{padding-bottom: 60px !important;}\u00bb][vc_column_text css=\u00bb.vc_custom_1653934113825{padding-bottom: 30px !important;}\u00bb]No olvides darte una vuelta por nuestras redes sociales, para que est\u00e9s al tanto de todas las novedades que el Colegio Tecnol\u00f3gico de M\u00e9xico tiene preparadas para ti.[\/vc_column_text][\/vc_column][vc_column width=\u00bb1\/2&#8243; css=\u00bb.vc_custom_1654451872507{padding-bottom: 60px !important;}\u00bb][\/vc_column][\/vc_row]<\/p>\n","protected":false},"author":1,"featured_media":0,"parent":0,"menu_order":31,"comment_status":"closed","ping_status":"closed","template":"","meta":{"om_disable_all_campaigns":false,"_monsterinsights_skip_tracking":false,"_monsterinsights_sitenote_active":false,"_monsterinsights_sitenote_note":"","_monsterinsights_sitenote_category":0,"footnotes":""},"class_list":["post-5711","page","type-page","status-publish","hentry","description-off"],"yoast_head":"<!-- This site is optimized with the Yoast SEO plugin v19.1 - https:\/\/yoast.com\/wordpress\/plugins\/seo\/ -->\n<title>FORMULARIO DE PRE REGISTRO - Tec de Mexico<\/title>\n<meta name=\"robots\" content=\"index, follow, max-snippet:-1, max-image-preview:large, max-video-preview:-1\" \/>\n<link rel=\"canonical\" href=\"https:\/\/tecdemexico.edu.mx\/?page_id=5711\" \/>\n<meta property=\"og:locale\" content=\"es_ES\" \/>\n<meta property=\"og:type\" content=\"article\" \/>\n<meta property=\"og:title\" content=\"FORMULARIO DE PRE REGISTRO - Tec de Mexico\" \/>\n<meta property=\"og:description\" content=\"[vc_row equal_height=\u00bbyes\u00bb css=\u00bb.vc_custom_1580214456726{padding-top: 80px !important;padding-bottom: 20px !important;}\u00bb][vc_column width=\u00bb1\/2&#8243; offset=\u00bbvc_col-xs-12&#8243; css=\u00bb.vc_custom_1654451855459{padding-bottom: 60px !important;}\u00bb][vc_column_text css=\u00bb.vc_custom_1653934113825{padding-bottom: 30px !important;}\u00bb]No olvides darte una vuelta por nuestras redes sociales, para que est\u00e9s al tanto de todas las novedades que el Colegio Tecnol\u00f3gico de M\u00e9xico tiene preparadas para ti.[\/vc_column_text][\/vc_column][vc_column width=\u00bb1\/2&#8243; css=\u00bb.vc_custom_1654451872507{padding-bottom: 60px !important;}\u00bb][\/vc_column][\/vc_row]\" \/>\n<meta property=\"og:url\" content=\"https:\/\/tecdemexico.edu.mx\/?page_id=5711\" \/>\n<meta property=\"og:site_name\" content=\"Tec de Mexico\" \/>\n<meta property=\"article:modified_time\" content=\"2022-07-07T16:31:55+00:00\" \/>\n<meta name=\"twitter:card\" content=\"summary_large_image\" \/>\n<meta name=\"twitter:label1\" content=\"Tiempo de lectura\" \/>\n\t<meta name=\"twitter:data1\" content=\"1 minuto\" \/>\n<script type=\"application\/ld+json\" class=\"yoast-schema-graph\">{\"@context\":\"https:\/\/schema.org\",\"@graph\":[{\"@type\":\"WebSite\",\"@id\":\"https:\/\/tecdemexico.edu.mx\/#website\",\"url\":\"https:\/\/tecdemexico.edu.mx\/\",\"name\":\"Tec de Mexico\",\"description\":\"Colegio Tecnol\u00f3gico de M\u00e9xico\",\"potentialAction\":[{\"@type\":\"SearchAction\",\"target\":{\"@type\":\"EntryPoint\",\"urlTemplate\":\"https:\/\/tecdemexico.edu.mx\/?s={search_term_string}\"},\"query-input\":\"required name=search_term_string\"}],\"inLanguage\":\"es\"},{\"@type\":\"WebPage\",\"@id\":\"https:\/\/tecdemexico.edu.mx\/?page_id=5711#webpage\",\"url\":\"https:\/\/tecdemexico.edu.mx\/?page_id=5711\",\"name\":\"FORMULARIO DE PRE REGISTRO - Tec de Mexico\",\"isPartOf\":{\"@id\":\"https:\/\/tecdemexico.edu.mx\/#website\"},\"datePublished\":\"2022-06-05T15:51:59+00:00\",\"dateModified\":\"2022-07-07T16:31:55+00:00\",\"breadcrumb\":{\"@id\":\"https:\/\/tecdemexico.edu.mx\/?page_id=5711#breadcrumb\"},\"inLanguage\":\"es\",\"potentialAction\":[{\"@type\":\"ReadAction\",\"target\":[\"https:\/\/tecdemexico.edu.mx\/?page_id=5711\"]}]},{\"@type\":\"BreadcrumbList\",\"@id\":\"https:\/\/tecdemexico.edu.mx\/?page_id=5711#breadcrumb\",\"itemListElement\":[{\"@type\":\"ListItem\",\"position\":1,\"name\":\"Portada\",\"item\":\"https:\/\/tecdemexico.edu.mx\/\"},{\"@type\":\"ListItem\",\"position\":2,\"name\":\"FORMULARIO DE PRE REGISTRO\"}]}]}<\/script>\n<!-- \/ Yoast SEO plugin. -->","yoast_head_json":{"title":"FORMULARIO DE PRE REGISTRO - Tec de Mexico","robots":{"index":"index","follow":"follow","max-snippet":"max-snippet:-1","max-image-preview":"max-image-preview:large","max-video-preview":"max-video-preview:-1"},"canonical":"https:\/\/tecdemexico.edu.mx\/?page_id=5711","og_locale":"es_ES","og_type":"article","og_title":"FORMULARIO DE PRE REGISTRO - Tec de Mexico","og_description":"[vc_row equal_height=\u00bbyes\u00bb css=\u00bb.vc_custom_1580214456726{padding-top: 80px !important;padding-bottom: 20px !important;}\u00bb][vc_column width=\u00bb1\/2&#8243; offset=\u00bbvc_col-xs-12&#8243; css=\u00bb.vc_custom_1654451855459{padding-bottom: 60px !important;}\u00bb][vc_column_text css=\u00bb.vc_custom_1653934113825{padding-bottom: 30px !important;}\u00bb]No olvides darte una vuelta por nuestras redes sociales, para que est\u00e9s al tanto de todas las novedades que el Colegio Tecnol\u00f3gico de M\u00e9xico tiene preparadas para ti.[\/vc_column_text][\/vc_column][vc_column width=\u00bb1\/2&#8243; css=\u00bb.vc_custom_1654451872507{padding-bottom: 60px !important;}\u00bb][\/vc_column][\/vc_row]","og_url":"https:\/\/tecdemexico.edu.mx\/?page_id=5711","og_site_name":"Tec de Mexico","article_modified_time":"2022-07-07T16:31:55+00:00","twitter_card":"summary_large_image","twitter_misc":{"Tiempo de lectura":"1 minuto"},"schema":{"@context":"https:\/\/schema.org","@graph":[{"@type":"WebSite","@id":"https:\/\/tecdemexico.edu.mx\/#website","url":"https:\/\/tecdemexico.edu.mx\/","name":"Tec de Mexico","description":"Colegio Tecnol\u00f3gico de M\u00e9xico","potentialAction":[{"@type":"SearchAction","target":{"@type":"EntryPoint","urlTemplate":"https:\/\/tecdemexico.edu.mx\/?s={search_term_string}"},"query-input":"required name=search_term_string"}],"inLanguage":"es"},{"@type":"WebPage","@id":"https:\/\/tecdemexico.edu.mx\/?page_id=5711#webpage","url":"https:\/\/tecdemexico.edu.mx\/?page_id=5711","name":"FORMULARIO DE PRE REGISTRO - Tec de Mexico","isPartOf":{"@id":"https:\/\/tecdemexico.edu.mx\/#website"},"datePublished":"2022-06-05T15:51:59+00:00","dateModified":"2022-07-07T16:31:55+00:00","breadcrumb":{"@id":"https:\/\/tecdemexico.edu.mx\/?page_id=5711#breadcrumb"},"inLanguage":"es","potentialAction":[{"@type":"ReadAction","target":["https:\/\/tecdemexico.edu.mx\/?page_id=5711"]}]},{"@type":"BreadcrumbList","@id":"https:\/\/tecdemexico.edu.mx\/?page_id=5711#breadcrumb","itemListElement":[{"@type":"ListItem","position":1,"name":"Portada","item":"https:\/\/tecdemexico.edu.mx\/"},{"@type":"ListItem","position":2,"name":"FORMULARIO DE PRE REGISTRO"}]}]}},"_links":{"self":[{"href":"https:\/\/tecdemexico.edu.mx\/index.php?rest_route=\/wp\/v2\/pages\/5711","targetHints":{"allow":["GET"]}}],"collection":[{"href":"https:\/\/tecdemexico.edu.mx\/index.php?rest_route=\/wp\/v2\/pages"}],"about":[{"href":"https:\/\/tecdemexico.edu.mx\/index.php?rest_route=\/wp\/v2\/types\/page"}],"author":[{"embeddable":true,"href":"https:\/\/tecdemexico.edu.mx\/index.php?rest_route=\/wp\/v2\/users\/1"}],"replies":[{"embeddable":true,"href":"https:\/\/tecdemexico.edu.mx\/index.php?rest_route=%2Fwp%2Fv2%2Fcomments&post=5711"}],"version-history":[{"count":11,"href":"https:\/\/tecdemexico.edu.mx\/index.php?rest_route=\/wp\/v2\/pages\/5711\/revisions"}],"predecessor-version":[{"id":6162,"href":"https:\/\/tecdemexico.edu.mx\/index.php?rest_route=\/wp\/v2\/pages\/5711\/revisions\/6162"}],"wp:attachment":[{"href":"https:\/\/tecdemexico.edu.mx\/index.php?rest_route=%2Fwp%2Fv2%2Fmedia&parent=5711"}],"curies":[{"name":"wp","href":"https:\/\/api.w.org\/{rel}","templated":true}]}}