{"id":5924,"date":"2022-06-06T18:33:54","date_gmt":"2022-06-07T00:33:54","guid":{"rendered":"https:\/\/dev.tecdemexico.edu.mx\/?page_id=5924"},"modified":"2022-07-01T20:10:19","modified_gmt":"2022-07-02T02:10:19","slug":"mercadotecnia-2","status":"publish","type":"page","link":"https:\/\/tecdemexico.edu.mx\/?page_id=5924","title":{"rendered":"MERCADOTECNIA"},"content":{"rendered":"<p>[vc_row type=\u00bbvc_default\u00bb][vc_column css=\u00bb.vc_custom_1498229431694{padding-bottom: 50px !important;}\u00bb]<div id=\"ultimate-heading-966869dec6e540a56\" class=\"uvc-heading ult-adjust-bottom-margin ultimate-heading-966869dec6e540a56 uvc-8309 \" data-hspacer=\"no_spacer\"  data-halign=\"left\" style=\"text-align:left\"><div class=\"uvc-heading-spacer no_spacer\" style=\"top\"><\/div><div class=\"uvc-main-heading ult-responsive\"  data-ultimate-target='.uvc-heading.ultimate-heading-966869dec6e540a56 h2'  data-responsive-json-new='{\"font-size\":\"desktop:26px;\",\"line-height\":\"desktop:32px;\"}' ><h2 style=\"font-weight:bold;margin-bottom:20px;\">BENEFICIOS DE LA LICENCIATURA EN MERCADOTECNIA<\/h2><\/div><\/div>[vc_column_text]<\/p>\n<h2 class=\"p1\"><span style=\"color: #ffb536;\"><strong>A-<span style=\"color: #ffb536;\">RVOE<\/span>&#8211;<\/strong>20080904<\/span><\/h2>\n<p class=\"p1\">El licenciado en mercadotecnia es un profesionista experto en dirigir, asesorar y ejecutar todas aquellas actividades que est\u00e1n directamente relacionadas con las \u00e1reas de mercadotecnia, ventas y publicidad, permitiendo la optimizaci\u00f3n de recursos y elementos que intervienen en el proceso de comercializaci\u00f3n y distribuci\u00f3n de los bienes y servicios que se producen dentro de una empresa, su desempe\u00f1o profesional facilita la relaci\u00f3n de los productores, as\u00ed como, de los consumidores de productos y servicios.<\/p>\n<p>[\/vc_column_text]<div id=\"ultimate-heading-858869dec6e540aa1\" class=\"uvc-heading ult-adjust-bottom-margin ultimate-heading-858869dec6e540aa1 uvc-8076 \" data-hspacer=\"no_spacer\"  data-halign=\"left\" style=\"text-align:left\"><div class=\"uvc-heading-spacer no_spacer\" style=\"top\"><\/div><div class=\"uvc-main-heading ult-responsive\"  data-ultimate-target='.uvc-heading.ultimate-heading-858869dec6e540aa1 h2'  data-responsive-json-new='{\"font-size\":\"desktop:26px;\",\"line-height\":\"desktop:32px;\"}' ><h2 style=\"font-weight:bold;margin-bottom:20px;\">NUESTRA OFERTA<\/h2><\/div><\/div><div class=\"smile_icon_list_wrap ult_info_list_container ult-adjust-bottom-margin   vc_custom_1498230419199\"><ul class=\"smile_icon_list left hexagon\"><li class=\"icon_list_item\" style=\" font-size:60px;\"><div class=\"icon_list_icon\" data-animation=\"\" data-animation-delay=\"03\" style=\"font-size:20px;background:#ffb536;color:#ffffff;border-color:#ffb536;\"><i class=\"fas fa-book-reader\" ><\/i><\/div><div class=\"icon_description\" id=\"Info-list-wrap-8155\" style=\"font-size:20px;\"><h3 class=\"ult-responsive info-list-heading\"  data-ultimate-target='#Info-list-wrap-8155 h3'  data-responsive-json-new='{\"font-size\":\"desktop:16px;\",\"line-height\":\"desktop:22px;\"}'  style=\"font-family:&#039;Open Sans Condensed&#039;;font-weight:700;\">1. Aprender\u00e1s:<\/h3><div class=\"icon_description_text ult-responsive\"  data-ultimate-target='#Info-list-wrap-8155 .icon_description_text'  data-responsive-json-new='{\"font-size\":\"desktop:12px;\",\"line-height\":\"desktop:20px;\"}'  style=\"\"><p class=\"p1\">Planear, organizar, dirigir y controlar las actividades en el campo comercial de toda organizaci\u00f3n p\u00fablica o privada, evaluando la factibilidad de los proyectos; Administrar las ventas, desde su inicio con el pedido, hasta la entrega al cliente; Planear y desarrollar productos desde su determinaci\u00f3n mercadol\u00f3gica, hasta su lanzamiento e introducci\u00f3n al mercado, utilizando t\u00e9cnicas innovadoras de informaci\u00f3n y comunicaciones; Investigar las tendencias del mercado con una visi\u00f3n integradora nacional e internacional desde su planeaci\u00f3n, organizaci\u00f3n, trabajo de campo, representaci\u00f3n de resultados y toma de decisiones; Realizar acciones de publicidad y promoci\u00f3n, as\u00ed como de apoyo a las ventas desde la concepci\u00f3n estrat\u00e9gica y orientada mercadol\u00f3gica.<\/p>\n<\/div><\/div><div class=\"icon_list_connector\"  style=\"border-right-width: 1px;border-right-style: dashed;border-color: #ffb536;\"><\/div><\/li><li class=\"icon_list_item\" style=\" font-size:60px;\"><div class=\"icon_list_icon\" data-animation=\"\" data-animation-delay=\"03\" style=\"font-size:20px;background:#ffb536;color:#ffffff;border-color:#ffb536;\"><i class=\"fas fa-user-check\" ><\/i><\/div><div class=\"icon_description\" id=\"Info-list-wrap-5053\" style=\"font-size:20px;\"><h3 class=\"ult-responsive info-list-heading\"  data-ultimate-target='#Info-list-wrap-5053 h3'  data-responsive-json-new='{\"font-size\":\"desktop:16px;\",\"line-height\":\"desktop:22px;\"}'  style=\"font-family:&#039;Open Sans Condensed&#039;;font-weight:700;\">2. Actitudes:<\/h3><div class=\"icon_description_text ult-responsive\"  data-ultimate-target='#Info-list-wrap-5053 .icon_description_text'  data-responsive-json-new='{\"font-size\":\"desktop:12px;\",\"line-height\":\"desktop:20px;\"}'  style=\"\"><ul>\n<li>\n<p class=\"p1\">De respeto y compromiso en el aspecto social, profesional y personal, ya que la \u00e9tica profesional es la norma que regula su desempe\u00f1o y lo hace prevalecer ante cualquier circunstancia.<\/p>\n<\/li>\n<li>\n<p class=\"p1\">De servicio las relaciones laborales en una organizaci\u00f3n son implicaciones de servicio mutuo en tanto que coparticipan en la consecuci\u00f3n de los objetivos organizacionales.<\/p>\n<\/li>\n<li>\n<p class=\"p1\">De aprendizaje permanente se remarca la importancia de su actualizaci\u00f3n mediante el proceso de ense\u00f1anza-aprendizaje o la lectura constante de art\u00edculos y libros de reciente aparici\u00f3n para incorporarlos a su desempe\u00f1o.<\/p>\n<\/li>\n<li>\n<p class=\"p1\">De responsabilidad.<\/p>\n<\/li>\n<li>\n<p class=\"p1\">De an\u00e1lisis y reflexi\u00f3n.<\/p>\n<\/li>\n<li>\n<p class=\"p1\">Propositiva en su desempe\u00f1o.<\/p>\n<\/li>\n<\/ul>\n<\/div><\/div><div class=\"icon_list_connector\"  style=\"border-right-width: 1px;border-right-style: dashed;border-color: #ffb536;\"><\/div><\/li><\/ul><\/div>[vc_empty_space]<div id=\"ultimate-heading-504069dec6e540cd9\" class=\"uvc-heading ult-adjust-bottom-margin ultimate-heading-504069dec6e540cd9 uvc-1819 \" data-hspacer=\"no_spacer\"  data-halign=\"left\" style=\"text-align:left\"><div class=\"uvc-heading-spacer no_spacer\" style=\"top\"><\/div><div class=\"uvc-main-heading ult-responsive\"  data-ultimate-target='.uvc-heading.ultimate-heading-504069dec6e540cd9 h2'  data-responsive-json-new='{\"font-size\":\"desktop:26px;\",\"line-height\":\"desktop:32px;\"}' ><h2 style=\"font-weight:bold;margin-bottom:20px;\">PERFIL DE EGRESADO<\/h2><\/div><\/div><div class=\"smile_icon_list_wrap ult_info_list_container ult-adjust-bottom-margin   vc_custom_1498230419199\"><ul class=\"smile_icon_list left hexagon\"><li class=\"icon_list_item\" style=\" font-size:60px;\"><div class=\"icon_list_icon\" data-animation=\"\" data-animation-delay=\"03\" style=\"font-size:20px;background:#ffb536;color:#ffffff;border-color:#ffb536;\"><i class=\"fas fa-lightbulb\" ><\/i><\/div><div class=\"icon_description\" id=\"Info-list-wrap-2256\" style=\"font-size:20px;\"><h3 class=\"ult-responsive info-list-heading\"  data-ultimate-target='#Info-list-wrap-2256 h3'  data-responsive-json-new='{\"font-size\":\"desktop:16px;\",\"line-height\":\"desktop:22px;\"}'  style=\"font-family:&#039;Open Sans Condensed&#039;;font-weight:700;\">1. Contar\u00e1 con conocimientos que le permitan:<\/h3><div class=\"icon_description_text ult-responsive\"  data-ultimate-target='#Info-list-wrap-2256 .icon_description_text'  data-responsive-json-new='{\"font-size\":\"desktop:12px;\",\"line-height\":\"desktop:20px;\"}'  style=\"\"><ul>\n<li class=\"p1\">Planear, organizar, dirigir y controlar las actividades en el campo comercial de toda organizaci\u00f3n p\u00fablica o privada evaluando la factibilidad de los proyectos.<\/li>\n<li class=\"p1\">Administrar las ventas dese su inicio, con el pedido, hasta la entrega al cliente.<\/li>\n<li class=\"p1\">Planear y desarrollar productos desde su determinaci\u00f3n mercadol\u00f3gica hasta su lanzamiento e introducci\u00f3n al mercado, utilizando las t\u00e9cnicas modernas de informaci\u00f3n y comunicaciones.<\/li>\n<li class=\"p1\">Investigar las tendencias del mercado con una visi\u00f3n integradora nacional e internacional desde su planeaci\u00f3n, organizaci\u00f3n, trabajo de cano, representaci\u00f3n de resultados y toma de decisiones.<\/li>\n<li class=\"p1\">Realizar acciones de publicidad y promoci\u00f3n , como de apoyo a las ventas desde concepci\u00f3n estrat\u00e9gica y orientada mercadol\u00f3gica, hasta la realizaci\u00f3n misma.<\/li>\n<li class=\"p1\">Desarrollar una actitud cr\u00edtica que le permita aplicar los conocimientos adquiridos para satisfacer necesidades sociales.<\/li>\n<li class=\"p1\">Manejar adecuadamente la metodolog\u00eda de investigaci\u00f3n para realizar investigaci\u00f3n y fundamentar sus decisiones dentro de la mercadotecnia.<\/li>\n<li class=\"p1\">Dise\u00f1ar los m\u00e9todos y procedimientos para el desarrollo de las relaciones comerciales de las organizaciones y los consumidores.<\/li>\n<li class=\"p1\">Para la venta de productos y servicios desde su contacto inicial hasta su cierre con el cliente, con una m\u00edstica de servicio y valores \u00e9ticos.<\/li>\n<li class=\"p1\">Aplicar la capacidad de liderazgo y visi\u00f3n emprendedora dentro de su desarrollo laboral, dominar un segundo idioma para mantenerse actualizado.<\/li>\n<\/ul>\n<\/div><\/div><div class=\"icon_list_connector\"  style=\"border-right-width: 1px;border-right-style: dashed;border-color: #ffb536;\"><\/div><\/li><li class=\"icon_list_item\" style=\" font-size:60px;\"><div class=\"icon_list_icon\" data-animation=\"\" data-animation-delay=\"03\" style=\"font-size:20px;background:#ffb536;color:#ffffff;border-color:#ffb536;\"><i class=\"fas fa-cogs\" ><\/i><\/div><div class=\"icon_description\" id=\"Info-list-wrap-4291\" style=\"font-size:20px;\"><h3 class=\"ult-responsive info-list-heading\"  data-ultimate-target='#Info-list-wrap-4291 h3'  data-responsive-json-new='{\"font-size\":\"desktop:16px;\",\"line-height\":\"desktop:22px;\"}'  style=\"font-family:&#039;Open Sans Condensed&#039;;font-weight:700;\">2. Contar\u00e1 con habilidades para:<\/h3><div class=\"icon_description_text ult-responsive\"  data-ultimate-target='#Info-list-wrap-4291 .icon_description_text'  data-responsive-json-new='{\"font-size\":\"desktop:12px;\",\"line-height\":\"desktop:20px;\"}'  style=\"\"><ul>\n<li class=\"p1\">Desarrollar una visi\u00f3n integral sobre los objetivos de las organizaciones y sus estrategias.<\/li>\n<li class=\"p1\">Aplicar los conocimientos adquiridos en forma cr\u00edtica, en su ejercicio profesional.<\/li>\n<li class=\"p1\">Asesorar en el dise\u00f1o e implantaci\u00f3n de sistemas y modelos de comercializaci\u00f3n de los productos.<\/li>\n<li class=\"p1\">Operar sistemas de c\u00f3mputo y comunicaci\u00f3n para el procesamiento de la informaci\u00f3n y aplicar sus beneficios dentro de las relaciones comerciales dentro de los productores y consumidores.<\/li>\n<li class=\"p1\">Fundamentar la toma de decisiones de la comercializaci\u00f3n, bas\u00e1ndose en el an\u00e1lisis de informaci\u00f3n.<\/li>\n<\/ul>\n<\/div><\/div><div class=\"icon_list_connector\"  style=\"border-right-width: 1px;border-right-style: dashed;border-color: #ffb536;\"><\/div><\/li><\/ul><\/div>[vc_empty_space]<div id=\"ultimate-heading-949869dec6e540e32\" class=\"uvc-heading ult-adjust-bottom-margin ultimate-heading-949869dec6e540e32 uvc-837 \" data-hspacer=\"no_spacer\"  data-halign=\"left\" style=\"text-align:left\"><div class=\"uvc-heading-spacer no_spacer\" style=\"top\"><\/div><div class=\"uvc-main-heading ult-responsive\"  data-ultimate-target='.uvc-heading.ultimate-heading-949869dec6e540e32 h2'  data-responsive-json-new='{\"font-size\":\"desktop:26px;\",\"line-height\":\"desktop:32px;\"}' ><h2 style=\"font-weight:bold;margin-bottom:20px;\">CONOCE NUESTRO PLAN DE ESTUDIO<\/h2><\/div><\/div><div class=\"standard-number-list bullet-top\"><ul>\n<li><a href=\"https:\/\/tecdemexico.edu.mx\/wp-content\/uploads\/2022\/05\/MERCADOTECNIA-SEP.pdf\" target=\"_blank\" rel=\"noopener\">Descarga formato PDF<\/a><\/li>\n<\/ul>\n<\/div>[\/vc_column][\/vc_row]<\/p>\n","protected":false},"excerpt":{"rendered":"<p>[vc_row type=\u00bbvc_default\u00bb][vc_column css=\u00bb.vc_custom_1498229431694{padding-bottom: 50px !important;}\u00bb][vc_column_text] A-RVOE&#8211;20080904 El licenciado en mercadotecnia es un profesionista experto en dirigir, asesorar y ejecutar todas aquellas actividades que est\u00e1n directamente relacionadas con las \u00e1reas de mercadotecnia, ventas y publicidad, permitiendo la optimizaci\u00f3n de recursos y elementos que intervienen en el proceso de comercializaci\u00f3n y distribuci\u00f3n de los bienes y servicios&hellip;<\/p>\n","protected":false},"author":1,"featured_media":0,"parent":0,"menu_order":100,"comment_status":"closed","ping_status":"closed","template":"","meta":{"om_disable_all_campaigns":false,"_monsterinsights_skip_tracking":false,"_monsterinsights_sitenote_active":false,"_monsterinsights_sitenote_note":"","_monsterinsights_sitenote_category":0,"footnotes":""},"class_list":["post-5924","page","type-page","status-publish","hentry","description-off"],"yoast_head":"<!-- This site is optimized with the Yoast SEO plugin v19.1 - https:\/\/yoast.com\/wordpress\/plugins\/seo\/ -->\n<title>MERCADOTECNIA - Tec de Mexico<\/title>\n<meta name=\"robots\" content=\"index, follow, max-snippet:-1, max-image-preview:large, max-video-preview:-1\" \/>\n<link rel=\"canonical\" href=\"https:\/\/tecdemexico.edu.mx\/?page_id=5924\" \/>\n<meta property=\"og:locale\" content=\"es_ES\" \/>\n<meta property=\"og:type\" content=\"article\" \/>\n<meta property=\"og:title\" content=\"MERCADOTECNIA - Tec de Mexico\" \/>\n<meta property=\"og:description\" content=\"[vc_row type=\u00bbvc_default\u00bb][vc_column css=\u00bb.vc_custom_1498229431694{padding-bottom: 50px !important;}\u00bb][vc_column_text] A-RVOE&#8211;20080904 El licenciado en mercadotecnia es un profesionista experto en dirigir, asesorar y ejecutar todas aquellas actividades que est\u00e1n directamente relacionadas con las \u00e1reas de mercadotecnia, ventas y publicidad, permitiendo la optimizaci\u00f3n de recursos y elementos que intervienen en el proceso de comercializaci\u00f3n y distribuci\u00f3n de los bienes y servicios&hellip;\" \/>\n<meta property=\"og:url\" content=\"https:\/\/tecdemexico.edu.mx\/?page_id=5924\" \/>\n<meta property=\"og:site_name\" content=\"Tec de Mexico\" \/>\n<meta property=\"article:modified_time\" content=\"2022-07-02T02:10:19+00:00\" \/>\n<meta name=\"twitter:card\" content=\"summary_large_image\" \/>\n<meta name=\"twitter:label1\" content=\"Tiempo de lectura\" \/>\n\t<meta name=\"twitter:data1\" content=\"4 minutos\" \/>\n<script type=\"application\/ld+json\" class=\"yoast-schema-graph\">{\"@context\":\"https:\/\/schema.org\",\"@graph\":[{\"@type\":\"WebSite\",\"@id\":\"https:\/\/tecdemexico.edu.mx\/#website\",\"url\":\"https:\/\/tecdemexico.edu.mx\/\",\"name\":\"Tec de Mexico\",\"description\":\"Colegio Tecnol\u00f3gico de M\u00e9xico\",\"potentialAction\":[{\"@type\":\"SearchAction\",\"target\":{\"@type\":\"EntryPoint\",\"urlTemplate\":\"https:\/\/tecdemexico.edu.mx\/?s={search_term_string}\"},\"query-input\":\"required name=search_term_string\"}],\"inLanguage\":\"es\"},{\"@type\":\"WebPage\",\"@id\":\"https:\/\/tecdemexico.edu.mx\/?page_id=5924#webpage\",\"url\":\"https:\/\/tecdemexico.edu.mx\/?page_id=5924\",\"name\":\"MERCADOTECNIA - Tec de Mexico\",\"isPartOf\":{\"@id\":\"https:\/\/tecdemexico.edu.mx\/#website\"},\"datePublished\":\"2022-06-07T00:33:54+00:00\",\"dateModified\":\"2022-07-02T02:10:19+00:00\",\"breadcrumb\":{\"@id\":\"https:\/\/tecdemexico.edu.mx\/?page_id=5924#breadcrumb\"},\"inLanguage\":\"es\",\"potentialAction\":[{\"@type\":\"ReadAction\",\"target\":[\"https:\/\/tecdemexico.edu.mx\/?page_id=5924\"]}]},{\"@type\":\"BreadcrumbList\",\"@id\":\"https:\/\/tecdemexico.edu.mx\/?page_id=5924#breadcrumb\",\"itemListElement\":[{\"@type\":\"ListItem\",\"position\":1,\"name\":\"Portada\",\"item\":\"https:\/\/tecdemexico.edu.mx\/\"},{\"@type\":\"ListItem\",\"position\":2,\"name\":\"MERCADOTECNIA\"}]}]}<\/script>\n<!-- \/ Yoast SEO plugin. -->","yoast_head_json":{"title":"MERCADOTECNIA - Tec de Mexico","robots":{"index":"index","follow":"follow","max-snippet":"max-snippet:-1","max-image-preview":"max-image-preview:large","max-video-preview":"max-video-preview:-1"},"canonical":"https:\/\/tecdemexico.edu.mx\/?page_id=5924","og_locale":"es_ES","og_type":"article","og_title":"MERCADOTECNIA - Tec de Mexico","og_description":"[vc_row type=\u00bbvc_default\u00bb][vc_column css=\u00bb.vc_custom_1498229431694{padding-bottom: 50px !important;}\u00bb][vc_column_text] A-RVOE&#8211;20080904 El licenciado en mercadotecnia es un profesionista experto en dirigir, asesorar y ejecutar todas aquellas actividades que est\u00e1n directamente relacionadas con las \u00e1reas de mercadotecnia, ventas y publicidad, permitiendo la optimizaci\u00f3n de recursos y elementos que intervienen en el proceso de comercializaci\u00f3n y distribuci\u00f3n de los bienes y servicios&hellip;","og_url":"https:\/\/tecdemexico.edu.mx\/?page_id=5924","og_site_name":"Tec de Mexico","article_modified_time":"2022-07-02T02:10:19+00:00","twitter_card":"summary_large_image","twitter_misc":{"Tiempo de lectura":"4 minutos"},"schema":{"@context":"https:\/\/schema.org","@graph":[{"@type":"WebSite","@id":"https:\/\/tecdemexico.edu.mx\/#website","url":"https:\/\/tecdemexico.edu.mx\/","name":"Tec de Mexico","description":"Colegio Tecnol\u00f3gico de M\u00e9xico","potentialAction":[{"@type":"SearchAction","target":{"@type":"EntryPoint","urlTemplate":"https:\/\/tecdemexico.edu.mx\/?s={search_term_string}"},"query-input":"required name=search_term_string"}],"inLanguage":"es"},{"@type":"WebPage","@id":"https:\/\/tecdemexico.edu.mx\/?page_id=5924#webpage","url":"https:\/\/tecdemexico.edu.mx\/?page_id=5924","name":"MERCADOTECNIA - Tec de Mexico","isPartOf":{"@id":"https:\/\/tecdemexico.edu.mx\/#website"},"datePublished":"2022-06-07T00:33:54+00:00","dateModified":"2022-07-02T02:10:19+00:00","breadcrumb":{"@id":"https:\/\/tecdemexico.edu.mx\/?page_id=5924#breadcrumb"},"inLanguage":"es","potentialAction":[{"@type":"ReadAction","target":["https:\/\/tecdemexico.edu.mx\/?page_id=5924"]}]},{"@type":"BreadcrumbList","@id":"https:\/\/tecdemexico.edu.mx\/?page_id=5924#breadcrumb","itemListElement":[{"@type":"ListItem","position":1,"name":"Portada","item":"https:\/\/tecdemexico.edu.mx\/"},{"@type":"ListItem","position":2,"name":"MERCADOTECNIA"}]}]}},"_links":{"self":[{"href":"https:\/\/tecdemexico.edu.mx\/index.php?rest_route=\/wp\/v2\/pages\/5924","targetHints":{"allow":["GET"]}}],"collection":[{"href":"https:\/\/tecdemexico.edu.mx\/index.php?rest_route=\/wp\/v2\/pages"}],"about":[{"href":"https:\/\/tecdemexico.edu.mx\/index.php?rest_route=\/wp\/v2\/types\/page"}],"author":[{"embeddable":true,"href":"https:\/\/tecdemexico.edu.mx\/index.php?rest_route=\/wp\/v2\/users\/1"}],"replies":[{"embeddable":true,"href":"https:\/\/tecdemexico.edu.mx\/index.php?rest_route=%2Fwp%2Fv2%2Fcomments&post=5924"}],"version-history":[{"count":10,"href":"https:\/\/tecdemexico.edu.mx\/index.php?rest_route=\/wp\/v2\/pages\/5924\/revisions"}],"predecessor-version":[{"id":6146,"href":"https:\/\/tecdemexico.edu.mx\/index.php?rest_route=\/wp\/v2\/pages\/5924\/revisions\/6146"}],"wp:attachment":[{"href":"https:\/\/tecdemexico.edu.mx\/index.php?rest_route=%2Fwp%2Fv2%2Fmedia&parent=5924"}],"curies":[{"name":"wp","href":"https:\/\/api.w.org\/{rel}","templated":true}]}}