{"id":5933,"date":"2022-06-06T18:57:15","date_gmt":"2022-06-07T00:57:15","guid":{"rendered":"https:\/\/dev.tecdemexico.edu.mx\/?page_id=5933"},"modified":"2022-07-01T20:11:17","modified_gmt":"2022-07-02T02:11:17","slug":"contaduria-publica-2","status":"publish","type":"page","link":"https:\/\/tecdemexico.edu.mx\/?page_id=5933","title":{"rendered":"CONTADUR\u00cdA P\u00daBLICA"},"content":{"rendered":"<p>[vc_row type=\u00bbvc_default\u00bb][vc_column css=\u00bb.vc_custom_1498229431694{padding-bottom: 50px !important;}\u00bb]<div id=\"ultimate-heading-907669e08bbed0721\" class=\"uvc-heading ult-adjust-bottom-margin ultimate-heading-907669e08bbed0721 uvc-8550 \" data-hspacer=\"no_spacer\"  data-halign=\"left\" style=\"text-align:left\"><div class=\"uvc-heading-spacer no_spacer\" style=\"top\"><\/div><div class=\"uvc-main-heading ult-responsive\"  data-ultimate-target='.uvc-heading.ultimate-heading-907669e08bbed0721 h2'  data-responsive-json-new='{\"font-size\":\"desktop:26px;\",\"line-height\":\"desktop:32px;\"}' ><h2 style=\"font-weight:bold;margin-bottom:20px;\">BENEFICIOS DE LA LICENCIATURA EN CONTADUR\u00cdA P\u00daBLICA<\/h2><\/div><\/div>[vc_column_text]<\/p>\n<h2 class=\"p1\"><span style=\"color: #ffb536;\"><strong>A-RVOE-20080905<\/strong><\/span><\/h2>\n<p class=\"p1\">El Colegio Tecnol\u00f3gico de M\u00e9xico tiene como objetivo general en la licenciatura en contadur\u00eda p\u00fablica preparar profesionistas quienes a trav\u00e9s de la aplicaci\u00f3n de los conceptos b\u00e1sicos de la contabilidad y el uso de las herramientas y t\u00e9cnicas administrativas participaran en la organizaci\u00f3n, direcci\u00f3n y control de las actividades de las empresas comerciales, industriales y de servicios.<\/p>\n<p class=\"p1\">Y de acuerdo al dise\u00f1o de la carrera se dividen en los siguientes objetivos particulares por \u00e1reas de conocimiento.<\/p>\n<p>[\/vc_column_text]<div id=\"ultimate-heading-43469e08bbed0767\" class=\"uvc-heading ult-adjust-bottom-margin ultimate-heading-43469e08bbed0767 uvc-9074 \" data-hspacer=\"no_spacer\"  data-halign=\"left\" style=\"text-align:left\"><div class=\"uvc-heading-spacer no_spacer\" style=\"top\"><\/div><div class=\"uvc-main-heading ult-responsive\"  data-ultimate-target='.uvc-heading.ultimate-heading-43469e08bbed0767 h2'  data-responsive-json-new='{\"font-size\":\"desktop:26px;\",\"line-height\":\"desktop:32px;\"}' ><h2 style=\"font-weight:bold;margin-bottom:20px;\">NUESTRA OFERTA<\/h2><\/div><\/div><div class=\"smile_icon_list_wrap ult_info_list_container ult-adjust-bottom-margin   vc_custom_1498230419199\"><ul class=\"smile_icon_list left hexagon\"><li class=\"icon_list_item\" style=\" font-size:60px;\"><div class=\"icon_list_icon\" data-animation=\"\" data-animation-delay=\"03\" style=\"font-size:20px;background:#ffb536;color:#ffffff;border-color:#ffb536;\"><i class=\"fas fa-book-reader\" ><\/i><\/div><div class=\"icon_description\" id=\"Info-list-wrap-7960\" style=\"font-size:20px;\"><h3 class=\"ult-responsive info-list-heading\"  data-ultimate-target='#Info-list-wrap-7960 h3'  data-responsive-json-new='{\"font-size\":\"desktop:16px;\",\"line-height\":\"desktop:22px;\"}'  style=\"font-family:&#039;Open Sans Condensed&#039;;font-weight:700;\">1. Aprender\u00e1s:<\/h3><div class=\"icon_description_text ult-responsive\"  data-ultimate-target='#Info-list-wrap-7960 .icon_description_text'  data-responsive-json-new='{\"font-size\":\"desktop:12px;\",\"line-height\":\"desktop:20px;\"}'  style=\"\"><p class=\"p1\">Asesorar en materia contable, administrativa y financiera; Planear y desarrollar productos desde su determinaci\u00f3n mercadol\u00f3gica hasta su lanzamiento e introducci\u00f3n al mercado; Tomar y fundamentar decisiones financieras en la evaluaci\u00f3n y factibilidad de proyectos; Dise\u00f1ar procedimientos contables de acuerdo con las normas internacionales; Analizar e interpretar informaci\u00f3n financiera de una entidad con un nivel \u00e9tico.<\/p>\n<\/div><\/div><div class=\"icon_list_connector\"  style=\"border-right-width: 1px;border-right-style: dashed;border-color: #ffb536;\"><\/div><\/li><li class=\"icon_list_item\" style=\" font-size:60px;\"><div class=\"icon_list_icon\" data-animation=\"\" data-animation-delay=\"03\" style=\"font-size:20px;background:#ffb536;color:#ffffff;border-color:#ffb536;\"><i class=\"fas fa-user-check\" ><\/i><\/div><div class=\"icon_description\" id=\"Info-list-wrap-8119\" style=\"font-size:20px;\"><h3 class=\"ult-responsive info-list-heading\"  data-ultimate-target='#Info-list-wrap-8119 h3'  data-responsive-json-new='{\"font-size\":\"desktop:16px;\",\"line-height\":\"desktop:22px;\"}'  style=\"font-family:&#039;Open Sans Condensed&#039;;font-weight:700;\">2. Actitudes:<\/h3><div class=\"icon_description_text ult-responsive\"  data-ultimate-target='#Info-list-wrap-8119 .icon_description_text'  data-responsive-json-new='{\"font-size\":\"desktop:12px;\",\"line-height\":\"desktop:20px;\"}'  style=\"\"><ul>\n<li class=\"p1\">De respeto y compromiso en el aspecto social, profesionista y personal, ya que la \u00e9tica profesional es la norma que regula su desempe\u00f1o, y lo hace prevalente ante cualquier circunstancia.<\/li>\n<li class=\"p1\">De servicio. las relaciones laborales en una organizaci\u00f3n son implicaciones de servicio mutuo en tanto que coparticipan en la consecuci\u00f3n de lo objetivos organizacionales.<\/li>\n<li class=\"p1\">De aprendizaje permanente, se remarca la importancia de su actualizaci\u00f3n mediante el proceso de ense\u00f1anza- aprendizaje o la lectura constante de art\u00edculos y libros de reciente aparici\u00f3n para incorporarlos a su desempe\u00f1o.<\/li>\n<li class=\"p1\">De responsabilidad.<\/li>\n<li class=\"p1\">De an\u00e1lisis y reflexi\u00f3n.<\/li>\n<li class=\"p1\">Propositiva en su desempe\u00f1o.<\/li>\n<\/ul>\n<\/div><\/div><div class=\"icon_list_connector\"  style=\"border-right-width: 1px;border-right-style: dashed;border-color: #ffb536;\"><\/div><\/li><\/ul><\/div>[vc_empty_space]<div id=\"ultimate-heading-594169e08bbed09a0\" class=\"uvc-heading ult-adjust-bottom-margin ultimate-heading-594169e08bbed09a0 uvc-9363 \" data-hspacer=\"no_spacer\"  data-halign=\"left\" style=\"text-align:left\"><div class=\"uvc-heading-spacer no_spacer\" style=\"top\"><\/div><div class=\"uvc-main-heading ult-responsive\"  data-ultimate-target='.uvc-heading.ultimate-heading-594169e08bbed09a0 h2'  data-responsive-json-new='{\"font-size\":\"desktop:26px;\",\"line-height\":\"desktop:32px;\"}' ><h2 style=\"font-weight:bold;margin-bottom:20px;\">PERFIL DE EGRESADO<\/h2><\/div><\/div><div class=\"smile_icon_list_wrap ult_info_list_container ult-adjust-bottom-margin   vc_custom_1498230419199\"><ul class=\"smile_icon_list left hexagon\"><li class=\"icon_list_item\" style=\" font-size:60px;\"><div class=\"icon_list_icon\" data-animation=\"\" data-animation-delay=\"03\" style=\"font-size:20px;background:#ffb536;color:#ffffff;border-color:#ffb536;\"><i class=\"fas fa-lightbulb\" ><\/i><\/div><div class=\"icon_description\" id=\"Info-list-wrap-6620\" style=\"font-size:20px;\"><h3 class=\"ult-responsive info-list-heading\"  data-ultimate-target='#Info-list-wrap-6620 h3'  data-responsive-json-new='{\"font-size\":\"desktop:16px;\",\"line-height\":\"desktop:22px;\"}'  style=\"font-family:&#039;Open Sans Condensed&#039;;font-weight:700;\">1. Contar\u00e1 con conocimientos que le permitan:<\/h3><div class=\"icon_description_text ult-responsive\"  data-ultimate-target='#Info-list-wrap-6620 .icon_description_text'  data-responsive-json-new='{\"font-size\":\"desktop:12px;\",\"line-height\":\"desktop:20px;\"}'  style=\"\"><ul>\n<li class=\"p1\">Organizar grupos humanos para el logro de objetivos.<\/li>\n<li class=\"p1\">Asesorar en materia contable, fiscal, administrativa y financiera.<\/li>\n<li class=\"p1\">Planear y desarrollar productos desde su determinaci\u00f3n mercadol\u00f3gica hasta su lanzamiento e introducci\u00f3n al mercado, utilizando t\u00e9cnicas modernas de informaci\u00f3n y telecomunicaciones.<\/li>\n<li class=\"p1\">Fundamentar y tomar decisiones de car\u00e1cter financiero.<\/li>\n<li class=\"p1\">Utilizar equipos electr\u00f3nicos como herramienta de trabajo.<\/li>\n<li class=\"p1\">Tomar y fundamentar decisiones financieras en la evaluaci\u00f3n y factibilidad de proyectos.<\/li>\n<li class=\"p1\">Operar documentaci\u00f3n oficial y dise\u00f1ar procedimientos contables de acuerdo con las normas internacionales.<\/li>\n<li class=\"p1\">Utilizar sistemas de computaci\u00f3n y telecomunicaci\u00f3n.<\/li>\n<li class=\"p1\">Analizar e interpretar informaci\u00f3n financiera de una entidad con un nivel \u00e9tico.<\/li>\n<\/ul>\n<\/div><\/div><div class=\"icon_list_connector\"  style=\"border-right-width: 1px;border-right-style: dashed;border-color: #ffb536;\"><\/div><\/li><li class=\"icon_list_item\" style=\" font-size:60px;\"><div class=\"icon_list_icon\" data-animation=\"\" data-animation-delay=\"03\" style=\"font-size:20px;background:#ffb536;color:#ffffff;border-color:#ffb536;\"><i class=\"fas fa-cogs\" ><\/i><\/div><div class=\"icon_description\" id=\"Info-list-wrap-8498\" style=\"font-size:20px;\"><h3 class=\"ult-responsive info-list-heading\"  data-ultimate-target='#Info-list-wrap-8498 h3'  data-responsive-json-new='{\"font-size\":\"desktop:16px;\",\"line-height\":\"desktop:22px;\"}'  style=\"font-family:&#039;Open Sans Condensed&#039;;font-weight:700;\">2. Contar\u00e1 con habilidades para:<\/h3><div class=\"icon_description_text ult-responsive\"  data-ultimate-target='#Info-list-wrap-8498 .icon_description_text'  data-responsive-json-new='{\"font-size\":\"desktop:12px;\",\"line-height\":\"desktop:20px;\"}'  style=\"\"><ul>\n<li class=\"p1\">Captar y registrar con eficiencia, el origen y aplicaci\u00f3n de recursos en todas las transacciones que realicen las entidades en donde preste sus servicios.<\/li>\n<li class=\"p1\">Desarrollar una visi\u00f3n integral sobre os objetivos de las organizaciones y sus estrategias.<\/li>\n<li class=\"p1\">Aplicar los conocimientos adquiridos en forma cr\u00edtica en su ejercicio profesional.<\/li>\n<li class=\"p1\">Conducir grupos y participar\u00e1 en equipos multidisciplinarios para lograr los objetivos organizaciones.<\/li>\n<li class=\"p1\">Conducir con una visi\u00f3n emprendedora y creativa cualquier organismo social.<\/li>\n<li class=\"p1\">Operar sistemas de c\u00f3mputo y comunicaci\u00f3n para el procesamiento de la informaci\u00f3n y aplicar sus beneficios dentro de los organismos sociales.<\/li>\n<li class=\"p1\">Fundamentar la toma de decisiones financiera, bas\u00e1ndose en el an\u00e1lisis de informaci\u00f3n.<\/li>\n<li class=\"p1\">Desarrollar una actitud cr\u00edtica que le permita aplicar los conocimientos adquiridos para satisfacer necesidades sociales.<\/li>\n<\/ul>\n<\/div><\/div><div class=\"icon_list_connector\"  style=\"border-right-width: 1px;border-right-style: dashed;border-color: #ffb536;\"><\/div><\/li><\/ul><\/div>[vc_empty_space]<div id=\"ultimate-heading-51569e08bbed0af9\" class=\"uvc-heading ult-adjust-bottom-margin ultimate-heading-51569e08bbed0af9 uvc-7988 \" data-hspacer=\"no_spacer\"  data-halign=\"left\" style=\"text-align:left\"><div class=\"uvc-heading-spacer no_spacer\" style=\"top\"><\/div><div class=\"uvc-main-heading ult-responsive\"  data-ultimate-target='.uvc-heading.ultimate-heading-51569e08bbed0af9 h2'  data-responsive-json-new='{\"font-size\":\"desktop:26px;\",\"line-height\":\"desktop:32px;\"}' ><h2 style=\"font-weight:bold;margin-bottom:20px;\">CONOCE NUESTRO PLAN DE ESTUDIO<\/h2><\/div><\/div><div class=\"standard-number-list bullet-top\"><ul>\n<li><a href=\"https:\/\/tecdemexico.edu.mx\/wp-content\/uploads\/2022\/05\/CONTADURIA-SEP.pdf\" target=\"_blank\" rel=\"noopener\">Descarga formato PDF<\/a><\/li>\n<\/ul>\n<\/div>[\/vc_column][\/vc_row]<\/p>\n","protected":false},"excerpt":{"rendered":"<p>[vc_row type=\u00bbvc_default\u00bb][vc_column css=\u00bb.vc_custom_1498229431694{padding-bottom: 50px !important;}\u00bb][vc_column_text] A-RVOE-20080905 El Colegio Tecnol\u00f3gico de M\u00e9xico tiene como objetivo general en la licenciatura en contadur\u00eda p\u00fablica preparar profesionistas quienes a trav\u00e9s de la aplicaci\u00f3n de los conceptos b\u00e1sicos de la contabilidad y el uso de las herramientas y t\u00e9cnicas administrativas participaran en la organizaci\u00f3n, direcci\u00f3n y control de las actividades&hellip;<\/p>\n","protected":false},"author":1,"featured_media":0,"parent":0,"menu_order":100,"comment_status":"closed","ping_status":"closed","template":"","meta":{"om_disable_all_campaigns":false,"_monsterinsights_skip_tracking":false,"_monsterinsights_sitenote_active":false,"_monsterinsights_sitenote_note":"","_monsterinsights_sitenote_category":0,"footnotes":""},"class_list":["post-5933","page","type-page","status-publish","hentry","description-off"],"yoast_head":"<!-- This site is optimized with the Yoast SEO plugin v19.1 - https:\/\/yoast.com\/wordpress\/plugins\/seo\/ -->\n<title>CONTADUR\u00cdA P\u00daBLICA - Tec de Mexico<\/title>\n<meta name=\"robots\" content=\"index, follow, max-snippet:-1, max-image-preview:large, max-video-preview:-1\" \/>\n<link rel=\"canonical\" href=\"https:\/\/tecdemexico.edu.mx\/?page_id=5933\" \/>\n<meta property=\"og:locale\" content=\"es_ES\" \/>\n<meta property=\"og:type\" content=\"article\" \/>\n<meta property=\"og:title\" content=\"CONTADUR\u00cdA P\u00daBLICA - Tec de Mexico\" \/>\n<meta property=\"og:description\" content=\"[vc_row type=\u00bbvc_default\u00bb][vc_column css=\u00bb.vc_custom_1498229431694{padding-bottom: 50px !important;}\u00bb][vc_column_text] A-RVOE-20080905 El Colegio Tecnol\u00f3gico de M\u00e9xico tiene como objetivo general en la licenciatura en contadur\u00eda p\u00fablica preparar profesionistas quienes a trav\u00e9s de la aplicaci\u00f3n de los conceptos b\u00e1sicos de la contabilidad y el uso de las herramientas y t\u00e9cnicas administrativas participaran en la organizaci\u00f3n, direcci\u00f3n y control de las actividades&hellip;\" \/>\n<meta property=\"og:url\" content=\"https:\/\/tecdemexico.edu.mx\/?page_id=5933\" \/>\n<meta property=\"og:site_name\" content=\"Tec de Mexico\" \/>\n<meta property=\"article:modified_time\" content=\"2022-07-02T02:11:17+00:00\" \/>\n<meta name=\"twitter:card\" content=\"summary_large_image\" \/>\n<meta name=\"twitter:label1\" content=\"Tiempo de lectura\" \/>\n\t<meta name=\"twitter:data1\" content=\"3 minutos\" \/>\n<script type=\"application\/ld+json\" class=\"yoast-schema-graph\">{\"@context\":\"https:\/\/schema.org\",\"@graph\":[{\"@type\":\"WebSite\",\"@id\":\"https:\/\/tecdemexico.edu.mx\/#website\",\"url\":\"https:\/\/tecdemexico.edu.mx\/\",\"name\":\"Tec de Mexico\",\"description\":\"Colegio Tecnol\u00f3gico de M\u00e9xico\",\"potentialAction\":[{\"@type\":\"SearchAction\",\"target\":{\"@type\":\"EntryPoint\",\"urlTemplate\":\"https:\/\/tecdemexico.edu.mx\/?s={search_term_string}\"},\"query-input\":\"required name=search_term_string\"}],\"inLanguage\":\"es\"},{\"@type\":\"WebPage\",\"@id\":\"https:\/\/tecdemexico.edu.mx\/?page_id=5933#webpage\",\"url\":\"https:\/\/tecdemexico.edu.mx\/?page_id=5933\",\"name\":\"CONTADUR\u00cdA P\u00daBLICA - Tec de Mexico\",\"isPartOf\":{\"@id\":\"https:\/\/tecdemexico.edu.mx\/#website\"},\"datePublished\":\"2022-06-07T00:57:15+00:00\",\"dateModified\":\"2022-07-02T02:11:17+00:00\",\"breadcrumb\":{\"@id\":\"https:\/\/tecdemexico.edu.mx\/?page_id=5933#breadcrumb\"},\"inLanguage\":\"es\",\"potentialAction\":[{\"@type\":\"ReadAction\",\"target\":[\"https:\/\/tecdemexico.edu.mx\/?page_id=5933\"]}]},{\"@type\":\"BreadcrumbList\",\"@id\":\"https:\/\/tecdemexico.edu.mx\/?page_id=5933#breadcrumb\",\"itemListElement\":[{\"@type\":\"ListItem\",\"position\":1,\"name\":\"Portada\",\"item\":\"https:\/\/tecdemexico.edu.mx\/\"},{\"@type\":\"ListItem\",\"position\":2,\"name\":\"CONTADUR\u00cdA P\u00daBLICA\"}]}]}<\/script>\n<!-- \/ Yoast SEO plugin. -->","yoast_head_json":{"title":"CONTADUR\u00cdA P\u00daBLICA - Tec de Mexico","robots":{"index":"index","follow":"follow","max-snippet":"max-snippet:-1","max-image-preview":"max-image-preview:large","max-video-preview":"max-video-preview:-1"},"canonical":"https:\/\/tecdemexico.edu.mx\/?page_id=5933","og_locale":"es_ES","og_type":"article","og_title":"CONTADUR\u00cdA P\u00daBLICA - Tec de Mexico","og_description":"[vc_row type=\u00bbvc_default\u00bb][vc_column css=\u00bb.vc_custom_1498229431694{padding-bottom: 50px !important;}\u00bb][vc_column_text] A-RVOE-20080905 El Colegio Tecnol\u00f3gico de M\u00e9xico tiene como objetivo general en la licenciatura en contadur\u00eda p\u00fablica preparar profesionistas quienes a trav\u00e9s de la aplicaci\u00f3n de los conceptos b\u00e1sicos de la contabilidad y el uso de las herramientas y t\u00e9cnicas administrativas participaran en la organizaci\u00f3n, direcci\u00f3n y control de las actividades&hellip;","og_url":"https:\/\/tecdemexico.edu.mx\/?page_id=5933","og_site_name":"Tec de Mexico","article_modified_time":"2022-07-02T02:11:17+00:00","twitter_card":"summary_large_image","twitter_misc":{"Tiempo de lectura":"3 minutos"},"schema":{"@context":"https:\/\/schema.org","@graph":[{"@type":"WebSite","@id":"https:\/\/tecdemexico.edu.mx\/#website","url":"https:\/\/tecdemexico.edu.mx\/","name":"Tec de Mexico","description":"Colegio Tecnol\u00f3gico de M\u00e9xico","potentialAction":[{"@type":"SearchAction","target":{"@type":"EntryPoint","urlTemplate":"https:\/\/tecdemexico.edu.mx\/?s={search_term_string}"},"query-input":"required name=search_term_string"}],"inLanguage":"es"},{"@type":"WebPage","@id":"https:\/\/tecdemexico.edu.mx\/?page_id=5933#webpage","url":"https:\/\/tecdemexico.edu.mx\/?page_id=5933","name":"CONTADUR\u00cdA P\u00daBLICA - Tec de Mexico","isPartOf":{"@id":"https:\/\/tecdemexico.edu.mx\/#website"},"datePublished":"2022-06-07T00:57:15+00:00","dateModified":"2022-07-02T02:11:17+00:00","breadcrumb":{"@id":"https:\/\/tecdemexico.edu.mx\/?page_id=5933#breadcrumb"},"inLanguage":"es","potentialAction":[{"@type":"ReadAction","target":["https:\/\/tecdemexico.edu.mx\/?page_id=5933"]}]},{"@type":"BreadcrumbList","@id":"https:\/\/tecdemexico.edu.mx\/?page_id=5933#breadcrumb","itemListElement":[{"@type":"ListItem","position":1,"name":"Portada","item":"https:\/\/tecdemexico.edu.mx\/"},{"@type":"ListItem","position":2,"name":"CONTADUR\u00cdA P\u00daBLICA"}]}]}},"_links":{"self":[{"href":"https:\/\/tecdemexico.edu.mx\/index.php?rest_route=\/wp\/v2\/pages\/5933","targetHints":{"allow":["GET"]}}],"collection":[{"href":"https:\/\/tecdemexico.edu.mx\/index.php?rest_route=\/wp\/v2\/pages"}],"about":[{"href":"https:\/\/tecdemexico.edu.mx\/index.php?rest_route=\/wp\/v2\/types\/page"}],"author":[{"embeddable":true,"href":"https:\/\/tecdemexico.edu.mx\/index.php?rest_route=\/wp\/v2\/users\/1"}],"replies":[{"embeddable":true,"href":"https:\/\/tecdemexico.edu.mx\/index.php?rest_route=%2Fwp%2Fv2%2Fcomments&post=5933"}],"version-history":[{"count":10,"href":"https:\/\/tecdemexico.edu.mx\/index.php?rest_route=\/wp\/v2\/pages\/5933\/revisions"}],"predecessor-version":[{"id":6147,"href":"https:\/\/tecdemexico.edu.mx\/index.php?rest_route=\/wp\/v2\/pages\/5933\/revisions\/6147"}],"wp:attachment":[{"href":"https:\/\/tecdemexico.edu.mx\/index.php?rest_route=%2Fwp%2Fv2%2Fmedia&parent=5933"}],"curies":[{"name":"wp","href":"https:\/\/api.w.org\/{rel}","templated":true}]}}